{"id":1738,"date":"2016-03-16T17:37:43","date_gmt":"2016-03-16T16:37:43","guid":{"rendered":"http:\/\/beta.hotel-royal-antibes.com\/it\/spa\/"},"modified":"2022-11-17T15:03:26","modified_gmt":"2022-11-17T14:03:26","slug":"spa","status":"publish","type":"page","link":"https:\/\/beta.hotel-royal-antibes.com\/it\/spa\/","title":{"rendered":"Spa"},"content":{"rendered":"<p>[vc_row][vc_column][rev_slider_vc alias=&#8221;slider-spa&#8221;][\/vc_column][\/vc_row][vc_row][vc_column el_class=&#8221;title-page&#8221;][vc_column_text]<\/p>\n<h1 style=\"text-align: center;\">La Spa<\/h1>\n<p>[\/vc_column_text][\/vc_column][\/vc_row][vc_row gap=&#8221;30&#8243;][vc_column width=&#8221;2\/3&#8243;][vc_column_text]<\/p>\n<h3>La Royal Spa, un\u2019oasi di pace ad Antibes<\/h3>\n<p>In un luogo elegante e molto raffinato, ogni gesto \u00e8 stato pensato, ogni dettaglio \u00e8 stato concepito per offrirvi dei trattamenti personalizzati adatti alla vostra personalit\u00e0 e ai vostri desideri. I nostri terapeuti vi accoglieranno in un vero e proprio bozzolo di dolcezza situato nel cuore del ROYAL ANTIBES<i class=\" glyphicon glyphicon-star \" style=\"\"><\/i><i class=\" glyphicon glyphicon-star \" style=\"\"><\/i><i class=\" glyphicon glyphicon-star \" style=\"\"><\/i><i class=\" glyphicon glyphicon-star \" style=\"\"><\/i> Luxury Hotel, Residence Beach &amp; Spa.<\/p>\n<p>Come prova di qualit\u00e0 e tutela dell&#8217; ambiente la ROYAL SPA ha scelto come suo partner PHYTOMER , un marchio francese \u00a0rinomato per fare dei trattamenti con dei prodotti validi per svelare la bellezza naturale.<\/p>\n<p>Chiudete gli occhi, lasciatevi inebriare dai benefici del mare grazie ai suoi principi attivi marini.<\/p>\n<p>&nbsp;<\/p>\n<p>Venite a scoprire 150m\u00b2 interamente dedicati al relax composti da :<\/p>\n<ul>\n<li>Tre cabine di cui una cabina per i massaggi di coppia ;<\/li>\n<li>Un centro benessere che offre una sauna, un bagno turco e una jacuzzi;<\/li>\n<li>Una Palestra di 50m\u00b2 che propone degli attrezzi per il bodybuilding e il cardio-training ad alta tecnologia Techno gym\u2122.<\/li>\n<\/ul>\n<p>Avete bisogno di un consiglio o di un buono regalo? I nostri terapeuti sono a vostra completa disposizione per potervi guidare nella vostra scelta.<\/p>\n<p>&nbsp;<\/p>\n<button class=\"download-button\">Offerte speciali<\/button>\n<p><a href=\"https:\/\/beta.hotel-royal-antibes.com\/wp-content\/uploads\/2022\/08\/Brochure-spa.pdf\" target=\"_blank\" rel=\"noopener noreferrer\"><button class=\"download-button\">Scaricare la brochure<\/button><\/a>[\/vc_column_text][\/vc_column][vc_column width=&#8221;1\/3&#8243; el_class=&#8221;bg-gris-texture&#8221;][vc_column_text]<\/p>\n<p style=\"text-align: center;\"><img decoding=\"async\" class=\"alignnone size-full wp-image-536\" src=\"http:\/\/beta.hotel-royal-antibes.com\/wp-content\/uploads\/2016\/03\/picto-big-spa.png\" alt=\"picto-big-spa\" width=\"95\" height=\"69\" \/><\/p>\n<p style=\"text-align: center;\">Aperto 7\/7 10:00 &gt; 19:00<\/p>\n<p style=\"text-align: center;\"><em>50 min di accesso gratuito per tutte le prenotazioni di allogio<\/em><\/p>\n<p style=\"text-align: center;\">Accesso solo su appuntamento &#8211; a seconda della disponibilit\u00e0<\/p>\n<p style=\"text-align: center;\">Accessibile anche alla clientela esterna dal piano terra<\/p>\n<p style=\"text-align: center;\">Accesso non autorizzato alle persone che hanno meno di 16 anni.<\/p>\n<p style=\"text-align: center;\">Lo staff della ROYAL SPA<br \/>\nTel. <a href=\"tel:+33 (0)4 83 61 92 02\">+33 (0)4 83 61 92 02<\/a><br \/>\n<a href=\"mailto:spa@royal-antibes.com\">spa@royal-antibes.com<\/a><\/p>\n<p>[\/vc_column_text][\/vc_column][\/vc_row][vc_row][vc_column][vc_empty_space height=&#8221;30px&#8221;][vc_column_text]<\/p>\n<div class=\"h1\" ><span style=\"font-size: 24px;\">PRENDETEVI UNA PAUSA alla ROYAL SPA E \u2026<\/span><\/div>\n<p>[\/vc_column_text][\/vc_column][\/vc_row][vc_row][vc_column width=&#8221;1\/2&#8243;][vc_single_image image=&#8221;6674&#8243; img_size=&#8221;578&#215;238&#8243; alignment=&#8221;center&#8221; css_animation=&#8221;none&#8221;][vc_column_text]<\/p>\n<h2 style=\"text-align: center;\">PHYTOMER<\/h2>\n<p style=\"text-align: center;\">\u2026 Immergetevi nell\u2019universo sensoriale di PHYTOMER ispirato al mare.<\/p>\n<p style=\"text-align: center;\">Un&#8217; esperienza arrichita dai prodotti naturali e dalla precisione dei gesti per offrirvi un autentico relax del corpo e della mente.<\/p>\n<p>[\/vc_column_text][\/vc_column][vc_column width=&#8221;1\/2&#8243;][vc_single_image image=&#8221;543&#8243; img_size=&#8221;full&#8221; alignment=&#8221;center&#8221; css_animation=&#8221;none&#8221;][vc_column_text]<\/p>\n<h2 style=\"text-align: center;\">Spazio benessere<\/h2>\n<p style=\"text-align: center;\">\u2026 Venite a esplorare i nostri 150 m\u00b2 dedicati al benessere, con 3 sale per i trattamenti estetici, di cui una cabina doppia, una sala con la sauna, il bagno turco e la Jacuzzi, un&#8217; area relax e una palestra che propone degli attrezzi per il bodybuilding e il cardio-training.<\/p>\n<p>[\/vc_column_text][\/vc_column][\/vc_row][vc_row][vc_column][vc_empty_space height=&#8221;30px&#8221;][\/vc_column][\/vc_row][vc_row][vc_column width=&#8221;1\/3&#8243;][vc_single_image image=&#8221;547&#8243; img_size=&#8221;full&#8221; alignment=&#8221;center&#8221; css_animation=&#8221;none&#8221;][vc_column_text]<\/p>\n<h2 style=\"text-align: center;\">SALA fitness<\/h2>\n<p style=\"text-align: center;\">\u2026 Liberate il vostro corpo dalle tossine accumulate durante la vita di tutti i giorni. Il nostro fitness studio \u00e8 dotato di attrezzature per il bodybuilding ed il cardio-training del marchio Technogym : un marchio di rilievo per questa linea di prodotti.<\/p>\n<p>[\/vc_column_text][\/vc_column][vc_column width=&#8221;1\/3&#8243;][vc_single_image image=&#8221;541&#8243; img_size=&#8221;full&#8221; alignment=&#8221;center&#8221; css_animation=&#8221;none&#8221;][vc_column_text]<\/p>\n<h2 style=\"text-align: center;\">Bellezza<\/h2>\n<p style=\"text-align: center;\">\u2026 Venite a scoprire i nostri trattamenti di bellezza e le competenze dei nostri terapeuti che soddisferanno nello stesso luogo tutte le vostre esigenze. Per fare la manicure dei vostri sogni, abbiamo selezionato per voi il marchio OPI, che \u00e8 un altro esempio di marchio di rilievo.<\/p>\n<p>[\/vc_column_text][\/vc_column][vc_column width=&#8221;1\/3&#8243;][vc_single_image image=&#8221;549&#8243; img_size=&#8221;full&#8221; alignment=&#8221;center&#8221; onclick=&#8221;custom_link&#8221; css_animation=&#8221;none&#8221; link=&#8221;http:\/\/beta.hotel-royal-antibes.com\/offres-speciales\/&#8221;][vc_column_text]<\/p>\n<h2 style=\"text-align: center;\">Offerte speciali<\/h2>\n<p style=\"text-align: center;\">\u2026 Venite a farvi coccolare alla ROYAL SPA e\u2026<\/p>\n<p style=\"text-align: center;\">Approfittate delle offerte <u>privilegiate<\/u> che abbiamo pensato appositamente per voi, per le prossime settimane.<\/p>\n<p>[\/vc_column_text][\/vc_column][\/vc_row]<\/p>\n","protected":false},"excerpt":{"rendered":"<p>[vc_row][vc_column][rev_slider_vc alias=&#8221;slider-spa&#8221;][\/vc_column][\/vc_row][vc_row][vc_column el_class=&#8221;title-page&#8221;][vc_column_text] La Spa [\/vc_column_text][\/vc_column][\/vc_row][vc_row gap=&#8221;30&#8243;][vc_column width=&#8221;2\/3&#8243;][vc_column_text] La Royal Spa, un\u2019oasi di pace ad Antibes In un luogo elegante e molto raffinato, ogni gesto \u00e8 stato pensato, ogni dettaglio \u00e8 stato concepito per offrirvi dei trattamenti personalizzati adatti alla vostra personalit\u00e0 e ai vostri desideri. I nostri terapeuti vi accoglieranno in un vero e [&hellip;]<\/p>\n","protected":false},"author":4,"featured_media":0,"parent":0,"menu_order":0,"comment_status":"closed","ping_status":"closed","template":"","meta":{"_acf_changed":false,"footnotes":""},"class_list":["post-1738","page","type-page","status-publish","hentry"],"acf":[],"yoast_head":"<!-- This site is optimized with the Yoast SEO plugin v26.9 - https:\/\/yoast.com\/product\/yoast-seo-wordpress\/ -->\n<title>ROYAL SPA ha scelto Cinq Mondes per il suo centro benessere.<\/title>\n<meta name=\"description\" content=\"Hotel Royal Antibes mette a vostra disposizione il centro benessere e la Royal Spa interamente dedicata al relax: Sauna, Hammam e jacuzzi.\" \/>\n<meta name=\"robots\" content=\"index, follow, max-snippet:-1, max-image-preview:large, max-video-preview:-1\" \/>\n<link rel=\"canonical\" href=\"https:\/\/beta.hotel-royal-antibes.com\/it\/spa\/\" \/>\n<meta property=\"og:locale\" content=\"it_IT\" \/>\n<meta property=\"og:type\" content=\"article\" \/>\n<meta property=\"og:title\" content=\"ROYAL SPA ha scelto Cinq Mondes per il suo centro benessere.\" \/>\n<meta property=\"og:description\" content=\"Hotel Royal Antibes mette a vostra disposizione il centro benessere e la Royal Spa interamente dedicata al relax: Sauna, Hammam e jacuzzi.\" \/>\n<meta property=\"og:url\" content=\"https:\/\/beta.hotel-royal-antibes.com\/it\/spa\/\" \/>\n<meta property=\"og:site_name\" content=\"Royal Antibes\" \/>\n<meta property=\"article:modified_time\" content=\"2022-11-17T14:03:26+00:00\" \/>\n<meta property=\"og:image\" content=\"http:\/\/beta.hotel-royal-antibes.com\/wp-content\/uploads\/2016\/03\/picto-big-spa.png\" \/>\n<meta name=\"twitter:card\" content=\"summary_large_image\" \/>\n<meta name=\"twitter:label1\" content=\"Tempo di lettura stimato\" \/>\n\t<meta name=\"twitter:data1\" content=\"3 minuti\" \/>\n<script type=\"application\/ld+json\" class=\"yoast-schema-graph\">{\"@context\":\"https:\/\/schema.org\",\"@graph\":[{\"@type\":\"WebPage\",\"@id\":\"https:\/\/beta.hotel-royal-antibes.com\/it\/spa\/\",\"url\":\"https:\/\/beta.hotel-royal-antibes.com\/it\/spa\/\",\"name\":\"ROYAL SPA ha scelto Cinq Mondes per il suo centro benessere.\",\"isPartOf\":{\"@id\":\"https:\/\/beta.hotel-royal-antibes.com\/it\/#website\"},\"primaryImageOfPage\":{\"@id\":\"https:\/\/beta.hotel-royal-antibes.com\/it\/spa\/#primaryimage\"},\"image\":{\"@id\":\"https:\/\/beta.hotel-royal-antibes.com\/it\/spa\/#primaryimage\"},\"thumbnailUrl\":\"http:\/\/beta.hotel-royal-antibes.com\/wp-content\/uploads\/2016\/03\/picto-big-spa.png\",\"datePublished\":\"2016-03-16T16:37:43+00:00\",\"dateModified\":\"2022-11-17T14:03:26+00:00\",\"description\":\"Hotel Royal Antibes mette a vostra disposizione il centro benessere e la Royal Spa interamente dedicata al relax: Sauna, Hammam e jacuzzi.\",\"breadcrumb\":{\"@id\":\"https:\/\/beta.hotel-royal-antibes.com\/it\/spa\/#breadcrumb\"},\"inLanguage\":\"it-IT\",\"potentialAction\":[{\"@type\":\"ReadAction\",\"target\":[\"https:\/\/beta.hotel-royal-antibes.com\/it\/spa\/\"]}]},{\"@type\":\"ImageObject\",\"inLanguage\":\"it-IT\",\"@id\":\"https:\/\/beta.hotel-royal-antibes.com\/it\/spa\/#primaryimage\",\"url\":\"http:\/\/beta.hotel-royal-antibes.com\/wp-content\/uploads\/2016\/03\/picto-big-spa.png\",\"contentUrl\":\"http:\/\/beta.hotel-royal-antibes.com\/wp-content\/uploads\/2016\/03\/picto-big-spa.png\"},{\"@type\":\"BreadcrumbList\",\"@id\":\"https:\/\/beta.hotel-royal-antibes.com\/it\/spa\/#breadcrumb\",\"itemListElement\":[{\"@type\":\"ListItem\",\"position\":1,\"name\":\"Hotel Royal Antibes\",\"item\":\"https:\/\/beta.hotel-royal-antibes.com\/it\/\"},{\"@type\":\"ListItem\",\"position\":2,\"name\":\"Spa\"}]},{\"@type\":\"WebSite\",\"@id\":\"https:\/\/beta.hotel-royal-antibes.com\/it\/#website\",\"url\":\"https:\/\/beta.hotel-royal-antibes.com\/it\/\",\"name\":\"Royal Antibes\",\"description\":\"Luxury hotel in Antibes on French Riviera\",\"potentialAction\":[{\"@type\":\"SearchAction\",\"target\":{\"@type\":\"EntryPoint\",\"urlTemplate\":\"https:\/\/beta.hotel-royal-antibes.com\/it\/?s={search_term_string}\"},\"query-input\":{\"@type\":\"PropertyValueSpecification\",\"valueRequired\":true,\"valueName\":\"search_term_string\"}}],\"inLanguage\":\"it-IT\"}]}<\/script>\n<!-- \/ Yoast SEO plugin. -->","yoast_head_json":{"title":"ROYAL SPA ha scelto Cinq Mondes per il suo centro benessere.","description":"Hotel Royal Antibes mette a vostra disposizione il centro benessere e la Royal Spa interamente dedicata al relax: Sauna, Hammam e jacuzzi.","robots":{"index":"index","follow":"follow","max-snippet":"max-snippet:-1","max-image-preview":"max-image-preview:large","max-video-preview":"max-video-preview:-1"},"canonical":"https:\/\/beta.hotel-royal-antibes.com\/it\/spa\/","og_locale":"it_IT","og_type":"article","og_title":"ROYAL SPA ha scelto Cinq Mondes per il suo centro benessere.","og_description":"Hotel Royal Antibes mette a vostra disposizione il centro benessere e la Royal Spa interamente dedicata al relax: Sauna, Hammam e jacuzzi.","og_url":"https:\/\/beta.hotel-royal-antibes.com\/it\/spa\/","og_site_name":"Royal Antibes","article_modified_time":"2022-11-17T14:03:26+00:00","og_image":[{"url":"http:\/\/beta.hotel-royal-antibes.com\/wp-content\/uploads\/2016\/03\/picto-big-spa.png","type":"","width":"","height":""}],"twitter_card":"summary_large_image","twitter_misc":{"Tempo di lettura stimato":"3 minuti"},"schema":{"@context":"https:\/\/schema.org","@graph":[{"@type":"WebPage","@id":"https:\/\/beta.hotel-royal-antibes.com\/it\/spa\/","url":"https:\/\/beta.hotel-royal-antibes.com\/it\/spa\/","name":"ROYAL SPA ha scelto Cinq Mondes per il suo centro benessere.","isPartOf":{"@id":"https:\/\/beta.hotel-royal-antibes.com\/it\/#website"},"primaryImageOfPage":{"@id":"https:\/\/beta.hotel-royal-antibes.com\/it\/spa\/#primaryimage"},"image":{"@id":"https:\/\/beta.hotel-royal-antibes.com\/it\/spa\/#primaryimage"},"thumbnailUrl":"http:\/\/beta.hotel-royal-antibes.com\/wp-content\/uploads\/2016\/03\/picto-big-spa.png","datePublished":"2016-03-16T16:37:43+00:00","dateModified":"2022-11-17T14:03:26+00:00","description":"Hotel Royal Antibes mette a vostra disposizione il centro benessere e la Royal Spa interamente dedicata al relax: Sauna, Hammam e jacuzzi.","breadcrumb":{"@id":"https:\/\/beta.hotel-royal-antibes.com\/it\/spa\/#breadcrumb"},"inLanguage":"it-IT","potentialAction":[{"@type":"ReadAction","target":["https:\/\/beta.hotel-royal-antibes.com\/it\/spa\/"]}]},{"@type":"ImageObject","inLanguage":"it-IT","@id":"https:\/\/beta.hotel-royal-antibes.com\/it\/spa\/#primaryimage","url":"http:\/\/beta.hotel-royal-antibes.com\/wp-content\/uploads\/2016\/03\/picto-big-spa.png","contentUrl":"http:\/\/beta.hotel-royal-antibes.com\/wp-content\/uploads\/2016\/03\/picto-big-spa.png"},{"@type":"BreadcrumbList","@id":"https:\/\/beta.hotel-royal-antibes.com\/it\/spa\/#breadcrumb","itemListElement":[{"@type":"ListItem","position":1,"name":"Hotel Royal Antibes","item":"https:\/\/beta.hotel-royal-antibes.com\/it\/"},{"@type":"ListItem","position":2,"name":"Spa"}]},{"@type":"WebSite","@id":"https:\/\/beta.hotel-royal-antibes.com\/it\/#website","url":"https:\/\/beta.hotel-royal-antibes.com\/it\/","name":"Royal Antibes","description":"Luxury hotel in Antibes on French Riviera","potentialAction":[{"@type":"SearchAction","target":{"@type":"EntryPoint","urlTemplate":"https:\/\/beta.hotel-royal-antibes.com\/it\/?s={search_term_string}"},"query-input":{"@type":"PropertyValueSpecification","valueRequired":true,"valueName":"search_term_string"}}],"inLanguage":"it-IT"}]}},"_links":{"self":[{"href":"https:\/\/beta.hotel-royal-antibes.com\/it\/wp-json\/wp\/v2\/pages\/1738","targetHints":{"allow":["GET"]}}],"collection":[{"href":"https:\/\/beta.hotel-royal-antibes.com\/it\/wp-json\/wp\/v2\/pages"}],"about":[{"href":"https:\/\/beta.hotel-royal-antibes.com\/it\/wp-json\/wp\/v2\/types\/page"}],"author":[{"embeddable":true,"href":"https:\/\/beta.hotel-royal-antibes.com\/it\/wp-json\/wp\/v2\/users\/4"}],"replies":[{"embeddable":true,"href":"https:\/\/beta.hotel-royal-antibes.com\/it\/wp-json\/wp\/v2\/comments?post=1738"}],"version-history":[{"count":22,"href":"https:\/\/beta.hotel-royal-antibes.com\/it\/wp-json\/wp\/v2\/pages\/1738\/revisions"}],"predecessor-version":[{"id":7577,"href":"https:\/\/beta.hotel-royal-antibes.com\/it\/wp-json\/wp\/v2\/pages\/1738\/revisions\/7577"}],"wp:attachment":[{"href":"https:\/\/beta.hotel-royal-antibes.com\/it\/wp-json\/wp\/v2\/media?parent=1738"}],"curies":[{"name":"wp","href":"https:\/\/api.w.org\/{rel}","templated":true}]}}