{"id":1708,"date":"2016-03-21T22:26:54","date_gmt":"2016-03-21T21:26:54","guid":{"rendered":"http:\/\/beta.hotel-royal-antibes.com\/it\/art-de-vivre\/"},"modified":"2022-05-04T17:56:34","modified_gmt":"2022-05-04T16:56:34","slug":"arte-di-vivere","status":"publish","type":"page","link":"https:\/\/beta.hotel-royal-antibes.com\/it\/arte-di-vivere\/","title":{"rendered":"Arte di vivere"},"content":{"rendered":"<p>[vc_row][vc_column][rev_slider_vc alias=&#8221;slider-art-de-vivre&#8221;][\/vc_column][\/vc_row][vc_row][vc_column][vc_column_text]<\/p>\n<h1>Arte di vivere<\/h1>\n<p>[\/vc_column_text][\/vc_column][\/vc_row][vc_row gap=&#8221;30&#8243;][vc_column width=&#8221;2\/3&#8243;][vc_column_text]<\/p>\n<h3>Ad Antibes, fate come gli abitanti della citt\u00e0\u2026<\/h3>\n<p>Antibes non \u00e8 soltanto una meta carica di tesori ma anche una citt\u00e0 dove si vive secondo le regole della Dolce Vita.<\/p>\n<p>&nbsp;<\/p>\n<p>Al mattino il sole si alza in cielo e saluta il <em>Fort Carr\u00e9<\/em> cos\u00ec come il Museo Picasso. Non aspettate oltre e dopo la colazione girovagate per i vicoletti del centro storico per soddisfare i vostri desideri. Scoprite qua e la una galleria d\u2019arte, un laboratorio artigianale, un negozio di souvenir.<\/p>\n<p>Passeggiate nei camminamenti del mercato Provenzale e gustate i profumi delle spezie e dei prodotti naturali mediterranei. Non resisterete alla voglia di comprare qualche oliva da degustare con l\u2019aperitivo. E perch\u00e9 non fare una sosta all\u2019Absinthe Bar, museo di questa misteriosa bevanda?<\/p>\n<p>Per il pranzo lasciatevi tentare da un tavolo prenotato a vostro nome, riservato dal nostro Capo Concierge.<\/p>\n<p>Il pomeriggio potrete scegliere, a seconda della stagione, tra la spiaggia privata, il relax alla ROYAL SPA o ancora la scoperta dell\u2019entroterra con St Paul de Vence, Mougins o ancora Grasse capitale del profumo.<\/p>\n<p>L\u2019epilogo della vostra giornata cambier\u00e0 in funzione del vostro umore, ma considerate che Antibes dispone di tutte le risorse per rispondere alle vostre aspettative.<\/p>\n<p>[\/vc_column_text][\/vc_column][vc_column width=&#8221;1\/3&#8243; el_class=&#8221;bg-gris-texture&#8221;][vc_column_text]<\/p>\n<p style=\"text-align: center;\"><img decoding=\"async\" class=\"alignnone size-full wp-image-1088\" src=\"http:\/\/beta.hotel-royal-antibes.com\/wp-content\/uploads\/2022\/05\/sonnette-noir.png\" alt=\"picto-big-concierge\" \/><\/p>\n<p style=\"text-align: center;\">Servizio Reception<\/p>\n<p style=\"text-align: center;\">La nostra team \u00e8 a vostra disposizione 7\/7.<br \/>\nNon esitate a ricorrere ai suoi servizi.<\/p>\n<p style=\"text-align: center;\"><a href=\"mailto:concierge@royal-antibes.com\">contact@royal-antibes.com<br \/>\n<\/a>Tel. <a href=\"tel:+33 (0)4 83 61 91 91\">+33 (0)4 83 61 91 91<\/a><\/p>\n<p>[\/vc_column_text][\/vc_column][\/vc_row][vc_row][vc_column][vc_column_text]<ul class=\"pins-feed-list\"><li class=\"pins-feed-item\" style=\"width:100px;height:100px;\"><div class=\"pins-feed-myList\"><a href=\"https:\/\/www.pinterest.com\/pin\/0hSW56N1\/\" target=\"_BLANK\" title=\" - Pinned on May 07, 2026\"><img decoding=\"async\" src=\"\" alt=\"\"\/><\/a><\/div><\/li><li class=\"pins-feed-item\" style=\"width:100px;height:100px;\"><div class=\"pins-feed-myList\"><a href=\"https:\/\/www.pinterest.com\/pin\/466544842631309562\/\" target=\"_BLANK\" title=\"Antibes ~ C\u00f4te d&#039;Azur ~ France - Pinned on Sep 08, 2016\"><img decoding=\"async\" src=\"https:\/\/i.pinimg.com\/236x\/5a\/67\/90\/5a67903402fe2881362bc3b4a459b756.jpg\" alt=\"Antibes ~ C\u00f4te d&#039;Azur ~ France\"\/><\/a><\/div><\/li><li class=\"pins-feed-item\" style=\"width:100px;height:100px;\"><div class=\"pins-feed-myList\"><a href=\"https:\/\/www.pinterest.com\/pin\/466544842630118873\/\" target=\"_BLANK\" title=\" - Pinned on Jun 22, 2016\"><img decoding=\"async\" src=\"https:\/\/i.pinimg.com\/236x\/92\/d8\/f0\/92d8f0f56565f68c9226b24cf5191be7.jpg\" alt=\"\"\/><\/a><\/div><\/li><li class=\"pins-feed-item\" style=\"width:100px;height:100px;\"><div class=\"pins-feed-myList\"><a href=\"https:\/\/www.pinterest.com\/pin\/466544842629761375\/\" target=\"_BLANK\" title=\"Picasso Museum, Antibes, France - Pinned on May 29, 2016\"><img decoding=\"async\" src=\"https:\/\/i.pinimg.com\/236x\/cc\/6b\/78\/cc6b78d2dfd9ebf19c2d5ad7e0bf1a90.jpg\" alt=\"Picasso Museum, Antibes, France\"\/><\/a><\/div><\/li><li class=\"pins-feed-item\" style=\"width:100px;height:100px;\"><div class=\"pins-feed-myList\"><a href=\"https:\/\/www.pinterest.com\/pin\/466544842629746913\/\" target=\"_BLANK\" title=\"Picasso museum Antibes - Pinned on May 28, 2016\"><img decoding=\"async\" src=\"https:\/\/i.pinimg.com\/236x\/7e\/20\/e5\/7e20e58107ed5511f37a1753b8da3a9f.jpg\" alt=\"Picasso museum Antibes\"\/><\/a><\/div><\/li><li class=\"pins-feed-item\" style=\"width:100px;height:100px;\"><div class=\"pins-feed-myList\"><a href=\"https:\/\/www.pinterest.com\/pin\/466544842629548806\/\" target=\"_BLANK\" title=\"Antibes, French Riviera, France Ailleurs communication, www.ailleurscommunication.fr Jeux-concours, voyages, trade marketing, publicit\u00e9, buzz, dotations - Pinned on May 14, 2016\"><img decoding=\"async\" src=\"https:\/\/i.pinimg.com\/236x\/e5\/8a\/55\/e58a5557effff619b6d84fa5fcb58a3c.jpg\" alt=\"Antibes, French Riviera, France Ailleurs communication, www.ailleurscommunication.fr Jeux-concours, voyages, trade marketing, publicit\u00e9, buzz, dotations\"\/><\/a><\/div><\/li><li class=\"pins-feed-item\" style=\"width:100px;height:100px;\"><div class=\"pins-feed-myList\"><a href=\"https:\/\/www.pinterest.com\/pin\/466544842629450461\/\" target=\"_BLANK\" title=\"Olives - March\u00e9 Proven\u00e7al - Antibes! Olives mes amours \u2661\u2661\u2661\u2661\u2661\u2661\u2661 - Pinned on May 07, 2016\"><img decoding=\"async\" src=\"https:\/\/i.pinimg.com\/236x\/72\/2e\/ab\/722eab11d0f6fe388fdc7e7809ad0082.jpg\" alt=\"Olives - March\u00e9 Proven\u00e7al - Antibes! Olives mes amours \u2661\u2661\u2661\u2661\u2661\u2661\u2661\"\/><\/a><\/div><\/li><li class=\"pins-feed-item\" style=\"width:100px;height:100px;\"><div class=\"pins-feed-myList\"><a href=\"https:\/\/www.pinterest.com\/pin\/466544842629450452\/\" target=\"_BLANK\" title=\"Antibes (French Rivera)  from the ramparts. by Nick_Payne, via Flickr #visitcotedazur #antibes Ailleurs communication, www.ailleurscommunication.fr Jeux-concours, voyages, trade marketing, publicit\u00e9, buzz, dotations - Pinned on May 07, 2016\"><img decoding=\"async\" src=\"https:\/\/i.pinimg.com\/236x\/53\/b0\/8a\/53b08ae4eebce484d6acc2d79695d0ab.jpg\" alt=\"Antibes (French Rivera)  from the ramparts. by Nick_Payne, via Flickr #visitcotedazur #antibes Ailleurs communication, www.ailleurscommunication.fr Jeux-concours, voyages, trade marketing, publicit\u00e9, buzz, dotations\"\/><\/a><\/div><\/li><li class=\"pins-feed-item\" style=\"width:100px;height:100px;\"><div class=\"pins-feed-myList\"><a href=\"https:\/\/www.pinterest.com\/pin\/466544842629098397\/\" target=\"_BLANK\" title=\"Affiches anciennes de France - Pinned on Apr 12, 2016\"><img decoding=\"async\" src=\"https:\/\/i.pinimg.com\/236x\/4a\/fc\/15\/4afc1583a33a1c8fa9d78f0934db58bd.jpg\" alt=\"Affiches anciennes de France\"\/><\/a><\/div><\/li><li class=\"pins-feed-item\" style=\"width:100px;height:100px;\"><div class=\"pins-feed-myList\"><a href=\"https:\/\/www.pinterest.com\/pin\/466544842629098381\/\" target=\"_BLANK\" title=\"ANTIBES, March\u00e9 proven\u00e7al, Cours Mass\u00e9na - Pinned on Apr 12, 2016\"><img decoding=\"async\" src=\"https:\/\/i.pinimg.com\/236x\/52\/15\/3a\/52153af42b501119f3e244fbaf2844e7.jpg\" alt=\"ANTIBES, March\u00e9 proven\u00e7al, Cours Mass\u00e9na\"\/><\/a><\/div><\/li><div class=\"pinsClear\"><\/div><\/ul><script type=\"text\/javascript\">jQuery(document).ready(function() {jQuery('.pins-feed-item img').nailthumb({width:100,height:100})}); <\/script><a href=\"http:\/\/pinterest.com\/royalantibes\/\" id=\"pins-feed-follow\" target=\"_blank\" class=\"followMed\" title=\"Follow Me on Pinterest\"><img decoding=\"async\" src=\"http:\/\/passets-cdn.pinterest.com\/images\/pinterest-button.png\" width=\"78\" height=\"26\" alt=\"Follow Me on Pinterest\" border=\"0\" \/><\/a>[\/vc_column_text][\/vc_column][\/vc_row][vc_row][vc_column][vc_column_text]<\/p>\n<div class=\"h1\" ><span style=\"font-size: 24px;\">Scopri anche<\/span><\/div>\n<p>[\/vc_column_text][\/vc_column][\/vc_row][vc_row][vc_column][vc_basic_grid post_type=&#8221;ids&#8221; element_width=&#8221;3&#8243; gap=&#8221;10&#8243; item=&#8221;287&#8243; grid_id=&#8221;vc_gid:1651683102047-4bd2c732-8c0c-5&#8243; include=&#8221;77, 366, 382, 357, 1700, 1711, 1716, 1704&#8243;][\/vc_column][\/vc_row]<\/p>\n","protected":false},"excerpt":{"rendered":"<p>[vc_row][vc_column][rev_slider_vc alias=&#8221;slider-art-de-vivre&#8221;][\/vc_column][\/vc_row][vc_row][vc_column][vc_column_text] Arte di vivere [\/vc_column_text][\/vc_column][\/vc_row][vc_row gap=&#8221;30&#8243;][vc_column width=&#8221;2\/3&#8243;][vc_column_text] Ad Antibes, fate come gli abitanti della citt\u00e0\u2026 Antibes non \u00e8 soltanto una meta carica di tesori ma anche una citt\u00e0 dove si vive secondo le regole della Dolce Vita. &nbsp; Al mattino il sole si alza in cielo e saluta il Fort Carr\u00e9 cos\u00ec come il [&hellip;]<\/p>\n","protected":false},"author":4,"featured_media":1872,"parent":0,"menu_order":0,"comment_status":"closed","ping_status":"closed","template":"","meta":{"_acf_changed":false,"footnotes":""},"class_list":["post-1708","page","type-page","status-publish","has-post-thumbnail","hentry"],"acf":[],"yoast_head":"<!-- This site is optimized with the Yoast SEO plugin v26.9 - https:\/\/yoast.com\/product\/yoast-seo-wordpress\/ -->\n<title>Approfittate del sole d&#039;Antibes, i musei, e la spiaggia privata<\/title>\n<meta name=\"description\" content=\"Immergetevi nelle strade di Antibes e scoprite i tesori di questa citt\u00e0: spiagge in sabbia, il Fort carr\u00e9, il museo Picasso, il mercato provenzale, i bastioni, St Paul de Vence e le sue gallerie d\u2019arte.\" \/>\n<meta name=\"robots\" content=\"index, follow, max-snippet:-1, max-image-preview:large, max-video-preview:-1\" \/>\n<link rel=\"canonical\" href=\"https:\/\/beta.hotel-royal-antibes.com\/it\/arte-di-vivere\/\" \/>\n<meta property=\"og:locale\" content=\"it_IT\" \/>\n<meta property=\"og:type\" content=\"article\" \/>\n<meta property=\"og:title\" content=\"Approfittate del sole d&#039;Antibes, i musei, e la spiaggia privata\" \/>\n<meta property=\"og:description\" content=\"Immergetevi nelle strade di Antibes e scoprite i tesori di questa citt\u00e0: spiagge in sabbia, il Fort carr\u00e9, il museo Picasso, il mercato provenzale, i bastioni, St Paul de Vence e le sue gallerie d\u2019arte.\" \/>\n<meta property=\"og:url\" content=\"https:\/\/beta.hotel-royal-antibes.com\/it\/arte-di-vivere\/\" \/>\n<meta property=\"og:site_name\" content=\"Royal Antibes\" \/>\n<meta property=\"article:modified_time\" content=\"2022-05-04T16:56:34+00:00\" \/>\n<meta property=\"og:image\" content=\"https:\/\/beta.hotel-royal-antibes.com\/wp-content\/uploads\/2016\/03\/slider-art-de-vivre.jpg\" \/>\n\t<meta property=\"og:image:width\" content=\"1903\" \/>\n\t<meta property=\"og:image:height\" content=\"890\" \/>\n\t<meta property=\"og:image:type\" content=\"image\/jpeg\" \/>\n<meta name=\"twitter:card\" content=\"summary_large_image\" \/>\n<meta name=\"twitter:label1\" content=\"Tempo di lettura stimato\" \/>\n\t<meta name=\"twitter:data1\" content=\"2 minuti\" \/>\n<script type=\"application\/ld+json\" class=\"yoast-schema-graph\">{\"@context\":\"https:\/\/schema.org\",\"@graph\":[{\"@type\":\"WebPage\",\"@id\":\"https:\/\/beta.hotel-royal-antibes.com\/it\/arte-di-vivere\/\",\"url\":\"https:\/\/beta.hotel-royal-antibes.com\/it\/arte-di-vivere\/\",\"name\":\"Approfittate del sole d'Antibes, i musei, e la spiaggia privata\",\"isPartOf\":{\"@id\":\"https:\/\/beta.hotel-royal-antibes.com\/it\/#website\"},\"primaryImageOfPage\":{\"@id\":\"https:\/\/beta.hotel-royal-antibes.com\/it\/arte-di-vivere\/#primaryimage\"},\"image\":{\"@id\":\"https:\/\/beta.hotel-royal-antibes.com\/it\/arte-di-vivere\/#primaryimage\"},\"thumbnailUrl\":\"https:\/\/beta.hotel-royal-antibes.com\/wp-content\/uploads\/2016\/03\/slider-art-de-vivre.jpg\",\"datePublished\":\"2016-03-21T21:26:54+00:00\",\"dateModified\":\"2022-05-04T16:56:34+00:00\",\"description\":\"Immergetevi nelle strade di Antibes e scoprite i tesori di questa citt\u00e0: spiagge in sabbia, il Fort carr\u00e9, il museo Picasso, il mercato provenzale, i bastioni, St Paul de Vence e le sue gallerie d\u2019arte.\",\"breadcrumb\":{\"@id\":\"https:\/\/beta.hotel-royal-antibes.com\/it\/arte-di-vivere\/#breadcrumb\"},\"inLanguage\":\"it-IT\",\"potentialAction\":[{\"@type\":\"ReadAction\",\"target\":[\"https:\/\/beta.hotel-royal-antibes.com\/it\/arte-di-vivere\/\"]}]},{\"@type\":\"ImageObject\",\"inLanguage\":\"it-IT\",\"@id\":\"https:\/\/beta.hotel-royal-antibes.com\/it\/arte-di-vivere\/#primaryimage\",\"url\":\"https:\/\/beta.hotel-royal-antibes.com\/wp-content\/uploads\/2016\/03\/slider-art-de-vivre.jpg\",\"contentUrl\":\"https:\/\/beta.hotel-royal-antibes.com\/wp-content\/uploads\/2016\/03\/slider-art-de-vivre.jpg\",\"width\":1903,\"height\":890},{\"@type\":\"BreadcrumbList\",\"@id\":\"https:\/\/beta.hotel-royal-antibes.com\/it\/arte-di-vivere\/#breadcrumb\",\"itemListElement\":[{\"@type\":\"ListItem\",\"position\":1,\"name\":\"Hotel Royal Antibes\",\"item\":\"https:\/\/beta.hotel-royal-antibes.com\/it\/\"},{\"@type\":\"ListItem\",\"position\":2,\"name\":\"Arte di vivere\"}]},{\"@type\":\"WebSite\",\"@id\":\"https:\/\/beta.hotel-royal-antibes.com\/it\/#website\",\"url\":\"https:\/\/beta.hotel-royal-antibes.com\/it\/\",\"name\":\"Royal Antibes\",\"description\":\"Luxury hotel in Antibes on French Riviera\",\"potentialAction\":[{\"@type\":\"SearchAction\",\"target\":{\"@type\":\"EntryPoint\",\"urlTemplate\":\"https:\/\/beta.hotel-royal-antibes.com\/it\/?s={search_term_string}\"},\"query-input\":{\"@type\":\"PropertyValueSpecification\",\"valueRequired\":true,\"valueName\":\"search_term_string\"}}],\"inLanguage\":\"it-IT\"}]}<\/script>\n<!-- \/ Yoast SEO plugin. -->","yoast_head_json":{"title":"Approfittate del sole d'Antibes, i musei, e la spiaggia privata","description":"Immergetevi nelle strade di Antibes e scoprite i tesori di questa citt\u00e0: spiagge in sabbia, il Fort carr\u00e9, il museo Picasso, il mercato provenzale, i bastioni, St Paul de Vence e le sue gallerie d\u2019arte.","robots":{"index":"index","follow":"follow","max-snippet":"max-snippet:-1","max-image-preview":"max-image-preview:large","max-video-preview":"max-video-preview:-1"},"canonical":"https:\/\/beta.hotel-royal-antibes.com\/it\/arte-di-vivere\/","og_locale":"it_IT","og_type":"article","og_title":"Approfittate del sole d'Antibes, i musei, e la spiaggia privata","og_description":"Immergetevi nelle strade di Antibes e scoprite i tesori di questa citt\u00e0: spiagge in sabbia, il Fort carr\u00e9, il museo Picasso, il mercato provenzale, i bastioni, St Paul de Vence e le sue gallerie d\u2019arte.","og_url":"https:\/\/beta.hotel-royal-antibes.com\/it\/arte-di-vivere\/","og_site_name":"Royal Antibes","article_modified_time":"2022-05-04T16:56:34+00:00","og_image":[{"width":1903,"height":890,"url":"https:\/\/beta.hotel-royal-antibes.com\/wp-content\/uploads\/2016\/03\/slider-art-de-vivre.jpg","type":"image\/jpeg"}],"twitter_card":"summary_large_image","twitter_misc":{"Tempo di lettura stimato":"2 minuti"},"schema":{"@context":"https:\/\/schema.org","@graph":[{"@type":"WebPage","@id":"https:\/\/beta.hotel-royal-antibes.com\/it\/arte-di-vivere\/","url":"https:\/\/beta.hotel-royal-antibes.com\/it\/arte-di-vivere\/","name":"Approfittate del sole d'Antibes, i musei, e la spiaggia privata","isPartOf":{"@id":"https:\/\/beta.hotel-royal-antibes.com\/it\/#website"},"primaryImageOfPage":{"@id":"https:\/\/beta.hotel-royal-antibes.com\/it\/arte-di-vivere\/#primaryimage"},"image":{"@id":"https:\/\/beta.hotel-royal-antibes.com\/it\/arte-di-vivere\/#primaryimage"},"thumbnailUrl":"https:\/\/beta.hotel-royal-antibes.com\/wp-content\/uploads\/2016\/03\/slider-art-de-vivre.jpg","datePublished":"2016-03-21T21:26:54+00:00","dateModified":"2022-05-04T16:56:34+00:00","description":"Immergetevi nelle strade di Antibes e scoprite i tesori di questa citt\u00e0: spiagge in sabbia, il Fort carr\u00e9, il museo Picasso, il mercato provenzale, i bastioni, St Paul de Vence e le sue gallerie d\u2019arte.","breadcrumb":{"@id":"https:\/\/beta.hotel-royal-antibes.com\/it\/arte-di-vivere\/#breadcrumb"},"inLanguage":"it-IT","potentialAction":[{"@type":"ReadAction","target":["https:\/\/beta.hotel-royal-antibes.com\/it\/arte-di-vivere\/"]}]},{"@type":"ImageObject","inLanguage":"it-IT","@id":"https:\/\/beta.hotel-royal-antibes.com\/it\/arte-di-vivere\/#primaryimage","url":"https:\/\/beta.hotel-royal-antibes.com\/wp-content\/uploads\/2016\/03\/slider-art-de-vivre.jpg","contentUrl":"https:\/\/beta.hotel-royal-antibes.com\/wp-content\/uploads\/2016\/03\/slider-art-de-vivre.jpg","width":1903,"height":890},{"@type":"BreadcrumbList","@id":"https:\/\/beta.hotel-royal-antibes.com\/it\/arte-di-vivere\/#breadcrumb","itemListElement":[{"@type":"ListItem","position":1,"name":"Hotel Royal Antibes","item":"https:\/\/beta.hotel-royal-antibes.com\/it\/"},{"@type":"ListItem","position":2,"name":"Arte di vivere"}]},{"@type":"WebSite","@id":"https:\/\/beta.hotel-royal-antibes.com\/it\/#website","url":"https:\/\/beta.hotel-royal-antibes.com\/it\/","name":"Royal Antibes","description":"Luxury hotel in Antibes on French Riviera","potentialAction":[{"@type":"SearchAction","target":{"@type":"EntryPoint","urlTemplate":"https:\/\/beta.hotel-royal-antibes.com\/it\/?s={search_term_string}"},"query-input":{"@type":"PropertyValueSpecification","valueRequired":true,"valueName":"search_term_string"}}],"inLanguage":"it-IT"}]}},"_links":{"self":[{"href":"https:\/\/beta.hotel-royal-antibes.com\/it\/wp-json\/wp\/v2\/pages\/1708","targetHints":{"allow":["GET"]}}],"collection":[{"href":"https:\/\/beta.hotel-royal-antibes.com\/it\/wp-json\/wp\/v2\/pages"}],"about":[{"href":"https:\/\/beta.hotel-royal-antibes.com\/it\/wp-json\/wp\/v2\/types\/page"}],"author":[{"embeddable":true,"href":"https:\/\/beta.hotel-royal-antibes.com\/it\/wp-json\/wp\/v2\/users\/4"}],"replies":[{"embeddable":true,"href":"https:\/\/beta.hotel-royal-antibes.com\/it\/wp-json\/wp\/v2\/comments?post=1708"}],"version-history":[{"count":3,"href":"https:\/\/beta.hotel-royal-antibes.com\/it\/wp-json\/wp\/v2\/pages\/1708\/revisions"}],"predecessor-version":[{"id":7346,"href":"https:\/\/beta.hotel-royal-antibes.com\/it\/wp-json\/wp\/v2\/pages\/1708\/revisions\/7346"}],"wp:featuredmedia":[{"embeddable":true,"href":"https:\/\/beta.hotel-royal-antibes.com\/it\/wp-json\/wp\/v2\/media\/1872"}],"wp:attachment":[{"href":"https:\/\/beta.hotel-royal-antibes.com\/it\/wp-json\/wp\/v2\/media?parent=1708"}],"curies":[{"name":"wp","href":"https:\/\/api.w.org\/{rel}","templated":true}]}}