{"id":1700,"date":"2016-03-16T17:37:30","date_gmt":"2016-03-16T16:37:30","guid":{"rendered":"http:\/\/beta.hotel-royal-antibes.com\/it\/antibes\/"},"modified":"2022-05-04T17:59:28","modified_gmt":"2022-05-04T16:59:28","slug":"antibes","status":"publish","type":"page","link":"https:\/\/beta.hotel-royal-antibes.com\/it\/antibes\/","title":{"rendered":"Antibes"},"content":{"rendered":"<p>[vc_row][vc_column][rev_slider_vc alias=&#8221;slider-antibes&#8221;][\/vc_column][\/vc_row][vc_row][vc_column][vc_column_text]<\/p>\n<h1>Antibes<\/h1>\n<p>[\/vc_column_text][\/vc_column][\/vc_row][vc_row gap=&#8221;30&#8243;][vc_column width=&#8221;2\/3&#8243;][vc_column_text]<\/p>\n<h3>Una citt\u00e0 di carattere\u2026<\/h3>\n<p>Antibes fascine les visiteurs du monde entier. Destination pr\u00e9serv\u00e9e de la Riviera, elle jouit d&#8217;un emplacement privil\u00e9gi\u00e9 entre mer et montagne, et cette ville avec son cachet singulier s\u00e9duit par ses activit\u00e9s diversifi\u00e9es.<\/p>\n<p>&nbsp;<\/p>\n<p>Antibes affascina i visitatori da tutto il mondo. Destinazione preservata della Riviera, gode di una posizione privilegiata tra mare e montagna. Questa citt\u00e0 dall\u2019atmosfera unica seduce grazie alle sue attivit\u00e0 diversificate.<\/p>\n<p><strong>\u00a0<\/strong><\/p>\n<p><strong>Da visitare.<\/strong><\/p>\n<ul>\n<li>Il porto Vauban, il vecchio porto e il <em>Quai des milliardaires<\/em> in cui sono ormeggiate le pi\u00f9 lussuose barche del mondo, da qui \u00e8 possibile accedere alla parte alta delle mura e al Bastione St Jaume in cui si affaccia il \u201cNomade\u201d di Jaume Plensa.<\/li>\n<li>Il <em>Fort-Carr\u00e9<\/em>, che richiama alcuni degli episodi pi\u00f9 celebri della storia di Antibes.<\/li>\n<li>La <em>Courtine<\/em> situata lungo Boulevard d\u2019Aguillon, una delle arterie pi\u00f9 animate di Antibes e lo spazio espositivo \u201c<em>Bains-Douches<\/em>\u201d, allestito nelle vecchie casematte.<\/li>\n<li>Le mura che seguono l\u2019antico cammino di ronda. Si tratta della parte pi\u00f9 antica di Antibes, che vanta tremila anni di storia, la Place du R\u00e9v\u00e9ly, la Chapelle du Saint-Esprit, la casa natale di Jacques Audiberti, la Cattedrale, le Torri saracene e l\u2019antico Castello Grimaldi, divenuto museo Picasso.<\/li>\n<li>Il Bastione Saint-Andr\u00e9 e subito sotto, il libero comune del Safranier, piccolo dedalo di vicoletti dove il sole gioca con il fogliame dei cespugli.<\/li>\n<\/ul>\n<p>[\/vc_column_text][\/vc_column][vc_column width=&#8221;1\/3&#8243; el_class=&#8221;bg-gris-texture&#8221;][vc_column_text]<\/p>\n<p style=\"text-align: center;\"><img decoding=\"async\" class=\"alignnone size-full wp-image-1088\" src=\"http:\/\/beta.hotel-royal-antibes.com\/wp-content\/uploads\/2022\/05\/sonnette-noir.png\" alt=\"picto-big-concierge\" \/><\/p>\n<p style=\"text-align: center;\">Servizio Reception<\/p>\n<p style=\"text-align: center;\">La nostra team \u00e8 a vostra disposizione 7\/7.<br \/>\nNon esitate a ricorrere ai suoi servizi.<\/p>\n<p style=\"text-align: center;\"><a href=\"mailto:concierge@royal-antibes.com\">contact@royal-antibes.com<br \/>\n<\/a>Tel. <a href=\"tel:+33 (0)4 83 61 91 91\">+33 (0)4 83 61 91 91<\/a><\/p>\n<p>[\/vc_column_text][\/vc_column][\/vc_row][vc_row][vc_column][vc_column_text]<ul class=\"pins-feed-list\"><li class=\"pins-feed-item\" style=\"width:100px;height:100px;\"><div class=\"pins-feed-myList\"><a href=\"https:\/\/www.pinterest.com\/pin\/Du7pQ7oS\/\" target=\"_BLANK\" title=\" - Pinned on May 05, 2026\"><img decoding=\"async\" src=\"\" alt=\"\"\/><\/a><\/div><\/li><li class=\"pins-feed-item\" style=\"width:100px;height:100px;\"><div class=\"pins-feed-myList\"><a href=\"https:\/\/www.pinterest.com\/pin\/466544842631901433\/\" target=\"_BLANK\" title=\"Pissaladiere - Pinned on Oct 20, 2016\"><img decoding=\"async\" src=\"https:\/\/i.pinimg.com\/236x\/57\/6d\/86\/576d8669443697d99ef23a8980f478a3.jpg\" alt=\"Pissaladiere\"\/><\/a><\/div><\/li><li class=\"pins-feed-item\" style=\"width:100px;height:100px;\"><div class=\"pins-feed-myList\"><a href=\"https:\/\/www.pinterest.com\/pin\/466544842631901430\/\" target=\"_BLANK\" title=\"Fruits confits - Pinned on Oct 20, 2016\"><img decoding=\"async\" src=\"https:\/\/i.pinimg.com\/236x\/32\/7e\/5d\/327e5d11fc6230126600215ba340e634.jpg\" alt=\"Fruits confits\"\/><\/a><\/div><\/li><li class=\"pins-feed-item\" style=\"width:100px;height:100px;\"><div class=\"pins-feed-myList\"><a href=\"https:\/\/www.pinterest.com\/pin\/466544842631901428\/\" target=\"_BLANK\" title=\"Petits Farcis Ni\u00e7ois - Pinned on Oct 20, 2016\"><img decoding=\"async\" src=\"https:\/\/i.pinimg.com\/236x\/02\/14\/9f\/02149f152638e8e9e45be00c287e671a.jpg\" alt=\"Petits Farcis Ni\u00e7ois\"\/><\/a><\/div><\/li><li class=\"pins-feed-item\" style=\"width:100px;height:100px;\"><div class=\"pins-feed-myList\"><a href=\"https:\/\/www.pinterest.com\/pin\/466544842631802702\/\" target=\"_BLANK\" title=\"Luge sur rail - Mercantour - Pinned on Oct 13, 2016\"><img decoding=\"async\" src=\"https:\/\/i.pinimg.com\/236x\/ab\/fe\/1b\/abfe1ba48a0985da73eef572e3dcbc7f.jpg\" alt=\"Luge sur rail - Mercantour\"\/><\/a><\/div><\/li><li class=\"pins-feed-item\" style=\"width:100px;height:100px;\"><div class=\"pins-feed-myList\"><a href=\"https:\/\/www.pinterest.com\/pin\/466544842631802699\/\" target=\"_BLANK\" title=\"Lac d&#039;Allos - Pinned on Oct 13, 2016\"><img decoding=\"async\" src=\"https:\/\/i.pinimg.com\/236x\/59\/56\/80\/59568024c31e70e2a529479b38ebbcc1.jpg\" alt=\"Lac d&#039;Allos\"\/><\/a><\/div><\/li><li class=\"pins-feed-item\" style=\"width:100px;height:100px;\"><div class=\"pins-feed-myList\"><a href=\"https:\/\/www.pinterest.com\/pin\/466544842631702322\/\" target=\"_BLANK\" title=\" - Pinned on Oct 06, 2016\"><img decoding=\"async\" src=\"https:\/\/i.pinimg.com\/236x\/81\/67\/91\/8167915b85c14f189b81b54c923d2416.jpg\" alt=\"\"\/><\/a><\/div><\/li><li class=\"pins-feed-item\" style=\"width:100px;height:100px;\"><div class=\"pins-feed-myList\"><a href=\"https:\/\/www.pinterest.com\/pin\/466544842631607252\/\" target=\"_BLANK\" title=\"Brasserie de Monaco - Pinned on Sep 29, 2016\"><img decoding=\"async\" src=\"https:\/\/i.pinimg.com\/236x\/e3\/6f\/28\/e36f28984bdb9c3126f23eddefed09fc.jpg\" alt=\"Brasserie de Monaco\"\/><\/a><\/div><\/li><li class=\"pins-feed-item\" style=\"width:100px;height:100px;\"><div class=\"pins-feed-myList\"><a href=\"https:\/\/www.pinterest.com\/pin\/466544842631607231\/\" target=\"_BLANK\" title=\"Buddha Bar - Monaco - Pinned on Sep 29, 2016\"><img decoding=\"async\" src=\"https:\/\/i.pinimg.com\/236x\/8b\/f2\/ae\/8bf2aee611a03e07fa472a004a8c58cb.jpg\" alt=\"Buddha Bar - Monaco\"\/><\/a><\/div><\/li><li class=\"pins-feed-item\" style=\"width:100px;height:100px;\"><div class=\"pins-feed-myList\"><a href=\"https:\/\/www.pinterest.com\/pin\/466544842631607225\/\" target=\"_BLANK\" title=\"Casino de Monte Carlo - Monaco - Pinned on Sep 29, 2016\"><img decoding=\"async\" src=\"https:\/\/i.pinimg.com\/236x\/c8\/6a\/eb\/c86aeb30cd9508771e289b6b108f7b85.jpg\" alt=\"Casino de Monte Carlo - Monaco\"\/><\/a><\/div><\/li><div class=\"pinsClear\"><\/div><\/ul><script type=\"text\/javascript\">jQuery(document).ready(function() {jQuery('.pins-feed-item img').nailthumb({width:100,height:100})}); <\/script><a href=\"http:\/\/pinterest.com\/royalantibes\/\" id=\"pins-feed-follow\" target=\"_blank\" class=\"followMed\" title=\"Follow Me on Pinterest\"><img decoding=\"async\" src=\"http:\/\/passets-cdn.pinterest.com\/images\/pinterest-button.png\" width=\"78\" height=\"26\" alt=\"Follow Me on Pinterest\" border=\"0\" \/><\/a>[\/vc_column_text][\/vc_column][\/vc_row][vc_row][vc_column][vc_column_text]<\/p>\n<div class=\"h1\" ><span style=\"font-size: 24px;\">Scopri anche<\/span><\/div>\n<p>[\/vc_column_text][\/vc_column][\/vc_row][vc_row][vc_column][vc_basic_grid post_type=&#8221;ids&#8221; element_width=&#8221;3&#8243; gap=&#8221;10&#8243; item=&#8221;287&#8243; grid_id=&#8221;vc_gid:1651683251819-94836eb2-e4fa-10&#8243; include=&#8221;360, 366, 382, 357, 1708, 1711, 1716, 1704&#8243;][\/vc_column][\/vc_row]<\/p>\n","protected":false},"excerpt":{"rendered":"<p>[vc_row][vc_column][rev_slider_vc alias=&#8221;slider-antibes&#8221;][\/vc_column][\/vc_row][vc_row][vc_column][vc_column_text] Antibes [\/vc_column_text][\/vc_column][\/vc_row][vc_row gap=&#8221;30&#8243;][vc_column width=&#8221;2\/3&#8243;][vc_column_text] Una citt\u00e0 di carattere\u2026 Antibes fascine les visiteurs du monde entier. Destination pr\u00e9serv\u00e9e de la Riviera, elle jouit d&#8217;un emplacement privil\u00e9gi\u00e9 entre mer et montagne, et cette ville avec son cachet singulier s\u00e9duit par ses activit\u00e9s diversifi\u00e9es. &nbsp; Antibes affascina i visitatori da tutto il mondo. Destinazione preservata della [&hellip;]<\/p>\n","protected":false},"author":4,"featured_media":1826,"parent":0,"menu_order":0,"comment_status":"closed","ping_status":"closed","template":"","meta":{"_acf_changed":false,"footnotes":""},"class_list":["post-1700","page","type-page","status-publish","has-post-thumbnail","hentry"],"acf":[],"yoast_head":"<!-- This site is optimized with the Yoast SEO plugin v26.9 - https:\/\/yoast.com\/product\/yoast-seo-wordpress\/ -->\n<title>Scoprite Antibes, Juan les Pins ed anche il Cap<\/title>\n<meta name=\"description\" content=\"Antibes, situata sulla Riviera, \u00e8 una destinazione imperdibile per gli amanti della natura. Tra mare e montagna, Antibes \u00e8 famosa nel mondo per il suo quai des milliardaires che ospita gli yacht pi\u00f9 prestigiosi. Il Fort carr\u00e9, il vecchio porto, il museo Picasso, sono tutti luoghi da visitare, cos\u00ec come il Cap d&#039;Antibes.\" \/>\n<meta name=\"robots\" content=\"index, follow, max-snippet:-1, max-image-preview:large, max-video-preview:-1\" \/>\n<link rel=\"canonical\" href=\"https:\/\/beta.hotel-royal-antibes.com\/it\/antibes\/\" \/>\n<meta property=\"og:locale\" content=\"it_IT\" \/>\n<meta property=\"og:type\" content=\"article\" \/>\n<meta property=\"og:title\" content=\"Scoprite Antibes, Juan les Pins ed anche il Cap\" \/>\n<meta property=\"og:description\" content=\"Antibes, situata sulla Riviera, \u00e8 una destinazione imperdibile per gli amanti della natura. Tra mare e montagna, Antibes \u00e8 famosa nel mondo per il suo quai des milliardaires che ospita gli yacht pi\u00f9 prestigiosi. Il Fort carr\u00e9, il vecchio porto, il museo Picasso, sono tutti luoghi da visitare, cos\u00ec come il Cap d&#039;Antibes.\" \/>\n<meta property=\"og:url\" content=\"https:\/\/beta.hotel-royal-antibes.com\/it\/antibes\/\" \/>\n<meta property=\"og:site_name\" content=\"Royal Antibes\" \/>\n<meta property=\"article:modified_time\" content=\"2022-05-04T16:59:28+00:00\" \/>\n<meta property=\"og:image\" content=\"https:\/\/beta.hotel-royal-antibes.com\/wp-content\/uploads\/2016\/03\/slider-antibes-1.jpg\" \/>\n\t<meta property=\"og:image:width\" content=\"1903\" \/>\n\t<meta property=\"og:image:height\" content=\"891\" \/>\n\t<meta property=\"og:image:type\" content=\"image\/jpeg\" \/>\n<meta name=\"twitter:card\" content=\"summary_large_image\" \/>\n<meta name=\"twitter:label1\" content=\"Tempo di lettura stimato\" \/>\n\t<meta name=\"twitter:data1\" content=\"2 minuti\" \/>\n<script type=\"application\/ld+json\" class=\"yoast-schema-graph\">{\"@context\":\"https:\/\/schema.org\",\"@graph\":[{\"@type\":\"WebPage\",\"@id\":\"https:\/\/beta.hotel-royal-antibes.com\/it\/antibes\/\",\"url\":\"https:\/\/beta.hotel-royal-antibes.com\/it\/antibes\/\",\"name\":\"Scoprite Antibes, Juan les Pins ed anche il Cap\",\"isPartOf\":{\"@id\":\"https:\/\/beta.hotel-royal-antibes.com\/it\/#website\"},\"primaryImageOfPage\":{\"@id\":\"https:\/\/beta.hotel-royal-antibes.com\/it\/antibes\/#primaryimage\"},\"image\":{\"@id\":\"https:\/\/beta.hotel-royal-antibes.com\/it\/antibes\/#primaryimage\"},\"thumbnailUrl\":\"https:\/\/beta.hotel-royal-antibes.com\/wp-content\/uploads\/2016\/03\/slider-antibes-1.jpg\",\"datePublished\":\"2016-03-16T16:37:30+00:00\",\"dateModified\":\"2022-05-04T16:59:28+00:00\",\"description\":\"Antibes, situata sulla Riviera, \u00e8 una destinazione imperdibile per gli amanti della natura. Tra mare e montagna, Antibes \u00e8 famosa nel mondo per il suo quai des milliardaires che ospita gli yacht pi\u00f9 prestigiosi. Il Fort carr\u00e9, il vecchio porto, il museo Picasso, sono tutti luoghi da visitare, cos\u00ec come il Cap d'Antibes.\",\"breadcrumb\":{\"@id\":\"https:\/\/beta.hotel-royal-antibes.com\/it\/antibes\/#breadcrumb\"},\"inLanguage\":\"it-IT\",\"potentialAction\":[{\"@type\":\"ReadAction\",\"target\":[\"https:\/\/beta.hotel-royal-antibes.com\/it\/antibes\/\"]}]},{\"@type\":\"ImageObject\",\"inLanguage\":\"it-IT\",\"@id\":\"https:\/\/beta.hotel-royal-antibes.com\/it\/antibes\/#primaryimage\",\"url\":\"https:\/\/beta.hotel-royal-antibes.com\/wp-content\/uploads\/2016\/03\/slider-antibes-1.jpg\",\"contentUrl\":\"https:\/\/beta.hotel-royal-antibes.com\/wp-content\/uploads\/2016\/03\/slider-antibes-1.jpg\",\"width\":1903,\"height\":891},{\"@type\":\"BreadcrumbList\",\"@id\":\"https:\/\/beta.hotel-royal-antibes.com\/it\/antibes\/#breadcrumb\",\"itemListElement\":[{\"@type\":\"ListItem\",\"position\":1,\"name\":\"Hotel Royal Antibes\",\"item\":\"https:\/\/beta.hotel-royal-antibes.com\/it\/\"},{\"@type\":\"ListItem\",\"position\":2,\"name\":\"Antibes\"}]},{\"@type\":\"WebSite\",\"@id\":\"https:\/\/beta.hotel-royal-antibes.com\/it\/#website\",\"url\":\"https:\/\/beta.hotel-royal-antibes.com\/it\/\",\"name\":\"Royal Antibes\",\"description\":\"Luxury hotel in Antibes on French Riviera\",\"potentialAction\":[{\"@type\":\"SearchAction\",\"target\":{\"@type\":\"EntryPoint\",\"urlTemplate\":\"https:\/\/beta.hotel-royal-antibes.com\/it\/?s={search_term_string}\"},\"query-input\":{\"@type\":\"PropertyValueSpecification\",\"valueRequired\":true,\"valueName\":\"search_term_string\"}}],\"inLanguage\":\"it-IT\"}]}<\/script>\n<!-- \/ Yoast SEO plugin. -->","yoast_head_json":{"title":"Scoprite Antibes, Juan les Pins ed anche il Cap","description":"Antibes, situata sulla Riviera, \u00e8 una destinazione imperdibile per gli amanti della natura. Tra mare e montagna, Antibes \u00e8 famosa nel mondo per il suo quai des milliardaires che ospita gli yacht pi\u00f9 prestigiosi. Il Fort carr\u00e9, il vecchio porto, il museo Picasso, sono tutti luoghi da visitare, cos\u00ec come il Cap d'Antibes.","robots":{"index":"index","follow":"follow","max-snippet":"max-snippet:-1","max-image-preview":"max-image-preview:large","max-video-preview":"max-video-preview:-1"},"canonical":"https:\/\/beta.hotel-royal-antibes.com\/it\/antibes\/","og_locale":"it_IT","og_type":"article","og_title":"Scoprite Antibes, Juan les Pins ed anche il Cap","og_description":"Antibes, situata sulla Riviera, \u00e8 una destinazione imperdibile per gli amanti della natura. Tra mare e montagna, Antibes \u00e8 famosa nel mondo per il suo quai des milliardaires che ospita gli yacht pi\u00f9 prestigiosi. Il Fort carr\u00e9, il vecchio porto, il museo Picasso, sono tutti luoghi da visitare, cos\u00ec come il Cap d'Antibes.","og_url":"https:\/\/beta.hotel-royal-antibes.com\/it\/antibes\/","og_site_name":"Royal Antibes","article_modified_time":"2022-05-04T16:59:28+00:00","og_image":[{"width":1903,"height":891,"url":"https:\/\/beta.hotel-royal-antibes.com\/wp-content\/uploads\/2016\/03\/slider-antibes-1.jpg","type":"image\/jpeg"}],"twitter_card":"summary_large_image","twitter_misc":{"Tempo di lettura stimato":"2 minuti"},"schema":{"@context":"https:\/\/schema.org","@graph":[{"@type":"WebPage","@id":"https:\/\/beta.hotel-royal-antibes.com\/it\/antibes\/","url":"https:\/\/beta.hotel-royal-antibes.com\/it\/antibes\/","name":"Scoprite Antibes, Juan les Pins ed anche il Cap","isPartOf":{"@id":"https:\/\/beta.hotel-royal-antibes.com\/it\/#website"},"primaryImageOfPage":{"@id":"https:\/\/beta.hotel-royal-antibes.com\/it\/antibes\/#primaryimage"},"image":{"@id":"https:\/\/beta.hotel-royal-antibes.com\/it\/antibes\/#primaryimage"},"thumbnailUrl":"https:\/\/beta.hotel-royal-antibes.com\/wp-content\/uploads\/2016\/03\/slider-antibes-1.jpg","datePublished":"2016-03-16T16:37:30+00:00","dateModified":"2022-05-04T16:59:28+00:00","description":"Antibes, situata sulla Riviera, \u00e8 una destinazione imperdibile per gli amanti della natura. Tra mare e montagna, Antibes \u00e8 famosa nel mondo per il suo quai des milliardaires che ospita gli yacht pi\u00f9 prestigiosi. Il Fort carr\u00e9, il vecchio porto, il museo Picasso, sono tutti luoghi da visitare, cos\u00ec come il Cap d'Antibes.","breadcrumb":{"@id":"https:\/\/beta.hotel-royal-antibes.com\/it\/antibes\/#breadcrumb"},"inLanguage":"it-IT","potentialAction":[{"@type":"ReadAction","target":["https:\/\/beta.hotel-royal-antibes.com\/it\/antibes\/"]}]},{"@type":"ImageObject","inLanguage":"it-IT","@id":"https:\/\/beta.hotel-royal-antibes.com\/it\/antibes\/#primaryimage","url":"https:\/\/beta.hotel-royal-antibes.com\/wp-content\/uploads\/2016\/03\/slider-antibes-1.jpg","contentUrl":"https:\/\/beta.hotel-royal-antibes.com\/wp-content\/uploads\/2016\/03\/slider-antibes-1.jpg","width":1903,"height":891},{"@type":"BreadcrumbList","@id":"https:\/\/beta.hotel-royal-antibes.com\/it\/antibes\/#breadcrumb","itemListElement":[{"@type":"ListItem","position":1,"name":"Hotel Royal Antibes","item":"https:\/\/beta.hotel-royal-antibes.com\/it\/"},{"@type":"ListItem","position":2,"name":"Antibes"}]},{"@type":"WebSite","@id":"https:\/\/beta.hotel-royal-antibes.com\/it\/#website","url":"https:\/\/beta.hotel-royal-antibes.com\/it\/","name":"Royal Antibes","description":"Luxury hotel in Antibes on French Riviera","potentialAction":[{"@type":"SearchAction","target":{"@type":"EntryPoint","urlTemplate":"https:\/\/beta.hotel-royal-antibes.com\/it\/?s={search_term_string}"},"query-input":{"@type":"PropertyValueSpecification","valueRequired":true,"valueName":"search_term_string"}}],"inLanguage":"it-IT"}]}},"_links":{"self":[{"href":"https:\/\/beta.hotel-royal-antibes.com\/it\/wp-json\/wp\/v2\/pages\/1700","targetHints":{"allow":["GET"]}}],"collection":[{"href":"https:\/\/beta.hotel-royal-antibes.com\/it\/wp-json\/wp\/v2\/pages"}],"about":[{"href":"https:\/\/beta.hotel-royal-antibes.com\/it\/wp-json\/wp\/v2\/types\/page"}],"author":[{"embeddable":true,"href":"https:\/\/beta.hotel-royal-antibes.com\/it\/wp-json\/wp\/v2\/users\/4"}],"replies":[{"embeddable":true,"href":"https:\/\/beta.hotel-royal-antibes.com\/it\/wp-json\/wp\/v2\/comments?post=1700"}],"version-history":[{"count":6,"href":"https:\/\/beta.hotel-royal-antibes.com\/it\/wp-json\/wp\/v2\/pages\/1700\/revisions"}],"predecessor-version":[{"id":7362,"href":"https:\/\/beta.hotel-royal-antibes.com\/it\/wp-json\/wp\/v2\/pages\/1700\/revisions\/7362"}],"wp:featuredmedia":[{"embeddable":true,"href":"https:\/\/beta.hotel-royal-antibes.com\/it\/wp-json\/wp\/v2\/media\/1826"}],"wp:attachment":[{"href":"https:\/\/beta.hotel-royal-antibes.com\/it\/wp-json\/wp\/v2\/media?parent=1700"}],"curies":[{"name":"wp","href":"https:\/\/api.w.org\/{rel}","templated":true}]}}