{"id":2604,"date":"2016-03-23T15:15:33","date_gmt":"2016-03-23T14:15:33","guid":{"rendered":"http:\/\/beta.hotel-royal-antibes.com\/es\/restauration\/"},"modified":"2023-09-25T13:20:12","modified_gmt":"2023-09-25T12:20:12","slug":"restauracion-2","status":"publish","type":"page","link":"https:\/\/beta.hotel-royal-antibes.com\/es\/restauracion-2\/","title":{"rendered":"Restauraci\u00f3n"},"content":{"rendered":"<p>[vc_row][vc_column][rev_slider_vc alias=\u00bbslider-restauration\u00bb][\/vc_column][\/vc_row][vc_row][vc_column el_class=\u00bbtitle-page\u00bb][vc_column_text]<\/p>\n<h1 style=\"text-align: center;\">Restauraci\u00f3n<\/h1>\n<p>[\/vc_column_text][\/vc_column][\/vc_row][vc_row gap=\u00bb30&#8243;][vc_column width=\u00bb2\/3&#8243;][vc_column_text]<\/p>\n<h3 style=\"text-align: justify;\">Restauraci\u00f3n \u201cA la carta\u201d\u2026 amor por los sabores<\/h3>\n<p>Seg\u00fan la temporada, el ROYAL ANTIBES<i class=\" glyphicon glyphicon-star \" style=\"\"><\/i><i class=\" glyphicon glyphicon-star \" style=\"\"><\/i><i class=\" glyphicon glyphicon-star \" style=\"\"><\/i><i class=\" glyphicon glyphicon-star \" style=\"\"><\/i> puede responder a sus expectativas por partida doble.<\/p>\n<p>&nbsp;<\/p>\n<h4>La sala ESPACE AZUR<\/h4>\n<p>Para organizar almuerzos y cenas, le proponemos que reserve la sala Espace Azur, situada en la planta baja del hotel acceso a la terraza con vistas al mar.<\/p>\n<p>El chef del Caf\u00e9 Royal le propone una cocina sana con varias f\u00f3rmulas r\u00e1pidas que adaptaremos en funci\u00f3n de su presupuesto.<\/p>\n<ul>\n<li>F\u00f3rmula buf\u00e9 a partir de 35\u00a0\u20ac despu\u00e9s de impuestos \/ persona, con bebidas incluidas: buf\u00e9 de platos salados y fr\u00edos, delicias dulces, aguas, e incluye 2 copas de vino por persona y caf\u00e9.<\/li>\n<li>F\u00f3rmula de men\u00fa con 3 platos a partir de 40\u00a0\u20ac\/persona, impuestos , 2 copas de vino\/pers., agua y caf\u00e9.<\/li>\n<\/ul>\n<p>&nbsp;<\/p>\n<h4>EL ROYAL BEACH<\/h4>\n<p>En cuanto llegue el buen tiempo y hasta finales de septiembre, puede venir a tomar un c\u00f3ctel o a almorzar en nuestra playa privada, en un ambiente informal y un entorno \u00fanico frente al cabo de Antibes.<\/p>\n<p>Una cena tambi\u00e9n puede resultar muy agradable despu\u00e9s de todo un d\u00eda de trabajo.<\/p>\n<ul>\n<li>F\u00f3rmula de men\u00fa con 3 platos a partir de 50 \u20ac\/persona, impuestos , 2 copas de vino\/pers., agua y caf\u00e9.<\/li>\n<\/ul>\n<p>Para cambiar de aires, gracias a que el hotel est\u00e1 situado el en centro de la ciudad, nuestra recepci\u00f3n puede recomendarle una selecci\u00f3n de restaurantes situados a menos de 10 minutos a pie del hotel.<\/p>\n<p>&nbsp;<\/p>\n<p>&nbsp;<\/p>\n<table>\n<tbody>\n<tr>\n<td><strong>Salas<\/strong><\/td>\n<td><strong>Size (m\u00b2)<\/strong><\/td>\n<td><img decoding=\"async\" class=\"size-full wp-image-665 aligncenter\" src=\"http:\/\/beta.hotel-royal-antibes.com\/wp-content\/uploads\/2016\/03\/icon-forfait-seminaire-1.jpg\" alt=\"icon-forfait-seminaire-1\" width=\"44\" height=\"41\" \/><\/td>\n<td><img decoding=\"async\" class=\"alignnone size-full wp-image-667\" src=\"http:\/\/beta.hotel-royal-antibes.com\/wp-content\/uploads\/2016\/03\/icon-forfait-seminaire-2.jpg\" alt=\"icon-forfait-seminaire-2\" width=\"44\" height=\"41\" \/><\/td>\n<td><img decoding=\"async\" class=\"alignnone size-full wp-image-669\" src=\"http:\/\/beta.hotel-royal-antibes.com\/wp-content\/uploads\/2016\/03\/icon-forfait-seminaire-3.jpg\" alt=\"icon-forfait-seminaire-3\" width=\"44\" height=\"41\" \/><\/td>\n<td><img decoding=\"async\" class=\"alignnone size-full wp-image-673\" src=\"http:\/\/beta.hotel-royal-antibes.com\/wp-content\/uploads\/2016\/03\/icon-forfait-seminaire-5.jpg\" alt=\"icon-forfait-seminaire-5\" width=\"44\" height=\"41\" \/><\/td>\n<td><strong>Day light<\/strong><\/td>\n<td><strong>Terrace<\/strong><\/td>\n<td><strong>Sea view<\/strong><\/td>\n<\/tr>\n<tr>\n<td>Salle Riviera<\/td>\n<td>80<\/td>\n<td>40<\/td>\n<td>24<\/td>\n<td>14<\/td>\n<td>50<\/td>\n<td>no<\/td>\n<td>no<\/td>\n<td>no<\/td>\n<\/tr>\n<tr>\n<td>Salle Ilette<\/td>\n<td>30<\/td>\n<td>30<\/td>\n<td>24<\/td>\n<td>14<\/td>\n<td>25<\/td>\n<td>yes<\/td>\n<td>yes<\/td>\n<td>no<\/td>\n<\/tr>\n<tr>\n<td>Appartement Royal<\/td>\n<td>25<\/td>\n<td>15<\/td>\n<td>10<\/td>\n<td>10<\/td>\n<td>30<\/td>\n<td>yes<\/td>\n<td>yes<\/td>\n<td>yes<\/td>\n<\/tr>\n<tr>\n<td>Appartement Sup\u00e9rieur<\/td>\n<td>15<\/td>\n<td>10<\/td>\n<td>8<\/td>\n<td>8<\/td>\n<td>15<\/td>\n<td>yes<\/td>\n<td>yes<\/td>\n<td>no<\/td>\n<\/tr>\n<tr>\n<td>Royal Lounge<\/td>\n<td>50<\/td>\n<td>30<\/td>\n<td>20<\/td>\n<td>20<\/td>\n<td>40<\/td>\n<td>yes<\/td>\n<td>yes<\/td>\n<td>yes<\/td>\n<\/tr>\n<tr>\n<td>Royal Beach (plage)<\/td>\n<td>200<\/td>\n<td><\/td>\n<td><\/td>\n<td><\/td>\n<td>150<\/td>\n<td>yes<\/td>\n<td>yes<\/td>\n<td>yes<\/td>\n<\/tr>\n<tr>\n<td>Patio<\/td>\n<td>40<\/td>\n<td>20<\/td>\n<td><\/td>\n<td><\/td>\n<td>30<\/td>\n<td>yes<\/td>\n<td>yes<\/td>\n<td>no<\/td>\n<\/tr>\n<\/tbody>\n<\/table>\n<p>&nbsp;<\/p>\n<p><a href=\"https:\/\/beta.hotel-royal-antibes.com\/wp-content\/uploads\/2023\/09\/2023-Factsheet-Meeting-Room_GB_2023.pdf\" target=\"_blank\" rel=\"noopener noreferrer\"><button class=\"download-button\">Descargue \u201cGrupos y Seminarios\u201d<\/button><\/a><\/p>\n<p><a href=\"https:\/\/beta.hotel-royal-antibes.com\/wp-content\/uploads\/2023\/09\/2023-Fact-sheet-ROOMS-APARTMENT-GB-2023.pdf\" target=\"_blank\" rel=\"noopener noreferrer\"><button class=\"download-button\">Descargue \u201cHabitaciones y apartamento\u201d<\/button><\/a>[\/vc_column_text][\/vc_column][vc_column width=\u00bb1\/3&#8243; el_class=\u00bbform_devis_seminaire\u00bb]\n<div class=\"wpcf7 no-js\" id=\"wpcf7-f3007-o1\" lang=\"fr-FR\" dir=\"ltr\" data-wpcf7-id=\"3007\">\n<div class=\"screen-reader-response\"><p role=\"status\" aria-live=\"polite\" aria-atomic=\"true\"><\/p> <ul><\/ul><\/div>\n<form action=\"\/es\/wp-json\/wp\/v2\/pages\/2604#wpcf7-f3007-o1\" method=\"post\" class=\"wpcf7-form init\" aria-label=\"Formulaire de contact\" novalidate=\"novalidate\" data-status=\"init\">\n<fieldset class=\"hidden-fields-container\"><input type=\"hidden\" name=\"_wpcf7\" value=\"3007\" \/><input type=\"hidden\" name=\"_wpcf7_version\" value=\"6.1.5\" \/><input type=\"hidden\" name=\"_wpcf7_locale\" value=\"fr_FR\" \/><input type=\"hidden\" name=\"_wpcf7_unit_tag\" value=\"wpcf7-f3007-o1\" \/><input type=\"hidden\" name=\"_wpcf7_container_post\" value=\"0\" \/><input type=\"hidden\" name=\"_wpcf7_posted_data_hash\" value=\"\" \/><input type=\"hidden\" name=\"_wpcf7_recaptcha_response\" value=\"\" \/>\n<\/fieldset>\n<h2>Solicite un \u201cPresupuesto\u201d\n<\/h2>\n<p><br \/>\n<span class=\"wpcf7-form-control-wrap\" data-name=\"nom\"><input size=\"40\" maxlength=\"400\" class=\"wpcf7-form-control wpcf7-text wpcf7-validates-as-required\" aria-required=\"true\" aria-invalid=\"false\" placeholder=\"Apellido\" value=\"\" type=\"text\" name=\"nom\" \/><\/span>\n<\/p>\n<p><br \/>\n<span class=\"wpcf7-form-control-wrap\" data-name=\"prenom\"><input size=\"40\" maxlength=\"400\" class=\"wpcf7-form-control wpcf7-text wpcf7-validates-as-required\" aria-required=\"true\" aria-invalid=\"false\" placeholder=\"Nombre\" value=\"\" type=\"text\" name=\"prenom\" \/><\/span>\n<\/p>\n<p><br \/>\n<span class=\"wpcf7-form-control-wrap\" data-name=\"tel\"><input size=\"40\" maxlength=\"400\" class=\"wpcf7-form-control wpcf7-tel wpcf7-validates-as-required wpcf7-text wpcf7-validates-as-tel\" aria-required=\"true\" aria-invalid=\"false\" placeholder=\"Tel.\" value=\"\" type=\"tel\" name=\"tel\" \/><\/span>\n<\/p>\n<p><br \/>\n<span class=\"wpcf7-form-control-wrap\" data-name=\"email\"><input size=\"40\" maxlength=\"400\" class=\"wpcf7-form-control wpcf7-email wpcf7-validates-as-required wpcf7-text wpcf7-validates-as-email\" aria-required=\"true\" aria-invalid=\"false\" placeholder=\"Correo electr\u00f3nico\" value=\"\" type=\"email\" name=\"email\" \/><\/span>\n<\/p>\n<p><br \/>\n<span class=\"wpcf7-form-control-wrap\" data-name=\"nom_societe\"><input size=\"40\" maxlength=\"400\" class=\"wpcf7-form-control wpcf7-text wpcf7-validates-as-required\" aria-required=\"true\" aria-invalid=\"false\" placeholder=\"Nombre de la empresa\" value=\"\" type=\"text\" name=\"nom_societe\" \/><\/span>\n<\/p>\n<p><br \/>\n<span class=\"wpcf7-form-control-wrap\" data-name=\"ville\"><input size=\"40\" maxlength=\"400\" class=\"wpcf7-form-control wpcf7-text\" aria-invalid=\"false\" placeholder=\"Ciudad\" value=\"\" type=\"text\" name=\"ville\" \/><\/span>\n<\/p>\n<p><br \/>\n<span class=\"wpcf7-form-control-wrap\" data-name=\"pays\"><input size=\"40\" maxlength=\"400\" class=\"wpcf7-form-control wpcf7-text wpcf7-validates-as-required\" aria-required=\"true\" aria-invalid=\"false\" placeholder=\"Pais\" value=\"\" type=\"text\" name=\"pays\" \/><\/span>\n<\/p>\n<p><br \/>\n<span class=\"wpcf7-form-control-wrap\" data-name=\"nombre_personnes\"><input class=\"wpcf7-form-control wpcf7-number wpcf7-validates-as-required wpcf7-validates-as-number\" min=\"1\" max=\"100\" aria-required=\"true\" aria-invalid=\"false\" placeholder=\"N\u00famero de personas\" value=\"\" type=\"number\" name=\"nombre_personnes\" \/><\/span>\n<\/p>\n<p><br \/>\n<span class=\"wpcf7-form-control-wrap\" data-name=\"date_arrivee\"><input size=\"40\" maxlength=\"400\" class=\"wpcf7-form-control wpcf7-text wpcf7-validates-as-required datepicker\" aria-required=\"true\" aria-invalid=\"false\" placeholder=\"Fecha de llegada\" value=\"\" type=\"text\" name=\"date_arrivee\" \/><\/span><span class=\"wpcf7-form-control-wrap\" data-name=\"date_depart\"><input size=\"40\" maxlength=\"400\" class=\"wpcf7-form-control wpcf7-text wpcf7-validates-as-required datepicker\" aria-required=\"true\" aria-invalid=\"false\" placeholder=\"Fecha de salida\" value=\"\" type=\"text\" name=\"date_depart\" \/><\/span>\n<\/p>\n<p><br \/>\n\u00bfSon sus fechas flexibles?<br \/>\n<span class=\"wpcf7-form-control-wrap\" data-name=\"dates-flexibles\"><span class=\"wpcf7-form-control wpcf7-radio\"><span class=\"wpcf7-list-item first\"><label><input type=\"radio\" name=\"dates-flexibles\" value=\"Si\" \/><span class=\"wpcf7-list-item-label\">Si<\/span><\/label><\/span><span class=\"wpcf7-list-item last\"><label><input type=\"radio\" name=\"dates-flexibles\" value=\"No\" checked=\"checked\" \/><span class=\"wpcf7-list-item-label\">No<\/span><\/label><\/span><\/span><\/span>\n<\/p>\n<p><br \/>\n<span class=\"wpcf7-form-control-wrap\" data-name=\"budget-global\"><input class=\"wpcf7-form-control wpcf7-number wpcf7-validates-as-number\" aria-invalid=\"false\" placeholder=\"\u00bfDe qu\u00e9 presupuesto global dispone?\" value=\"\" type=\"number\" name=\"budget-global\" \/><\/span>\n<\/p>\n<p><br \/>\n\u00bfDesea reservar habitaciones?<br \/>\n<span class=\"wpcf7-form-control-wrap\" data-name=\"reserver-chambres\"><span class=\"wpcf7-form-control wpcf7-radio\"><span class=\"wpcf7-list-item first\"><label><input type=\"radio\" name=\"reserver-chambres\" value=\"Si\" \/><span class=\"wpcf7-list-item-label\">Si<\/span><\/label><\/span><span class=\"wpcf7-list-item last\"><label><input type=\"radio\" name=\"reserver-chambres\" value=\"No\" checked=\"checked\" \/><span class=\"wpcf7-list-item-label\">No<\/span><\/label><\/span><\/span><\/span>\n<\/p>\n<p><br \/>\n\u00bfDesea reservar la sala de reuniones?<br \/>\n<span class=\"wpcf7-form-control-wrap\" data-name=\"reserver-salle-reunion\"><span class=\"wpcf7-form-control wpcf7-radio\"><span class=\"wpcf7-list-item first\"><label><input type=\"radio\" name=\"reserver-salle-reunion\" value=\"Si\" \/><span class=\"wpcf7-list-item-label\">Si<\/span><\/label><\/span><span class=\"wpcf7-list-item last\"><label><input type=\"radio\" name=\"reserver-salle-reunion\" value=\"No\" checked=\"checked\" \/><span class=\"wpcf7-list-item-label\">No<\/span><\/label><\/span><\/span><\/span>\n<\/p>\n<p><br \/>\n<span class=\"wpcf7-form-control-wrap\" data-name=\"besoins\"><textarea cols=\"40\" rows=\"10\" maxlength=\"2000\" class=\"wpcf7-form-control wpcf7-textarea wpcf7-validates-as-required\" aria-required=\"true\" aria-invalid=\"false\" placeholder=\"Detalle cu\u00e1les son sus necesidades (franjas horarias, configuraci\u00f3n de la sala, equipamientos)\" name=\"besoins\"><\/textarea><\/span>\n<\/p>\n<p><br \/>\n\u00bfDesea organizar pausas o comidas?<br \/>\n<span class=\"wpcf7-form-control-wrap\" data-name=\"pauses-ou-repas\"><span class=\"wpcf7-form-control wpcf7-radio\"><span class=\"wpcf7-list-item first\"><label><input type=\"radio\" name=\"pauses-ou-repas\" value=\"Si\" \/><span class=\"wpcf7-list-item-label\">Si<\/span><\/label><\/span><span class=\"wpcf7-list-item last\"><label><input type=\"radio\" name=\"pauses-ou-repas\" value=\"No\" checked=\"checked\" \/><span class=\"wpcf7-list-item-label\">No<\/span><\/label><\/span><\/span><\/span>\n<\/p>\n\n<p><br \/>\n<input class=\"wpcf7-form-control wpcf7-submit has-spinner\" type=\"submit\" value=\"Envie\" \/>\n<\/p><div class=\"wpcf7-response-output\" aria-hidden=\"true\"><\/div>\n<\/form>\n<\/div>\n[vc_column_text]<\/p>\n<p style=\"text-align: center;\">Coordinaci\u00f3n de Grupos y Seminarios<\/p>\n<p style=\"text-align: center;\">Tel. <a href=\"tel:+33 (0)4 83 61 91 93\">+33 (0)4 83 61 91 93<\/a><\/p>\n<p style=\"text-align: center;\"><a href=\"mailto:sales@royal-antibes.com\">sales@royal-antibes.com<\/a><\/p>\n<p>[\/vc_column_text][\/vc_column][\/vc_row][vc_row][vc_column][vc_column_text]<\/p>\n<div class=\"h1\" ><span style=\"font-size: 24px;\">Descubre tambi\u00e9n<\/span><\/div>\n<p>[\/vc_column_text][\/vc_column][\/vc_row][vc_row][vc_column][vc_basic_grid post_type=\u00bbids\u00bb element_width=\u00bb6&#8243; gap=\u00bb10&#8243; item=\u00bb759&#8243; grid_id=\u00bbvc_gid:1695644376974-d145d4b0-d018-6&#8243; include=\u00bb82, 664, 2709, 2671&#8243;][\/vc_column][\/vc_row]<\/p>\n","protected":false},"excerpt":{"rendered":"<p>[vc_row][vc_column][rev_slider_vc alias=\u00bbslider-restauration\u00bb][\/vc_column][\/vc_row][vc_row][vc_column el_class=\u00bbtitle-page\u00bb][vc_column_text] Restauraci\u00f3n [\/vc_column_text][\/vc_column][\/vc_row][vc_row gap=\u00bb30&#8243;][vc_column width=\u00bb2\/3&#8243;][vc_column_text] Restauraci\u00f3n \u201cA la carta\u201d\u2026 amor por los sabores Seg\u00fan la temporada, el ROYAL ANTIBES puede responder a sus expectativas por partida doble. &nbsp; La sala ESPACE AZUR Para organizar almuerzos y cenas, le proponemos que reserve la sala Espace Azur, situada en la planta baja del hotel acceso [&hellip;]<\/p>\n","protected":false},"author":4,"featured_media":6261,"parent":0,"menu_order":0,"comment_status":"closed","ping_status":"closed","template":"","meta":{"_acf_changed":false,"footnotes":""},"class_list":["post-2604","page","type-page","status-publish","has-post-thumbnail","hentry"],"acf":[],"yoast_head":"<!-- This site is optimized with the Yoast SEO plugin v26.9 - https:\/\/yoast.com\/product\/yoast-seo-wordpress\/ -->\n<title>Banquete: Privatizar una sala en Antibes para el almuerzo y la cena<\/title>\n<meta name=\"description\" content=\"El Hotel Royal Antibes ofrece una habitaci\u00f3n con aire acondicionado en la planta baja del hotel de lujo con una terraza con vistas al mar para sus banquetes. No muy lejos de Cap d&#039;Antibes, nuestro hotel de negocios a la orilla del mar es el lugar ideal para sus seminarios.\" \/>\n<meta name=\"robots\" content=\"index, follow, max-snippet:-1, max-image-preview:large, max-video-preview:-1\" \/>\n<link rel=\"canonical\" href=\"https:\/\/beta.hotel-royal-antibes.com\/es\/restauracion-2\/\" \/>\n<meta property=\"og:locale\" content=\"es_ES\" \/>\n<meta property=\"og:type\" content=\"article\" \/>\n<meta property=\"og:title\" content=\"Banquete: Privatizar una sala en Antibes para el almuerzo y la cena\" \/>\n<meta property=\"og:description\" content=\"El Hotel Royal Antibes ofrece una habitaci\u00f3n con aire acondicionado en la planta baja del hotel de lujo con una terraza con vistas al mar para sus banquetes. No muy lejos de Cap d&#039;Antibes, nuestro hotel de negocios a la orilla del mar es el lugar ideal para sus seminarios.\" \/>\n<meta property=\"og:url\" content=\"https:\/\/beta.hotel-royal-antibes.com\/es\/restauracion-2\/\" \/>\n<meta property=\"og:site_name\" content=\"Royal Antibes\" \/>\n<meta property=\"article:modified_time\" content=\"2023-09-25T12:20:12+00:00\" \/>\n<meta property=\"og:image\" content=\"https:\/\/beta.hotel-royal-antibes.com\/wp-content\/uploads\/2020\/02\/buffet-gourmand.jpg\" \/>\n\t<meta property=\"og:image:width\" content=\"1920\" \/>\n\t<meta property=\"og:image:height\" content=\"1241\" \/>\n\t<meta property=\"og:image:type\" content=\"image\/jpeg\" \/>\n<meta name=\"twitter:card\" content=\"summary_large_image\" \/>\n<meta name=\"twitter:label1\" content=\"Tiempo de lectura\" \/>\n\t<meta name=\"twitter:data1\" content=\"3 minutos\" \/>\n<script type=\"application\/ld+json\" class=\"yoast-schema-graph\">{\"@context\":\"https:\/\/schema.org\",\"@graph\":[{\"@type\":\"WebPage\",\"@id\":\"https:\/\/beta.hotel-royal-antibes.com\/es\/restauracion-2\/\",\"url\":\"https:\/\/beta.hotel-royal-antibes.com\/es\/restauracion-2\/\",\"name\":\"Banquete: Privatizar una sala en Antibes para el almuerzo y la cena\",\"isPartOf\":{\"@id\":\"https:\/\/beta.hotel-royal-antibes.com\/es\/#website\"},\"primaryImageOfPage\":{\"@id\":\"https:\/\/beta.hotel-royal-antibes.com\/es\/restauracion-2\/#primaryimage\"},\"image\":{\"@id\":\"https:\/\/beta.hotel-royal-antibes.com\/es\/restauracion-2\/#primaryimage\"},\"thumbnailUrl\":\"https:\/\/beta.hotel-royal-antibes.com\/wp-content\/uploads\/2020\/02\/buffet-gourmand.jpg\",\"datePublished\":\"2016-03-23T14:15:33+00:00\",\"dateModified\":\"2023-09-25T12:20:12+00:00\",\"description\":\"El Hotel Royal Antibes ofrece una habitaci\u00f3n con aire acondicionado en la planta baja del hotel de lujo con una terraza con vistas al mar para sus banquetes. No muy lejos de Cap d'Antibes, nuestro hotel de negocios a la orilla del mar es el lugar ideal para sus seminarios.\",\"breadcrumb\":{\"@id\":\"https:\/\/beta.hotel-royal-antibes.com\/es\/restauracion-2\/#breadcrumb\"},\"inLanguage\":\"es\",\"potentialAction\":[{\"@type\":\"ReadAction\",\"target\":[\"https:\/\/beta.hotel-royal-antibes.com\/es\/restauracion-2\/\"]}]},{\"@type\":\"ImageObject\",\"inLanguage\":\"es\",\"@id\":\"https:\/\/beta.hotel-royal-antibes.com\/es\/restauracion-2\/#primaryimage\",\"url\":\"https:\/\/beta.hotel-royal-antibes.com\/wp-content\/uploads\/2020\/02\/buffet-gourmand.jpg\",\"contentUrl\":\"https:\/\/beta.hotel-royal-antibes.com\/wp-content\/uploads\/2020\/02\/buffet-gourmand.jpg\",\"width\":1920,\"height\":1241},{\"@type\":\"BreadcrumbList\",\"@id\":\"https:\/\/beta.hotel-royal-antibes.com\/es\/restauracion-2\/#breadcrumb\",\"itemListElement\":[{\"@type\":\"ListItem\",\"position\":1,\"name\":\"Hotel Royal Antibes\",\"item\":\"https:\/\/beta.hotel-royal-antibes.com\/es\/\"},{\"@type\":\"ListItem\",\"position\":2,\"name\":\"Restauraci\u00f3n\"}]},{\"@type\":\"WebSite\",\"@id\":\"https:\/\/beta.hotel-royal-antibes.com\/es\/#website\",\"url\":\"https:\/\/beta.hotel-royal-antibes.com\/es\/\",\"name\":\"Royal Antibes\",\"description\":\"Luxury hotel in Antibes on French Riviera\",\"potentialAction\":[{\"@type\":\"SearchAction\",\"target\":{\"@type\":\"EntryPoint\",\"urlTemplate\":\"https:\/\/beta.hotel-royal-antibes.com\/es\/?s={search_term_string}\"},\"query-input\":{\"@type\":\"PropertyValueSpecification\",\"valueRequired\":true,\"valueName\":\"search_term_string\"}}],\"inLanguage\":\"es\"}]}<\/script>\n<!-- \/ Yoast SEO plugin. -->","yoast_head_json":{"title":"Banquete: Privatizar una sala en Antibes para el almuerzo y la cena","description":"El Hotel Royal Antibes ofrece una habitaci\u00f3n con aire acondicionado en la planta baja del hotel de lujo con una terraza con vistas al mar para sus banquetes. No muy lejos de Cap d'Antibes, nuestro hotel de negocios a la orilla del mar es el lugar ideal para sus seminarios.","robots":{"index":"index","follow":"follow","max-snippet":"max-snippet:-1","max-image-preview":"max-image-preview:large","max-video-preview":"max-video-preview:-1"},"canonical":"https:\/\/beta.hotel-royal-antibes.com\/es\/restauracion-2\/","og_locale":"es_ES","og_type":"article","og_title":"Banquete: Privatizar una sala en Antibes para el almuerzo y la cena","og_description":"El Hotel Royal Antibes ofrece una habitaci\u00f3n con aire acondicionado en la planta baja del hotel de lujo con una terraza con vistas al mar para sus banquetes. No muy lejos de Cap d'Antibes, nuestro hotel de negocios a la orilla del mar es el lugar ideal para sus seminarios.","og_url":"https:\/\/beta.hotel-royal-antibes.com\/es\/restauracion-2\/","og_site_name":"Royal Antibes","article_modified_time":"2023-09-25T12:20:12+00:00","og_image":[{"width":1920,"height":1241,"url":"https:\/\/beta.hotel-royal-antibes.com\/wp-content\/uploads\/2020\/02\/buffet-gourmand.jpg","type":"image\/jpeg"}],"twitter_card":"summary_large_image","twitter_misc":{"Tiempo de lectura":"3 minutos"},"schema":{"@context":"https:\/\/schema.org","@graph":[{"@type":"WebPage","@id":"https:\/\/beta.hotel-royal-antibes.com\/es\/restauracion-2\/","url":"https:\/\/beta.hotel-royal-antibes.com\/es\/restauracion-2\/","name":"Banquete: Privatizar una sala en Antibes para el almuerzo y la cena","isPartOf":{"@id":"https:\/\/beta.hotel-royal-antibes.com\/es\/#website"},"primaryImageOfPage":{"@id":"https:\/\/beta.hotel-royal-antibes.com\/es\/restauracion-2\/#primaryimage"},"image":{"@id":"https:\/\/beta.hotel-royal-antibes.com\/es\/restauracion-2\/#primaryimage"},"thumbnailUrl":"https:\/\/beta.hotel-royal-antibes.com\/wp-content\/uploads\/2020\/02\/buffet-gourmand.jpg","datePublished":"2016-03-23T14:15:33+00:00","dateModified":"2023-09-25T12:20:12+00:00","description":"El Hotel Royal Antibes ofrece una habitaci\u00f3n con aire acondicionado en la planta baja del hotel de lujo con una terraza con vistas al mar para sus banquetes. No muy lejos de Cap d'Antibes, nuestro hotel de negocios a la orilla del mar es el lugar ideal para sus seminarios.","breadcrumb":{"@id":"https:\/\/beta.hotel-royal-antibes.com\/es\/restauracion-2\/#breadcrumb"},"inLanguage":"es","potentialAction":[{"@type":"ReadAction","target":["https:\/\/beta.hotel-royal-antibes.com\/es\/restauracion-2\/"]}]},{"@type":"ImageObject","inLanguage":"es","@id":"https:\/\/beta.hotel-royal-antibes.com\/es\/restauracion-2\/#primaryimage","url":"https:\/\/beta.hotel-royal-antibes.com\/wp-content\/uploads\/2020\/02\/buffet-gourmand.jpg","contentUrl":"https:\/\/beta.hotel-royal-antibes.com\/wp-content\/uploads\/2020\/02\/buffet-gourmand.jpg","width":1920,"height":1241},{"@type":"BreadcrumbList","@id":"https:\/\/beta.hotel-royal-antibes.com\/es\/restauracion-2\/#breadcrumb","itemListElement":[{"@type":"ListItem","position":1,"name":"Hotel Royal Antibes","item":"https:\/\/beta.hotel-royal-antibes.com\/es\/"},{"@type":"ListItem","position":2,"name":"Restauraci\u00f3n"}]},{"@type":"WebSite","@id":"https:\/\/beta.hotel-royal-antibes.com\/es\/#website","url":"https:\/\/beta.hotel-royal-antibes.com\/es\/","name":"Royal Antibes","description":"Luxury hotel in Antibes on French Riviera","potentialAction":[{"@type":"SearchAction","target":{"@type":"EntryPoint","urlTemplate":"https:\/\/beta.hotel-royal-antibes.com\/es\/?s={search_term_string}"},"query-input":{"@type":"PropertyValueSpecification","valueRequired":true,"valueName":"search_term_string"}}],"inLanguage":"es"}]}},"_links":{"self":[{"href":"https:\/\/beta.hotel-royal-antibes.com\/es\/wp-json\/wp\/v2\/pages\/2604","targetHints":{"allow":["GET"]}}],"collection":[{"href":"https:\/\/beta.hotel-royal-antibes.com\/es\/wp-json\/wp\/v2\/pages"}],"about":[{"href":"https:\/\/beta.hotel-royal-antibes.com\/es\/wp-json\/wp\/v2\/types\/page"}],"author":[{"embeddable":true,"href":"https:\/\/beta.hotel-royal-antibes.com\/es\/wp-json\/wp\/v2\/users\/4"}],"replies":[{"embeddable":true,"href":"https:\/\/beta.hotel-royal-antibes.com\/es\/wp-json\/wp\/v2\/comments?post=2604"}],"version-history":[{"count":9,"href":"https:\/\/beta.hotel-royal-antibes.com\/es\/wp-json\/wp\/v2\/pages\/2604\/revisions"}],"predecessor-version":[{"id":7966,"href":"https:\/\/beta.hotel-royal-antibes.com\/es\/wp-json\/wp\/v2\/pages\/2604\/revisions\/7966"}],"wp:featuredmedia":[{"embeddable":true,"href":"https:\/\/beta.hotel-royal-antibes.com\/es\/wp-json\/wp\/v2\/media\/6261"}],"wp:attachment":[{"href":"https:\/\/beta.hotel-royal-antibes.com\/es\/wp-json\/wp\/v2\/media?parent=2604"}],"curies":[{"name":"wp","href":"https:\/\/api.w.org\/{rel}","templated":true}]}}