{"id":2592,"date":"2016-03-21T22:52:06","date_gmt":"2016-03-21T21:52:06","guid":{"rendered":"http:\/\/beta.hotel-royal-antibes.com\/es\/divertissement\/"},"modified":"2022-05-04T17:58:17","modified_gmt":"2022-05-04T16:58:17","slug":"entretenimiento","status":"publish","type":"page","link":"https:\/\/beta.hotel-royal-antibes.com\/es\/entretenimiento\/","title":{"rendered":"Entretenimiento"},"content":{"rendered":"<p>[vc_row][vc_column][rev_slider_vc alias=\u00bbslider-divertissement\u00bb][\/vc_column][\/vc_row][vc_row][vc_column][vc_column_text]<\/p>\n<h1>Entretenimiento<\/h1>\n<p>[\/vc_column_text][\/vc_column][\/vc_row][vc_row gap=\u00bb30&#8243;][vc_column width=\u00bb2\/3&#8243;][vc_column_text]<\/p>\n<h3>Antibes tambi\u00e9n es un destino que le abre las puertas a m\u00faltiples actividades de ocio, deporte y entretenimientos de todo tipo&#8230;<\/h3>\n<p>El parque Marineland, junto con el Aquasplash, el Adventure golf (campo de minigolf), el Marineland Lagoon y la Kid\u2019s Island, es uno de los parques m\u00e1s visitados de Francia. Antibes Land abre durante la temporada y trae consigo los colores de la feria.<\/p>\n<p>En los alrededores del hotel, en un radio de 15 km, encontrar\u00e1 numerosos campos de golf de 9 a 18 hoyos: el Golf de Biot, el Golf Country Club de Cannes o incluso el Royal Golf de Mougins.<\/p>\n<p>Al caer la noche se puede escoger entre muchas actividades nocturnas: casinos, bares de vinos o incluso clubs nocturnos. Nuestro Chef conserje Clefs d\u2019Or sabr\u00e1 recomendarle los mejores lugares para animar sus noches.[\/vc_column_text][\/vc_column][vc_column width=\u00bb1\/3&#8243; el_class=\u00bbbg-gris-texture\u00bb][vc_column_text]<\/p>\n<p style=\"text-align: center;\"><img decoding=\"async\" class=\"alignnone size-full wp-image-1088\" src=\"http:\/\/beta.hotel-royal-antibes.com\/wp-content\/uploads\/2022\/05\/sonnette-noir.png\" alt=\"picto-big-concierge\" \/><\/p>\n<p style=\"text-align: center;\">Servicio de recepci\u00f3n<\/p>\n<p style=\"text-align: center;\">Nuestro equipo est\u00e1 a su disposici\u00f3n en todo momento.<br \/>\nNo dude en solicitar sus servicios.<\/p>\n<p style=\"text-align: center;\"><a href=\"mailto:concierge@royal-antibes.com\">contact@royal-antibes.com<br \/>\n<\/a>Tel. <a href=\"tel:+33 (0)4 83 61 91 91\">+33 (0)4 83 61 91 91<\/a><\/p>\n<p>[\/vc_column_text][\/vc_column][\/vc_row][vc_row][vc_column][vc_column_text]<ul class=\"pins-feed-list\"><li class=\"pins-feed-item\" style=\"width:100px;height:100px;\"><div class=\"pins-feed-myList\"><a href=\"https:\/\/www.pinterest.com\/pin\/UGXL2teE\/\" target=\"_BLANK\" title=\" - Pinned on May 05, 2026\"><img decoding=\"async\" src=\"\" alt=\"\"\/><\/a><\/div><\/li><li class=\"pins-feed-item\" style=\"width:100px;height:100px;\"><div class=\"pins-feed-myList\"><a href=\"https:\/\/www.pinterest.com\/pin\/466544842631941314\/\" target=\"_BLANK\" title=\"Antibes 1895 PLM - Pinned on Oct 23, 2016\"><img decoding=\"async\" src=\"https:\/\/i.pinimg.com\/236x\/24\/50\/7b\/24507bf2db22e0937e9fdd0dc985a164.jpg\" alt=\"Antibes 1895 PLM\"\/><\/a><\/div><\/li><li class=\"pins-feed-item\" style=\"width:100px;height:100px;\"><div class=\"pins-feed-myList\"><a href=\"https:\/\/www.pinterest.com\/pin\/466544842631914805\/\" target=\"_BLANK\" title=\"Monsieur.Z - Pinned on Oct 21, 2016\"><img decoding=\"async\" src=\"https:\/\/i.pinimg.com\/236x\/d0\/e2\/e8\/d0e2e8de1f2498be5108028514f1ca25.jpg\" alt=\"Monsieur.Z\"\/><\/a><\/div><\/li><li class=\"pins-feed-item\" style=\"width:100px;height:100px;\"><div class=\"pins-feed-myList\"><a href=\"https:\/\/www.pinterest.com\/pin\/466544842631914708\/\" target=\"_BLANK\" title=\"beautiful Vintage French Travel Poster Menton Mer Montagne by Lessieux France Art Print, on eBay - Pinned on Oct 21, 2016\"><img decoding=\"async\" src=\"https:\/\/i.pinimg.com\/236x\/69\/3e\/ee\/693eee568790d14849d8cce2a1dc7c15.jpg\" alt=\"beautiful Vintage French Travel Poster Menton Mer Montagne by Lessieux France Art Print, on eBay\"\/><\/a><\/div><\/li><li class=\"pins-feed-item\" style=\"width:100px;height:100px;\"><div class=\"pins-feed-myList\"><a href=\"https:\/\/www.pinterest.com\/pin\/466544842631901336\/\" target=\"_BLANK\" title=\"Vintage French Travel Poster Air France \u201cC\u00f4te d\u2019Azur\u201d By Villemot ca. 1960 - Pinned on Oct 20, 2016\"><img decoding=\"async\" src=\"https:\/\/i.pinimg.com\/236x\/87\/c0\/b6\/87c0b678f0191e4200f243c9933465a3.jpg\" alt=\"Vintage French Travel Poster Air France \u201cC\u00f4te d\u2019Azur\u201d By Villemot ca. 1960\"\/><\/a><\/div><\/li><li class=\"pins-feed-item\" style=\"width:100px;height:100px;\"><div class=\"pins-feed-myList\"><a href=\"https:\/\/www.pinterest.com\/pin\/466544842631901334\/\" target=\"_BLANK\" title=\"vintage poster - Monte Carlo beach - Pinned on Oct 20, 2016\"><img decoding=\"async\" src=\"https:\/\/i.pinimg.com\/236x\/ef\/ea\/1c\/efea1c032e60080b62407cfd5f86e399.jpg\" alt=\"vintage poster - Monte Carlo beach\"\/><\/a><\/div><\/li><li class=\"pins-feed-item\" style=\"width:100px;height:100px;\"><div class=\"pins-feed-myList\"><a href=\"https:\/\/www.pinterest.com\/pin\/466544842631844134\/\" target=\"_BLANK\" title=\"La Cote d Azur by Broders 1930 France ` - Pinned on Oct 16, 2016\"><img decoding=\"async\" src=\"https:\/\/i.pinimg.com\/236x\/7c\/3d\/d0\/7c3dd0e6478bbdb30e15efdf5465aa24.jpg\" alt=\"La Cote d Azur by Broders 1930 France `\"\/><\/a><\/div><\/li><li class=\"pins-feed-item\" style=\"width:100px;height:100px;\"><div class=\"pins-feed-myList\"><a href=\"https:\/\/www.pinterest.com\/pin\/466544842631825927\/\" target=\"_BLANK\" title=\"Cannes France Ocean Large French Vintage Travel Poster Reproduction Free s H | eBay - Pinned on Oct 15, 2016\"><img decoding=\"async\" src=\"https:\/\/i.pinimg.com\/236x\/43\/12\/f4\/4312f4b77330cabd2791f018d252854b.jpg\" alt=\"Cannes France Ocean Large French Vintage Travel Poster Reproduction Free s H | eBay\"\/><\/a><\/div><\/li><li class=\"pins-feed-item\" style=\"width:100px;height:100px;\"><div class=\"pins-feed-myList\"><a href=\"https:\/\/www.pinterest.com\/pin\/466544842631726354\/\" target=\"_BLANK\" title=\"Cote d&#039;Azur original vintage travel poster from 1951 by artist Ceria. French tourism advertisement to visit French Riviera destination. Beautiful beach scene with palm trees and mountains in a background. - Pinned on Oct 08, 2016\"><img decoding=\"async\" src=\"https:\/\/i.pinimg.com\/236x\/23\/9b\/c8\/239bc83274154b7c23c76adb0213f472.jpg\" alt=\"Cote d&#039;Azur original vintage travel poster from 1951 by artist Ceria. French tourism advertisement to visit French Riviera destination. Beautiful beach scene with palm trees and mountains in a background.\"\/><\/a><\/div><\/li><li class=\"pins-feed-item\" style=\"width:100px;height:100px;\"><div class=\"pins-feed-myList\"><a href=\"https:\/\/www.pinterest.com\/pin\/466544842631725866\/\" target=\"_BLANK\" title=\"Vintage Travel Beach Posters. JEAN LUC AIR FRANCE \/ NICE. 1948. www.varaldocosmetica.it\/en : the olive oil cosmetics from the Riviera . - Pinned on Oct 08, 2016\"><img decoding=\"async\" src=\"https:\/\/i.pinimg.com\/236x\/d5\/d6\/c1\/d5d6c1bc3d3560112eb091f2af8886d7.jpg\" alt=\"Vintage Travel Beach Posters. JEAN LUC AIR FRANCE \/ NICE. 1948. www.varaldocosmetica.it\/en : the olive oil cosmetics from the Riviera .\"\/><\/a><\/div><\/li><div class=\"pinsClear\"><\/div><\/ul><script type=\"text\/javascript\">jQuery(document).ready(function() {jQuery('.pins-feed-item img').nailthumb({width:100,height:100})}); <\/script><a href=\"http:\/\/pinterest.com\/royalantibes\/\" id=\"pins-feed-follow\" target=\"_blank\" class=\"followMed\" title=\"Follow Me on Pinterest\"><img decoding=\"async\" src=\"http:\/\/passets-cdn.pinterest.com\/images\/pinterest-button.png\" width=\"78\" height=\"26\" alt=\"Follow Me on Pinterest\" border=\"0\" \/><\/a>[\/vc_column_text][\/vc_column][\/vc_row][vc_row][vc_column][vc_column_text]<\/p>\n<div class=\"h1\" ><span style=\"font-size: 24px;\">Descubre tambi\u00e9n<\/span><\/div>\n<p>[\/vc_column_text][\/vc_column][\/vc_row][vc_row][vc_column][vc_basic_grid post_type=\u00bbids\u00bb element_width=\u00bb3&#8243; item=\u00bb287&#8243; grid_id=\u00bbvc_gid:1651683293786-377d7e73-9805-3&#8243; include=\u00bb77, 360, 366, 357, 2567, 2574, 2555, 2580&#8243;][\/vc_column][\/vc_row]<\/p>\n","protected":false},"excerpt":{"rendered":"<p>[vc_row][vc_column][rev_slider_vc alias=\u00bbslider-divertissement\u00bb][\/vc_column][\/vc_row][vc_row][vc_column][vc_column_text] Entretenimiento [\/vc_column_text][\/vc_column][\/vc_row][vc_row gap=\u00bb30&#8243;][vc_column width=\u00bb2\/3&#8243;][vc_column_text] Antibes tambi\u00e9n es un destino que le abre las puertas a m\u00faltiples actividades de ocio, deporte y entretenimientos de todo tipo&#8230; El parque Marineland, junto con el Aquasplash, el Adventure golf (campo de minigolf), el Marineland Lagoon y la Kid\u2019s Island, es uno de los parques m\u00e1s visitados de [&hellip;]<\/p>\n","protected":false},"author":4,"featured_media":2593,"parent":0,"menu_order":0,"comment_status":"closed","ping_status":"closed","template":"","meta":{"_acf_changed":false,"footnotes":""},"class_list":["post-2592","page","type-page","status-publish","has-post-thumbnail","hentry"],"acf":[],"yoast_head":"<!-- This site is optimized with the Yoast SEO plugin v26.9 - https:\/\/yoast.com\/product\/yoast-seo-wordpress\/ -->\n<title>Antibes es tambi\u00e9n un destino propicio para la diversi\u00f3n<\/title>\n<meta name=\"description\" content=\"Antibes es un lugar de entretenimiento: deportes, ocio acu\u00e1tico, golf...\" \/>\n<meta name=\"robots\" content=\"index, follow, max-snippet:-1, max-image-preview:large, max-video-preview:-1\" \/>\n<link rel=\"canonical\" href=\"https:\/\/beta.hotel-royal-antibes.com\/es\/entretenimiento\/\" \/>\n<meta property=\"og:locale\" content=\"es_ES\" \/>\n<meta property=\"og:type\" content=\"article\" \/>\n<meta property=\"og:title\" content=\"Antibes es tambi\u00e9n un destino propicio para la diversi\u00f3n\" \/>\n<meta property=\"og:description\" content=\"Antibes es un lugar de entretenimiento: deportes, ocio acu\u00e1tico, golf...\" \/>\n<meta property=\"og:url\" content=\"https:\/\/beta.hotel-royal-antibes.com\/es\/entretenimiento\/\" \/>\n<meta property=\"og:site_name\" content=\"Royal Antibes\" \/>\n<meta property=\"article:modified_time\" content=\"2022-05-04T16:58:17+00:00\" \/>\n<meta property=\"og:image\" content=\"https:\/\/beta.hotel-royal-antibes.com\/wp-content\/uploads\/2016\/04\/dauphins-marineland.jpg\" \/>\n\t<meta property=\"og:image:width\" content=\"1824\" \/>\n\t<meta property=\"og:image:height\" content=\"1216\" \/>\n\t<meta property=\"og:image:type\" content=\"image\/jpeg\" \/>\n<meta name=\"twitter:card\" content=\"summary_large_image\" \/>\n<meta name=\"twitter:label1\" content=\"Tiempo de lectura\" \/>\n\t<meta name=\"twitter:data1\" content=\"2 minutos\" \/>\n<script type=\"application\/ld+json\" class=\"yoast-schema-graph\">{\"@context\":\"https:\/\/schema.org\",\"@graph\":[{\"@type\":\"WebPage\",\"@id\":\"https:\/\/beta.hotel-royal-antibes.com\/es\/entretenimiento\/\",\"url\":\"https:\/\/beta.hotel-royal-antibes.com\/es\/entretenimiento\/\",\"name\":\"Antibes es tambi\u00e9n un destino propicio para la diversi\u00f3n\",\"isPartOf\":{\"@id\":\"https:\/\/beta.hotel-royal-antibes.com\/es\/#website\"},\"primaryImageOfPage\":{\"@id\":\"https:\/\/beta.hotel-royal-antibes.com\/es\/entretenimiento\/#primaryimage\"},\"image\":{\"@id\":\"https:\/\/beta.hotel-royal-antibes.com\/es\/entretenimiento\/#primaryimage\"},\"thumbnailUrl\":\"https:\/\/beta.hotel-royal-antibes.com\/wp-content\/uploads\/2016\/04\/dauphins-marineland.jpg\",\"datePublished\":\"2016-03-21T21:52:06+00:00\",\"dateModified\":\"2022-05-04T16:58:17+00:00\",\"description\":\"Antibes es un lugar de entretenimiento: deportes, ocio acu\u00e1tico, golf...\",\"breadcrumb\":{\"@id\":\"https:\/\/beta.hotel-royal-antibes.com\/es\/entretenimiento\/#breadcrumb\"},\"inLanguage\":\"es\",\"potentialAction\":[{\"@type\":\"ReadAction\",\"target\":[\"https:\/\/beta.hotel-royal-antibes.com\/es\/entretenimiento\/\"]}]},{\"@type\":\"ImageObject\",\"inLanguage\":\"es\",\"@id\":\"https:\/\/beta.hotel-royal-antibes.com\/es\/entretenimiento\/#primaryimage\",\"url\":\"https:\/\/beta.hotel-royal-antibes.com\/wp-content\/uploads\/2016\/04\/dauphins-marineland.jpg\",\"contentUrl\":\"https:\/\/beta.hotel-royal-antibes.com\/wp-content\/uploads\/2016\/04\/dauphins-marineland.jpg\",\"width\":1824,\"height\":1216},{\"@type\":\"BreadcrumbList\",\"@id\":\"https:\/\/beta.hotel-royal-antibes.com\/es\/entretenimiento\/#breadcrumb\",\"itemListElement\":[{\"@type\":\"ListItem\",\"position\":1,\"name\":\"Hotel Royal Antibes\",\"item\":\"https:\/\/beta.hotel-royal-antibes.com\/es\/\"},{\"@type\":\"ListItem\",\"position\":2,\"name\":\"Entretenimiento\"}]},{\"@type\":\"WebSite\",\"@id\":\"https:\/\/beta.hotel-royal-antibes.com\/es\/#website\",\"url\":\"https:\/\/beta.hotel-royal-antibes.com\/es\/\",\"name\":\"Royal Antibes\",\"description\":\"Luxury hotel in Antibes on French Riviera\",\"potentialAction\":[{\"@type\":\"SearchAction\",\"target\":{\"@type\":\"EntryPoint\",\"urlTemplate\":\"https:\/\/beta.hotel-royal-antibes.com\/es\/?s={search_term_string}\"},\"query-input\":{\"@type\":\"PropertyValueSpecification\",\"valueRequired\":true,\"valueName\":\"search_term_string\"}}],\"inLanguage\":\"es\"}]}<\/script>\n<!-- \/ Yoast SEO plugin. -->","yoast_head_json":{"title":"Antibes es tambi\u00e9n un destino propicio para la diversi\u00f3n","description":"Antibes es un lugar de entretenimiento: deportes, ocio acu\u00e1tico, golf...","robots":{"index":"index","follow":"follow","max-snippet":"max-snippet:-1","max-image-preview":"max-image-preview:large","max-video-preview":"max-video-preview:-1"},"canonical":"https:\/\/beta.hotel-royal-antibes.com\/es\/entretenimiento\/","og_locale":"es_ES","og_type":"article","og_title":"Antibes es tambi\u00e9n un destino propicio para la diversi\u00f3n","og_description":"Antibes es un lugar de entretenimiento: deportes, ocio acu\u00e1tico, golf...","og_url":"https:\/\/beta.hotel-royal-antibes.com\/es\/entretenimiento\/","og_site_name":"Royal Antibes","article_modified_time":"2022-05-04T16:58:17+00:00","og_image":[{"width":1824,"height":1216,"url":"https:\/\/beta.hotel-royal-antibes.com\/wp-content\/uploads\/2016\/04\/dauphins-marineland.jpg","type":"image\/jpeg"}],"twitter_card":"summary_large_image","twitter_misc":{"Tiempo de lectura":"2 minutos"},"schema":{"@context":"https:\/\/schema.org","@graph":[{"@type":"WebPage","@id":"https:\/\/beta.hotel-royal-antibes.com\/es\/entretenimiento\/","url":"https:\/\/beta.hotel-royal-antibes.com\/es\/entretenimiento\/","name":"Antibes es tambi\u00e9n un destino propicio para la diversi\u00f3n","isPartOf":{"@id":"https:\/\/beta.hotel-royal-antibes.com\/es\/#website"},"primaryImageOfPage":{"@id":"https:\/\/beta.hotel-royal-antibes.com\/es\/entretenimiento\/#primaryimage"},"image":{"@id":"https:\/\/beta.hotel-royal-antibes.com\/es\/entretenimiento\/#primaryimage"},"thumbnailUrl":"https:\/\/beta.hotel-royal-antibes.com\/wp-content\/uploads\/2016\/04\/dauphins-marineland.jpg","datePublished":"2016-03-21T21:52:06+00:00","dateModified":"2022-05-04T16:58:17+00:00","description":"Antibes es un lugar de entretenimiento: deportes, ocio acu\u00e1tico, golf...","breadcrumb":{"@id":"https:\/\/beta.hotel-royal-antibes.com\/es\/entretenimiento\/#breadcrumb"},"inLanguage":"es","potentialAction":[{"@type":"ReadAction","target":["https:\/\/beta.hotel-royal-antibes.com\/es\/entretenimiento\/"]}]},{"@type":"ImageObject","inLanguage":"es","@id":"https:\/\/beta.hotel-royal-antibes.com\/es\/entretenimiento\/#primaryimage","url":"https:\/\/beta.hotel-royal-antibes.com\/wp-content\/uploads\/2016\/04\/dauphins-marineland.jpg","contentUrl":"https:\/\/beta.hotel-royal-antibes.com\/wp-content\/uploads\/2016\/04\/dauphins-marineland.jpg","width":1824,"height":1216},{"@type":"BreadcrumbList","@id":"https:\/\/beta.hotel-royal-antibes.com\/es\/entretenimiento\/#breadcrumb","itemListElement":[{"@type":"ListItem","position":1,"name":"Hotel Royal Antibes","item":"https:\/\/beta.hotel-royal-antibes.com\/es\/"},{"@type":"ListItem","position":2,"name":"Entretenimiento"}]},{"@type":"WebSite","@id":"https:\/\/beta.hotel-royal-antibes.com\/es\/#website","url":"https:\/\/beta.hotel-royal-antibes.com\/es\/","name":"Royal Antibes","description":"Luxury hotel in Antibes on French Riviera","potentialAction":[{"@type":"SearchAction","target":{"@type":"EntryPoint","urlTemplate":"https:\/\/beta.hotel-royal-antibes.com\/es\/?s={search_term_string}"},"query-input":{"@type":"PropertyValueSpecification","valueRequired":true,"valueName":"search_term_string"}}],"inLanguage":"es"}]}},"_links":{"self":[{"href":"https:\/\/beta.hotel-royal-antibes.com\/es\/wp-json\/wp\/v2\/pages\/2592","targetHints":{"allow":["GET"]}}],"collection":[{"href":"https:\/\/beta.hotel-royal-antibes.com\/es\/wp-json\/wp\/v2\/pages"}],"about":[{"href":"https:\/\/beta.hotel-royal-antibes.com\/es\/wp-json\/wp\/v2\/types\/page"}],"author":[{"embeddable":true,"href":"https:\/\/beta.hotel-royal-antibes.com\/es\/wp-json\/wp\/v2\/users\/4"}],"replies":[{"embeddable":true,"href":"https:\/\/beta.hotel-royal-antibes.com\/es\/wp-json\/wp\/v2\/comments?post=2592"}],"version-history":[{"count":5,"href":"https:\/\/beta.hotel-royal-antibes.com\/es\/wp-json\/wp\/v2\/pages\/2592\/revisions"}],"predecessor-version":[{"id":7355,"href":"https:\/\/beta.hotel-royal-antibes.com\/es\/wp-json\/wp\/v2\/pages\/2592\/revisions\/7355"}],"wp:featuredmedia":[{"embeddable":true,"href":"https:\/\/beta.hotel-royal-antibes.com\/es\/wp-json\/wp\/v2\/media\/2593"}],"wp:attachment":[{"href":"https:\/\/beta.hotel-royal-antibes.com\/es\/wp-json\/wp\/v2\/media?parent=2592"}],"curies":[{"name":"wp","href":"https:\/\/api.w.org\/{rel}","templated":true}]}}