{"id":2580,"date":"2016-03-21T22:24:44","date_gmt":"2016-03-21T21:24:44","guid":{"rendered":"http:\/\/beta.hotel-royal-antibes.com\/es\/arts-et-culture\/"},"modified":"2022-05-04T17:57:25","modified_gmt":"2022-05-04T16:57:25","slug":"arte-y-cultura","status":"publish","type":"page","link":"https:\/\/beta.hotel-royal-antibes.com\/es\/arte-y-cultura\/","title":{"rendered":"Arte y cultura"},"content":{"rendered":"<p>[vc_row][vc_column][rev_slider_vc alias=\u00bbslider-arts-et-culture\u00bb][\/vc_column][\/vc_row][vc_row][vc_column][vc_column_text]<\/p>\n<h1>Arte y cultura<\/h1>\n<p>[\/vc_column_text][\/vc_column][\/vc_row][vc_row gap=\u00bb30&#8243;][vc_column width=\u00bb2\/3&#8243;][vc_column_text]<\/p>\n<h3>Muchos artistas, escritores o pintores escogieron Antibes como fuente de inspiraci\u00f3n&#8230;<\/h3>\n<p>Como por ejemplo Claude Monet, el c\u00e9lebre pintor impresionista; Nicolas de Sta\u00ebl, si hablamos de arte moderno, o el famos\u00edsimo Pablo Picasso, que compr\u00f3 el castillo Grimaldi para convertirlo en su residencia, que hoy es un museo. En cuanto a los escritores, podemos citar a Somerset Maugham o Guillaume Musso. Juan-les-Pins debe tambi\u00e9n su prestigio a Scott y Zelda Fitzgerald, que lanzaron el turismo costero en los a\u00f1os treinta.<\/p>\n<ul>\n<li>El museo Peynet y de dibujo humor\u00edstico, frente a la plaza Nacional, que fue un regalo de Luis xviii para la ciudad.<\/li>\n<li>La capilla Saint Bernardin construida en 1513 y que ha sido recientemente renovada.<\/li>\n<li>El museo Picasso.<\/li>\n<li>El museo de las postales.<\/li>\n<li>La <a href=\"http:\/\/www.antibesjuanlespins.com\/fr\/art-et-culture\/fondation-hartung-bergman\">Fundaci\u00f3n Hartung Bergman<\/a>, con grandes figuras del arte abstracto del siglo xx.<\/li>\n<li>La Villa Eilen Roc y sus jardines, un dominio de 11 hect\u00e1reas que simboliza el lujo y la voluptuosidad de la <em>Belle \u00c9poque<\/em>. Se construy\u00f3 en 1867 siguiendo los planos de Charles Garnier, el arquitecto de las \u00f3peras Par\u00eds y Montecarlo.<\/li>\n<li>El museo de arqueolog\u00eda, situado a 200 m del hotel.<\/li>\n<\/ul>\n<p>&nbsp;<\/p>\n<p>Descubra tambi\u00e9n la Costa Azul y todas las ventajas que le ofrece para descubrir a su ritmo en los alrededores.<\/p>\n<p><a href=\"http:\/\/www.cotedazur-card.com\/les-activites-tout-inclus\/ou-acheter-votre-cotedazur-card-06_3001.html#enligne\" target=\"_blank\" rel=\"noopener noreferrer\">PASS COTE D AZUR<\/a>[\/vc_column_text][\/vc_column][vc_column width=\u00bb1\/3&#8243; el_class=\u00bbbg-gris-texture\u00bb][vc_column_text]<\/p>\n<p style=\"text-align: center;\"><img decoding=\"async\" class=\"alignnone size-full wp-image-1088\" src=\"http:\/\/beta.hotel-royal-antibes.com\/wp-content\/uploads\/2022\/05\/sonnette-noir.png\" alt=\"picto-big-concierge\" \/><\/p>\n<p style=\"text-align: center;\">Servicio di recepci\u00f3n<\/p>\n<p style=\"text-align: center;\">Nuestro equipo est\u00e1 a su disposici\u00f3n en todo momento.<br \/>\nNo dude en solicitar sus servicios.<\/p>\n<p style=\"text-align: center;\"><a href=\"mailto:concierge@royal-antibes.com\">contact@royal-antibes.com<br \/>\n<\/a>Tel. <a href=\"tel:+33 (0)4 83 61 91 91\">+33 (0)4 83 61 91 91<\/a><\/p>\n<p>[\/vc_column_text][\/vc_column][\/vc_row][vc_row][vc_column][vc_column_text]<ul class=\"pins-feed-list\"><li class=\"pins-feed-item\" style=\"width:100px;height:100px;\"><div class=\"pins-feed-myList\"><a href=\"https:\/\/www.pinterest.com\/pin\/Z9dDqu6U\/\" target=\"_BLANK\" title=\" - Pinned on May 05, 2026\"><img decoding=\"async\" src=\"\" alt=\"\"\/><\/a><\/div><\/li><li class=\"pins-feed-item\" style=\"width:100px;height:100px;\"><div class=\"pins-feed-myList\"><a href=\"https:\/\/www.pinterest.com\/pin\/466544842623971131\/\" target=\"_BLANK\" title=\"Cote d\u00b4Azur \/\/ Picasso 1960   \u201cConfront them with annihilation, and they will then survive; plunge them into a deadly situation, and they will then live. When people fall into  danger, they are then able to strive for victory.\u201d - Sun Tzu       \u201cYour work is to discover your world and then with all your heart give yourself to it.\u201d - Buddha  Art is a lie that makes us realize the truth\u201d - Pablo Picasso - Pinned on Mar 31, 2015\"><img decoding=\"async\" src=\"https:\/\/i.pinimg.com\/236x\/d1\/4d\/a0\/d14da028cc0995d1ef6d2febb2ddfee5.jpg\" alt=\"Cote d\u00b4Azur \/\/ Picasso 1960   \u201cConfront them with annihilation, and they will then survive; plunge them into a deadly situation, and they will then live. When people fall into  danger, they are then able to strive for victory.\u201d - Sun Tzu       \u201cYour work is to discover your world and then with all your heart give yourself to it.\u201d - Buddha  Art is a lie that makes us realize the truth\u201d - Pablo Picasso\"\/><\/a><\/div><\/li><li class=\"pins-feed-item\" style=\"width:100px;height:100px;\"><div class=\"pins-feed-myList\"><a href=\"https:\/\/www.pinterest.com\/pin\/466544842623809978\/\" target=\"_BLANK\" title=\"Claude Monet - Antibes - Pinned on Mar 18, 2015\"><img decoding=\"async\" src=\"https:\/\/i.pinimg.com\/236x\/03\/80\/22\/0380222c03e49650cb4a9ca8fc26a5ec.jpg\" alt=\"Claude Monet - Antibes\"\/><\/a><\/div><\/li><li class=\"pins-feed-item\" style=\"width:100px;height:100px;\"><div class=\"pins-feed-myList\"><a href=\"https:\/\/www.pinterest.com\/pin\/466544842623809971\/\" target=\"_BLANK\" title=\"Pierre Bonnard  -  Vue Sur Antibes - Pinned on Mar 18, 2015\"><img decoding=\"async\" src=\"https:\/\/i.pinimg.com\/236x\/52\/b7\/12\/52b712f8a6bee1b9eb71a93f0240b306.jpg\" alt=\"Pierre Bonnard  -  Vue Sur Antibes\"\/><\/a><\/div><\/li><li class=\"pins-feed-item\" style=\"width:100px;height:100px;\"><div class=\"pins-feed-myList\"><a href=\"https:\/\/www.pinterest.com\/pin\/466544842623641303\/\" target=\"_BLANK\" title=\"Picasso - Pinned on Mar 05, 2015\"><img decoding=\"async\" src=\"https:\/\/i.pinimg.com\/236x\/f0\/d4\/9a\/f0d49a255b139ed04b2cb5a7bd3af06f.jpg\" alt=\"Picasso\"\/><\/a><\/div><\/li><li class=\"pins-feed-item\" style=\"width:100px;height:100px;\"><div class=\"pins-feed-myList\"><a href=\"https:\/\/www.pinterest.com\/pin\/466544842623524209\/\" target=\"_BLANK\" title=\"Antibes in the Morning Claude Monet - 1888 - Pinned on Feb 24, 2015\"><img decoding=\"async\" src=\"https:\/\/i.pinimg.com\/236x\/2b\/45\/d1\/2b45d1b8f62e26c84ac240cc96092e1e.jpg\" alt=\"Antibes in the Morning Claude Monet - 1888\"\/><\/a><\/div><\/li><li class=\"pins-feed-item\" style=\"width:100px;height:100px;\"><div class=\"pins-feed-myList\"><a href=\"https:\/\/www.pinterest.com\/pin\/466544842623524103\/\" target=\"_BLANK\" title=\"&quot;Antibes&quot;(1930 ) --- Artist Sir Winston Churchill. Few people know that British politician, Prime Minister of the United Kingdom Winston Churchill (30 November 1874 \u2013 24 January 1965) was also an amateur artist, honorary member of the Royal Academy of Arts. He discovered his passion for painting immediately, started painting at the age of 40. And never stopped, having created a big collection of more than 500 paintings! - Pinned on Feb 24, 2015\"><img decoding=\"async\" src=\"https:\/\/i.pinimg.com\/236x\/68\/0f\/75\/680f75e6df1d59c7f876dee54e65fcbe.jpg\" alt=\"&quot;Antibes&quot;(1930 ) --- Artist Sir Winston Churchill. Few people know that British politician, Prime Minister of the United Kingdom Winston Churchill (30 November 1874 \u2013 24 January 1965) was also an amateur artist, honorary member of the Royal Academy of Arts. He discovered his passion for painting immediately, started painting at the age of 40. And never stopped, having created a big collection of more than 500 paintings!\"\/><\/a><\/div><\/li><li class=\"pins-feed-item\" style=\"width:100px;height:100px;\"><div class=\"pins-feed-myList\"><a href=\"https:\/\/www.pinterest.com\/pin\/466544842620903554\/\" target=\"_BLANK\" title=\"W 1185  CM 1888 The Mediterranean Sea ( Cap d&#039;Antibes), Claude Monet. Cour-Mon - Columbus Museum of Art, OH by renzodionigi, via Flickr-my first true love; when I saw the Monet in the Mediterranean exhibit in Dallas TX in 1997, I burst into tears in front of this painting. Whenever I see his work it&#039;s like my soul has come back into the light. - Pinned on Jun 23, 2014\"><img decoding=\"async\" src=\"https:\/\/i.pinimg.com\/236x\/95\/d9\/24\/95d9242326b1e3730ea0e806d339ed5c.jpg\" alt=\"W 1185  CM 1888 The Mediterranean Sea ( Cap d&#039;Antibes), Claude Monet. Cour-Mon - Columbus Museum of Art, OH by renzodionigi, via Flickr-my first true love; when I saw the Monet in the Mediterranean exhibit in Dallas TX in 1997, I burst into tears in front of this painting. Whenever I see his work it&#039;s like my soul has come back into the light.\"\/><\/a><\/div><\/li><li class=\"pins-feed-item\" style=\"width:100px;height:100px;\"><div class=\"pins-feed-myList\"><a href=\"https:\/\/www.pinterest.com\/pin\/466544842620903545\/\" target=\"_BLANK\" title=\"Monet - Antibes,View of the Cap,with the Mistral Blowing,1888 - Pinned on Jun 23, 2014\"><img decoding=\"async\" src=\"https:\/\/i.pinimg.com\/236x\/cb\/41\/d2\/cb41d208f4e1ce164cc7f53542920661.jpg\" alt=\"Monet - Antibes,View of the Cap,with the Mistral Blowing,1888\"\/><\/a><\/div><\/li><li class=\"pins-feed-item\" style=\"width:100px;height:100px;\"><div class=\"pins-feed-myList\"><a href=\"https:\/\/www.pinterest.com\/pin\/466544842620903535\/\" target=\"_BLANK\" title=\"Claude Monet, Antibes, Afternoon Effect (1888) Boston. - Pinned on Jun 23, 2014\"><img decoding=\"async\" src=\"https:\/\/i.pinimg.com\/236x\/99\/76\/8c\/99768c8066acc0b5920f2709416b0956.jpg\" alt=\"Claude Monet, Antibes, Afternoon Effect (1888) Boston.\"\/><\/a><\/div><\/li><div class=\"pinsClear\"><\/div><\/ul><script type=\"text\/javascript\">jQuery(document).ready(function() {jQuery('.pins-feed-item img').nailthumb({width:100,height:100})}); <\/script><a href=\"http:\/\/pinterest.com\/royalantibes\/\" id=\"pins-feed-follow\" target=\"_blank\" class=\"followMed\" title=\"Follow Me on Pinterest\"><img decoding=\"async\" src=\"http:\/\/passets-cdn.pinterest.com\/images\/pinterest-button.png\" width=\"78\" height=\"26\" alt=\"Follow Me on Pinterest\" border=\"0\" \/><\/a>[\/vc_column_text][\/vc_column][\/vc_row][vc_row][vc_column][vc_column_text]<\/p>\n<div class=\"h1\" ><span style=\"font-size: 24px;\">Descubre tambi\u00e9n<\/span><\/div>\n<p>[\/vc_column_text][\/vc_column][\/vc_row][vc_row][vc_column][vc_basic_grid post_type=\u00bbids\u00bb element_width=\u00bb3&#8243; item=\u00bb287&#8243; grid_id=\u00bbvc_gid:1651683103254-66e514e9-2c65-2&#8243; include=\u00bb77, 360, 366, 382, 2567, 2574, 2555, 2592&#8243;][\/vc_column][\/vc_row]<\/p>\n","protected":false},"excerpt":{"rendered":"<p>[vc_row][vc_column][rev_slider_vc alias=\u00bbslider-arts-et-culture\u00bb][\/vc_column][\/vc_row][vc_row][vc_column][vc_column_text] Arte y cultura [\/vc_column_text][\/vc_column][\/vc_row][vc_row gap=\u00bb30&#8243;][vc_column width=\u00bb2\/3&#8243;][vc_column_text] Muchos artistas, escritores o pintores escogieron Antibes como fuente de inspiraci\u00f3n&#8230; Como por ejemplo Claude Monet, el c\u00e9lebre pintor impresionista; Nicolas de Sta\u00ebl, si hablamos de arte moderno, o el famos\u00edsimo Pablo Picasso, que compr\u00f3 el castillo Grimaldi para convertirlo en su residencia, que hoy es un [&hellip;]<\/p>\n","protected":false},"author":4,"featured_media":2581,"parent":0,"menu_order":0,"comment_status":"closed","ping_status":"closed","template":"","meta":{"_acf_changed":false,"footnotes":""},"class_list":["post-2580","page","type-page","status-publish","has-post-thumbnail","hentry"],"acf":[],"yoast_head":"<!-- This site is optimized with the Yoast SEO plugin v26.9 - https:\/\/yoast.com\/product\/yoast-seo-wordpress\/ -->\n<title>Arte y cultura en Antibes gracias a artistas, pintores y escritores<\/title>\n<meta name=\"description\" content=\"Antibes ha sido el hogar de muchos artistas, escritores y pintores en busca de inspiraci\u00f3n. De los cuales el m\u00e1s famoso es Pablo Picasso y Somerset Maugham, pasando por Guillaume Musso, as\u00ed como Scott y Zelda Fitzgeral que dio su renombre a Juan Les Pins.\" \/>\n<meta name=\"robots\" content=\"index, follow, max-snippet:-1, max-image-preview:large, max-video-preview:-1\" \/>\n<link rel=\"canonical\" href=\"https:\/\/beta.hotel-royal-antibes.com\/es\/arte-y-cultura\/\" \/>\n<meta property=\"og:locale\" content=\"es_ES\" \/>\n<meta property=\"og:type\" content=\"article\" \/>\n<meta property=\"og:title\" content=\"Arte y cultura en Antibes gracias a artistas, pintores y escritores\" \/>\n<meta property=\"og:description\" content=\"Antibes ha sido el hogar de muchos artistas, escritores y pintores en busca de inspiraci\u00f3n. De los cuales el m\u00e1s famoso es Pablo Picasso y Somerset Maugham, pasando por Guillaume Musso, as\u00ed como Scott y Zelda Fitzgeral que dio su renombre a Juan Les Pins.\" \/>\n<meta property=\"og:url\" content=\"https:\/\/beta.hotel-royal-antibes.com\/es\/arte-y-cultura\/\" \/>\n<meta property=\"og:site_name\" content=\"Royal Antibes\" \/>\n<meta property=\"article:modified_time\" content=\"2022-05-04T16:57:25+00:00\" \/>\n<meta property=\"og:image\" content=\"https:\/\/beta.hotel-royal-antibes.com\/wp-content\/uploads\/2016\/04\/5-Le-Nomade_soir-1.jpg\" \/>\n\t<meta property=\"og:image:width\" content=\"1772\" \/>\n\t<meta property=\"og:image:height\" content=\"1181\" \/>\n\t<meta property=\"og:image:type\" content=\"image\/jpeg\" \/>\n<meta name=\"twitter:card\" content=\"summary_large_image\" \/>\n<meta name=\"twitter:label1\" content=\"Tiempo de lectura\" \/>\n\t<meta name=\"twitter:data1\" content=\"2 minutos\" \/>\n<script type=\"application\/ld+json\" class=\"yoast-schema-graph\">{\"@context\":\"https:\/\/schema.org\",\"@graph\":[{\"@type\":\"WebPage\",\"@id\":\"https:\/\/beta.hotel-royal-antibes.com\/es\/arte-y-cultura\/\",\"url\":\"https:\/\/beta.hotel-royal-antibes.com\/es\/arte-y-cultura\/\",\"name\":\"Arte y cultura en Antibes gracias a artistas, pintores y escritores\",\"isPartOf\":{\"@id\":\"https:\/\/beta.hotel-royal-antibes.com\/es\/#website\"},\"primaryImageOfPage\":{\"@id\":\"https:\/\/beta.hotel-royal-antibes.com\/es\/arte-y-cultura\/#primaryimage\"},\"image\":{\"@id\":\"https:\/\/beta.hotel-royal-antibes.com\/es\/arte-y-cultura\/#primaryimage\"},\"thumbnailUrl\":\"https:\/\/beta.hotel-royal-antibes.com\/wp-content\/uploads\/2016\/04\/5-Le-Nomade_soir-1.jpg\",\"datePublished\":\"2016-03-21T21:24:44+00:00\",\"dateModified\":\"2022-05-04T16:57:25+00:00\",\"description\":\"Antibes ha sido el hogar de muchos artistas, escritores y pintores en busca de inspiraci\u00f3n. De los cuales el m\u00e1s famoso es Pablo Picasso y Somerset Maugham, pasando por Guillaume Musso, as\u00ed como Scott y Zelda Fitzgeral que dio su renombre a Juan Les Pins.\",\"breadcrumb\":{\"@id\":\"https:\/\/beta.hotel-royal-antibes.com\/es\/arte-y-cultura\/#breadcrumb\"},\"inLanguage\":\"es\",\"potentialAction\":[{\"@type\":\"ReadAction\",\"target\":[\"https:\/\/beta.hotel-royal-antibes.com\/es\/arte-y-cultura\/\"]}]},{\"@type\":\"ImageObject\",\"inLanguage\":\"es\",\"@id\":\"https:\/\/beta.hotel-royal-antibes.com\/es\/arte-y-cultura\/#primaryimage\",\"url\":\"https:\/\/beta.hotel-royal-antibes.com\/wp-content\/uploads\/2016\/04\/5-Le-Nomade_soir-1.jpg\",\"contentUrl\":\"https:\/\/beta.hotel-royal-antibes.com\/wp-content\/uploads\/2016\/04\/5-Le-Nomade_soir-1.jpg\",\"width\":1772,\"height\":1181},{\"@type\":\"BreadcrumbList\",\"@id\":\"https:\/\/beta.hotel-royal-antibes.com\/es\/arte-y-cultura\/#breadcrumb\",\"itemListElement\":[{\"@type\":\"ListItem\",\"position\":1,\"name\":\"Hotel Royal Antibes\",\"item\":\"https:\/\/beta.hotel-royal-antibes.com\/es\/\"},{\"@type\":\"ListItem\",\"position\":2,\"name\":\"Arte y cultura\"}]},{\"@type\":\"WebSite\",\"@id\":\"https:\/\/beta.hotel-royal-antibes.com\/es\/#website\",\"url\":\"https:\/\/beta.hotel-royal-antibes.com\/es\/\",\"name\":\"Royal Antibes\",\"description\":\"Luxury hotel in Antibes on French Riviera\",\"potentialAction\":[{\"@type\":\"SearchAction\",\"target\":{\"@type\":\"EntryPoint\",\"urlTemplate\":\"https:\/\/beta.hotel-royal-antibes.com\/es\/?s={search_term_string}\"},\"query-input\":{\"@type\":\"PropertyValueSpecification\",\"valueRequired\":true,\"valueName\":\"search_term_string\"}}],\"inLanguage\":\"es\"}]}<\/script>\n<!-- \/ Yoast SEO plugin. -->","yoast_head_json":{"title":"Arte y cultura en Antibes gracias a artistas, pintores y escritores","description":"Antibes ha sido el hogar de muchos artistas, escritores y pintores en busca de inspiraci\u00f3n. De los cuales el m\u00e1s famoso es Pablo Picasso y Somerset Maugham, pasando por Guillaume Musso, as\u00ed como Scott y Zelda Fitzgeral que dio su renombre a Juan Les Pins.","robots":{"index":"index","follow":"follow","max-snippet":"max-snippet:-1","max-image-preview":"max-image-preview:large","max-video-preview":"max-video-preview:-1"},"canonical":"https:\/\/beta.hotel-royal-antibes.com\/es\/arte-y-cultura\/","og_locale":"es_ES","og_type":"article","og_title":"Arte y cultura en Antibes gracias a artistas, pintores y escritores","og_description":"Antibes ha sido el hogar de muchos artistas, escritores y pintores en busca de inspiraci\u00f3n. De los cuales el m\u00e1s famoso es Pablo Picasso y Somerset Maugham, pasando por Guillaume Musso, as\u00ed como Scott y Zelda Fitzgeral que dio su renombre a Juan Les Pins.","og_url":"https:\/\/beta.hotel-royal-antibes.com\/es\/arte-y-cultura\/","og_site_name":"Royal Antibes","article_modified_time":"2022-05-04T16:57:25+00:00","og_image":[{"width":1772,"height":1181,"url":"https:\/\/beta.hotel-royal-antibes.com\/wp-content\/uploads\/2016\/04\/5-Le-Nomade_soir-1.jpg","type":"image\/jpeg"}],"twitter_card":"summary_large_image","twitter_misc":{"Tiempo de lectura":"2 minutos"},"schema":{"@context":"https:\/\/schema.org","@graph":[{"@type":"WebPage","@id":"https:\/\/beta.hotel-royal-antibes.com\/es\/arte-y-cultura\/","url":"https:\/\/beta.hotel-royal-antibes.com\/es\/arte-y-cultura\/","name":"Arte y cultura en Antibes gracias a artistas, pintores y escritores","isPartOf":{"@id":"https:\/\/beta.hotel-royal-antibes.com\/es\/#website"},"primaryImageOfPage":{"@id":"https:\/\/beta.hotel-royal-antibes.com\/es\/arte-y-cultura\/#primaryimage"},"image":{"@id":"https:\/\/beta.hotel-royal-antibes.com\/es\/arte-y-cultura\/#primaryimage"},"thumbnailUrl":"https:\/\/beta.hotel-royal-antibes.com\/wp-content\/uploads\/2016\/04\/5-Le-Nomade_soir-1.jpg","datePublished":"2016-03-21T21:24:44+00:00","dateModified":"2022-05-04T16:57:25+00:00","description":"Antibes ha sido el hogar de muchos artistas, escritores y pintores en busca de inspiraci\u00f3n. De los cuales el m\u00e1s famoso es Pablo Picasso y Somerset Maugham, pasando por Guillaume Musso, as\u00ed como Scott y Zelda Fitzgeral que dio su renombre a Juan Les Pins.","breadcrumb":{"@id":"https:\/\/beta.hotel-royal-antibes.com\/es\/arte-y-cultura\/#breadcrumb"},"inLanguage":"es","potentialAction":[{"@type":"ReadAction","target":["https:\/\/beta.hotel-royal-antibes.com\/es\/arte-y-cultura\/"]}]},{"@type":"ImageObject","inLanguage":"es","@id":"https:\/\/beta.hotel-royal-antibes.com\/es\/arte-y-cultura\/#primaryimage","url":"https:\/\/beta.hotel-royal-antibes.com\/wp-content\/uploads\/2016\/04\/5-Le-Nomade_soir-1.jpg","contentUrl":"https:\/\/beta.hotel-royal-antibes.com\/wp-content\/uploads\/2016\/04\/5-Le-Nomade_soir-1.jpg","width":1772,"height":1181},{"@type":"BreadcrumbList","@id":"https:\/\/beta.hotel-royal-antibes.com\/es\/arte-y-cultura\/#breadcrumb","itemListElement":[{"@type":"ListItem","position":1,"name":"Hotel Royal Antibes","item":"https:\/\/beta.hotel-royal-antibes.com\/es\/"},{"@type":"ListItem","position":2,"name":"Arte y cultura"}]},{"@type":"WebSite","@id":"https:\/\/beta.hotel-royal-antibes.com\/es\/#website","url":"https:\/\/beta.hotel-royal-antibes.com\/es\/","name":"Royal Antibes","description":"Luxury hotel in Antibes on French Riviera","potentialAction":[{"@type":"SearchAction","target":{"@type":"EntryPoint","urlTemplate":"https:\/\/beta.hotel-royal-antibes.com\/es\/?s={search_term_string}"},"query-input":{"@type":"PropertyValueSpecification","valueRequired":true,"valueName":"search_term_string"}}],"inLanguage":"es"}]}},"_links":{"self":[{"href":"https:\/\/beta.hotel-royal-antibes.com\/es\/wp-json\/wp\/v2\/pages\/2580","targetHints":{"allow":["GET"]}}],"collection":[{"href":"https:\/\/beta.hotel-royal-antibes.com\/es\/wp-json\/wp\/v2\/pages"}],"about":[{"href":"https:\/\/beta.hotel-royal-antibes.com\/es\/wp-json\/wp\/v2\/types\/page"}],"author":[{"embeddable":true,"href":"https:\/\/beta.hotel-royal-antibes.com\/es\/wp-json\/wp\/v2\/users\/4"}],"replies":[{"embeddable":true,"href":"https:\/\/beta.hotel-royal-antibes.com\/es\/wp-json\/wp\/v2\/comments?post=2580"}],"version-history":[{"count":3,"href":"https:\/\/beta.hotel-royal-antibes.com\/es\/wp-json\/wp\/v2\/pages\/2580\/revisions"}],"predecessor-version":[{"id":7351,"href":"https:\/\/beta.hotel-royal-antibes.com\/es\/wp-json\/wp\/v2\/pages\/2580\/revisions\/7351"}],"wp:featuredmedia":[{"embeddable":true,"href":"https:\/\/beta.hotel-royal-antibes.com\/es\/wp-json\/wp\/v2\/media\/2581"}],"wp:attachment":[{"href":"https:\/\/beta.hotel-royal-antibes.com\/es\/wp-json\/wp\/v2\/media?parent=2580"}],"curies":[{"name":"wp","href":"https:\/\/api.w.org\/{rel}","templated":true}]}}