{"id":2574,"date":"2016-03-21T22:26:54","date_gmt":"2016-03-21T21:26:54","guid":{"rendered":"http:\/\/beta.hotel-royal-antibes.com\/es\/art-de-vivre\/"},"modified":"2022-05-04T17:56:52","modified_gmt":"2022-05-04T16:56:52","slug":"art-de-vivir","status":"publish","type":"page","link":"https:\/\/beta.hotel-royal-antibes.com\/es\/art-de-vivir\/","title":{"rendered":"Art de vivir"},"content":{"rendered":"<p>[vc_row][vc_column][rev_slider_vc alias=\u00bbslider-art-de-vivre\u00bb][\/vc_column][\/vc_row][vc_row][vc_column][vc_column_text]<\/p>\n<h1>Art de vivir<\/h1>\n<p>[\/vc_column_text][\/vc_column][\/vc_row][vc_row gap=\u00bb30&#8243;][vc_column width=\u00bb2\/3&#8243;][vc_column_text]<\/p>\n<h3>Donde fueres, haz lo que vieres.<\/h3>\n<p>Antibes no es solo un destino cargado de tesoros, sino tambi\u00e9n una ciudad agradable seg\u00fan las reglas de la <em>dolce vita<\/em>.<\/p>\n<p>Por la ma\u00f1ana, el sol se levanta y saluda al Fort Carr\u00e9 y al museo Picasso. No espere m\u00e1s, desayune y salga a caminar sin prisas por el casco antiguo. Descubra una galer\u00eda de arte por aqu\u00ed, el taller de un artesano por all\u00e1, una tienda de recuerdos&#8230;<\/p>\n<p>Deambule por los pasillos del mercado Provenzal e impr\u00e9gnese de los aromas de las especias y otros productos naturales mediterr\u00e1neos. Seguro que no podr\u00e1 contener el deseo de comprar unas aceitunas para picotear durante el aperitivo. Tambi\u00e9n puede detenerse en el Absinthe Bar, museo de esta bebida misteriosa.<\/p>\n<p>A la hora del almuerzo, d\u00e9jese tentar por una de las recomendaciones del jefe de conserjer\u00eda.<\/p>\n<p>Por la tarde, podr\u00e1 escoger seg\u00fan la temporada: playa privada; descanso en el ROYAL SPA; descubrir el interior visitando St. Paul de Vence, Mougins o Grasse \u2014la capital del perfume.<\/p>\n<p>El d\u00eda podr\u00e1 acaba como usted prefiera, pero debe saber que Antibes dispone de todos los recursos para responder a sus expectativas.<\/p>\n<p>[\/vc_column_text][\/vc_column][vc_column width=\u00bb1\/3&#8243; el_class=\u00bbbg-gris-texture\u00bb][vc_column_text]<\/p>\n<p style=\"text-align: center;\"><img decoding=\"async\" class=\"alignnone size-full wp-image-1088\" src=\"http:\/\/beta.hotel-royal-antibes.com\/wp-content\/uploads\/2022\/05\/sonnette-noir.png\" alt=\"picto-big-concierge\" \/><\/p>\n<p style=\"text-align: center;\">Servicio de recepci\u00f3n<\/p>\n<p style=\"text-align: center;\">Nuestro equipo est\u00e1 a su disposici\u00f3n en todo momento.<br \/>\nNo dude en solicitar sus servicios.<\/p>\n<p style=\"text-align: center;\"><a href=\"mailto:concierge@royal-antibes.com\">contact@royal-antibes.com<br \/>\n<\/a>Tel. <a href=\"tel:+33 (0)4 83 61 91 91\">+33 (0)4 83 61 91 91<\/a><\/p>\n<p>[\/vc_column_text][\/vc_column][\/vc_row][vc_row][vc_column][vc_column_text]<ul class=\"pins-feed-list\"><li class=\"pins-feed-item\" style=\"width:100px;height:100px;\"><div class=\"pins-feed-myList\"><a href=\"https:\/\/www.pinterest.com\/pin\/7waPW0Sz\/\" target=\"_BLANK\" title=\" - Pinned on May 05, 2026\"><img decoding=\"async\" src=\"\" alt=\"\"\/><\/a><\/div><\/li><li class=\"pins-feed-item\" style=\"width:100px;height:100px;\"><div class=\"pins-feed-myList\"><a href=\"https:\/\/www.pinterest.com\/pin\/466544842631309562\/\" target=\"_BLANK\" title=\"Antibes ~ C\u00f4te d&#039;Azur ~ France - Pinned on Sep 08, 2016\"><img decoding=\"async\" src=\"https:\/\/i.pinimg.com\/236x\/5a\/67\/90\/5a67903402fe2881362bc3b4a459b756.jpg\" alt=\"Antibes ~ C\u00f4te d&#039;Azur ~ France\"\/><\/a><\/div><\/li><li class=\"pins-feed-item\" style=\"width:100px;height:100px;\"><div class=\"pins-feed-myList\"><a href=\"https:\/\/www.pinterest.com\/pin\/466544842630118873\/\" target=\"_BLANK\" title=\" - Pinned on Jun 22, 2016\"><img decoding=\"async\" src=\"https:\/\/i.pinimg.com\/236x\/92\/d8\/f0\/92d8f0f56565f68c9226b24cf5191be7.jpg\" alt=\"\"\/><\/a><\/div><\/li><li class=\"pins-feed-item\" style=\"width:100px;height:100px;\"><div class=\"pins-feed-myList\"><a href=\"https:\/\/www.pinterest.com\/pin\/466544842629761375\/\" target=\"_BLANK\" title=\"Picasso Museum, Antibes, France - Pinned on May 29, 2016\"><img decoding=\"async\" src=\"https:\/\/i.pinimg.com\/236x\/cc\/6b\/78\/cc6b78d2dfd9ebf19c2d5ad7e0bf1a90.jpg\" alt=\"Picasso Museum, Antibes, France\"\/><\/a><\/div><\/li><li class=\"pins-feed-item\" style=\"width:100px;height:100px;\"><div class=\"pins-feed-myList\"><a href=\"https:\/\/www.pinterest.com\/pin\/466544842629746913\/\" target=\"_BLANK\" title=\"Picasso museum Antibes - Pinned on May 28, 2016\"><img decoding=\"async\" src=\"https:\/\/i.pinimg.com\/236x\/7e\/20\/e5\/7e20e58107ed5511f37a1753b8da3a9f.jpg\" alt=\"Picasso museum Antibes\"\/><\/a><\/div><\/li><li class=\"pins-feed-item\" style=\"width:100px;height:100px;\"><div class=\"pins-feed-myList\"><a href=\"https:\/\/www.pinterest.com\/pin\/466544842629548806\/\" target=\"_BLANK\" title=\"Antibes, French Riviera, France Ailleurs communication, www.ailleurscommunication.fr Jeux-concours, voyages, trade marketing, publicit\u00e9, buzz, dotations - Pinned on May 14, 2016\"><img decoding=\"async\" src=\"https:\/\/i.pinimg.com\/236x\/e5\/8a\/55\/e58a5557effff619b6d84fa5fcb58a3c.jpg\" alt=\"Antibes, French Riviera, France Ailleurs communication, www.ailleurscommunication.fr Jeux-concours, voyages, trade marketing, publicit\u00e9, buzz, dotations\"\/><\/a><\/div><\/li><li class=\"pins-feed-item\" style=\"width:100px;height:100px;\"><div class=\"pins-feed-myList\"><a href=\"https:\/\/www.pinterest.com\/pin\/466544842629450461\/\" target=\"_BLANK\" title=\"Olives - March\u00e9 Proven\u00e7al - Antibes! Olives mes amours \u2661\u2661\u2661\u2661\u2661\u2661\u2661 - Pinned on May 07, 2016\"><img decoding=\"async\" src=\"https:\/\/i.pinimg.com\/236x\/72\/2e\/ab\/722eab11d0f6fe388fdc7e7809ad0082.jpg\" alt=\"Olives - March\u00e9 Proven\u00e7al - Antibes! Olives mes amours \u2661\u2661\u2661\u2661\u2661\u2661\u2661\"\/><\/a><\/div><\/li><li class=\"pins-feed-item\" style=\"width:100px;height:100px;\"><div class=\"pins-feed-myList\"><a href=\"https:\/\/www.pinterest.com\/pin\/466544842629450452\/\" target=\"_BLANK\" title=\"Antibes (French Rivera)  from the ramparts. by Nick_Payne, via Flickr #visitcotedazur #antibes Ailleurs communication, www.ailleurscommunication.fr Jeux-concours, voyages, trade marketing, publicit\u00e9, buzz, dotations - Pinned on May 07, 2016\"><img decoding=\"async\" src=\"https:\/\/i.pinimg.com\/236x\/53\/b0\/8a\/53b08ae4eebce484d6acc2d79695d0ab.jpg\" alt=\"Antibes (French Rivera)  from the ramparts. by Nick_Payne, via Flickr #visitcotedazur #antibes Ailleurs communication, www.ailleurscommunication.fr Jeux-concours, voyages, trade marketing, publicit\u00e9, buzz, dotations\"\/><\/a><\/div><\/li><li class=\"pins-feed-item\" style=\"width:100px;height:100px;\"><div class=\"pins-feed-myList\"><a href=\"https:\/\/www.pinterest.com\/pin\/466544842629098397\/\" target=\"_BLANK\" title=\"Affiches anciennes de France - Pinned on Apr 12, 2016\"><img decoding=\"async\" src=\"https:\/\/i.pinimg.com\/236x\/4a\/fc\/15\/4afc1583a33a1c8fa9d78f0934db58bd.jpg\" alt=\"Affiches anciennes de France\"\/><\/a><\/div><\/li><li class=\"pins-feed-item\" style=\"width:100px;height:100px;\"><div class=\"pins-feed-myList\"><a href=\"https:\/\/www.pinterest.com\/pin\/466544842629098381\/\" target=\"_BLANK\" title=\"ANTIBES, March\u00e9 proven\u00e7al, Cours Mass\u00e9na - Pinned on Apr 12, 2016\"><img decoding=\"async\" src=\"https:\/\/i.pinimg.com\/236x\/52\/15\/3a\/52153af42b501119f3e244fbaf2844e7.jpg\" alt=\"ANTIBES, March\u00e9 proven\u00e7al, Cours Mass\u00e9na\"\/><\/a><\/div><\/li><div class=\"pinsClear\"><\/div><\/ul><script type=\"text\/javascript\">jQuery(document).ready(function() {jQuery('.pins-feed-item img').nailthumb({width:100,height:100})}); <\/script><a href=\"http:\/\/pinterest.com\/royalantibes\/\" id=\"pins-feed-follow\" target=\"_blank\" class=\"followMed\" title=\"Follow Me on Pinterest\"><img decoding=\"async\" src=\"http:\/\/passets-cdn.pinterest.com\/images\/pinterest-button.png\" width=\"78\" height=\"26\" alt=\"Follow Me on Pinterest\" border=\"0\" \/><\/a>[\/vc_column_text][\/vc_column][\/vc_row][vc_row][vc_column][vc_column_text]<\/p>\n<div class=\"h1\" ><span style=\"font-size: 24px;\">Descubre tambi\u00e9n<\/span><\/div>\n<p>[\/vc_column_text][\/vc_column][\/vc_row][vc_row][vc_column][vc_basic_grid post_type=\u00bbids\u00bb element_width=\u00bb3&#8243; gap=\u00bb10&#8243; item=\u00bb287&#8243; grid_id=\u00bbvc_gid:1651683118528-e69ed298-75fb-6&#8243; include=\u00bb77, 366, 382, 357, 2567, 2555, 2592, 2580&#8243;][\/vc_column][\/vc_row]<\/p>\n","protected":false},"excerpt":{"rendered":"<p>[vc_row][vc_column][rev_slider_vc alias=\u00bbslider-art-de-vivre\u00bb][\/vc_column][\/vc_row][vc_row][vc_column][vc_column_text] Art de vivir [\/vc_column_text][\/vc_column][\/vc_row][vc_row gap=\u00bb30&#8243;][vc_column width=\u00bb2\/3&#8243;][vc_column_text] Donde fueres, haz lo que vieres. Antibes no es solo un destino cargado de tesoros, sino tambi\u00e9n una ciudad agradable seg\u00fan las reglas de la dolce vita. Por la ma\u00f1ana, el sol se levanta y saluda al Fort Carr\u00e9 y al museo Picasso. No espere m\u00e1s, desayune [&hellip;]<\/p>\n","protected":false},"author":4,"featured_media":2575,"parent":0,"menu_order":0,"comment_status":"closed","ping_status":"closed","template":"","meta":{"_acf_changed":false,"footnotes":""},"class_list":["post-2574","page","type-page","status-publish","has-post-thumbnail","hentry"],"acf":[],"yoast_head":"<!-- This site is optimized with the Yoast SEO plugin v26.9 - https:\/\/yoast.com\/product\/yoast-seo-wordpress\/ -->\n<title>Antibes es un estilo de vida gracias al sol, la playa privada y museos<\/title>\n<meta name=\"description\" content=\"Pasee por las calles de Antibes y descubra los tesoros de esta ciudad: playas de arena, el Fort carr\u00e9, el Museo Picasso, el mercado provenzal, las murallas, St Paul de Vence y sus galer\u00edas de arte.\" \/>\n<meta name=\"robots\" content=\"index, follow, max-snippet:-1, max-image-preview:large, max-video-preview:-1\" \/>\n<link rel=\"canonical\" href=\"https:\/\/beta.hotel-royal-antibes.com\/es\/art-de-vivir\/\" \/>\n<meta property=\"og:locale\" content=\"es_ES\" \/>\n<meta property=\"og:type\" content=\"article\" \/>\n<meta property=\"og:title\" content=\"Antibes es un estilo de vida gracias al sol, la playa privada y museos\" \/>\n<meta property=\"og:description\" content=\"Pasee por las calles de Antibes y descubra los tesoros de esta ciudad: playas de arena, el Fort carr\u00e9, el Museo Picasso, el mercado provenzal, las murallas, St Paul de Vence y sus galer\u00edas de arte.\" \/>\n<meta property=\"og:url\" content=\"https:\/\/beta.hotel-royal-antibes.com\/es\/art-de-vivir\/\" \/>\n<meta property=\"og:site_name\" content=\"Royal Antibes\" \/>\n<meta property=\"article:modified_time\" content=\"2022-05-04T16:56:52+00:00\" \/>\n<meta property=\"og:image\" content=\"https:\/\/beta.hotel-royal-antibes.com\/wp-content\/uploads\/2016\/03\/slider-art-de-vivre.jpg\" \/>\n\t<meta property=\"og:image:width\" content=\"1903\" \/>\n\t<meta property=\"og:image:height\" content=\"890\" \/>\n\t<meta property=\"og:image:type\" content=\"image\/jpeg\" \/>\n<meta name=\"twitter:card\" content=\"summary_large_image\" \/>\n<meta name=\"twitter:label1\" content=\"Tiempo de lectura\" \/>\n\t<meta name=\"twitter:data1\" content=\"2 minutos\" \/>\n<script type=\"application\/ld+json\" class=\"yoast-schema-graph\">{\"@context\":\"https:\/\/schema.org\",\"@graph\":[{\"@type\":\"WebPage\",\"@id\":\"https:\/\/beta.hotel-royal-antibes.com\/es\/art-de-vivir\/\",\"url\":\"https:\/\/beta.hotel-royal-antibes.com\/es\/art-de-vivir\/\",\"name\":\"Antibes es un estilo de vida gracias al sol, la playa privada y museos\",\"isPartOf\":{\"@id\":\"https:\/\/beta.hotel-royal-antibes.com\/es\/#website\"},\"primaryImageOfPage\":{\"@id\":\"https:\/\/beta.hotel-royal-antibes.com\/es\/art-de-vivir\/#primaryimage\"},\"image\":{\"@id\":\"https:\/\/beta.hotel-royal-antibes.com\/es\/art-de-vivir\/#primaryimage\"},\"thumbnailUrl\":\"https:\/\/beta.hotel-royal-antibes.com\/wp-content\/uploads\/2016\/03\/slider-art-de-vivre.jpg\",\"datePublished\":\"2016-03-21T21:26:54+00:00\",\"dateModified\":\"2022-05-04T16:56:52+00:00\",\"description\":\"Pasee por las calles de Antibes y descubra los tesoros de esta ciudad: playas de arena, el Fort carr\u00e9, el Museo Picasso, el mercado provenzal, las murallas, St Paul de Vence y sus galer\u00edas de arte.\",\"breadcrumb\":{\"@id\":\"https:\/\/beta.hotel-royal-antibes.com\/es\/art-de-vivir\/#breadcrumb\"},\"inLanguage\":\"es\",\"potentialAction\":[{\"@type\":\"ReadAction\",\"target\":[\"https:\/\/beta.hotel-royal-antibes.com\/es\/art-de-vivir\/\"]}]},{\"@type\":\"ImageObject\",\"inLanguage\":\"es\",\"@id\":\"https:\/\/beta.hotel-royal-antibes.com\/es\/art-de-vivir\/#primaryimage\",\"url\":\"https:\/\/beta.hotel-royal-antibes.com\/wp-content\/uploads\/2016\/03\/slider-art-de-vivre.jpg\",\"contentUrl\":\"https:\/\/beta.hotel-royal-antibes.com\/wp-content\/uploads\/2016\/03\/slider-art-de-vivre.jpg\",\"width\":1903,\"height\":890},{\"@type\":\"BreadcrumbList\",\"@id\":\"https:\/\/beta.hotel-royal-antibes.com\/es\/art-de-vivir\/#breadcrumb\",\"itemListElement\":[{\"@type\":\"ListItem\",\"position\":1,\"name\":\"Hotel Royal Antibes\",\"item\":\"https:\/\/beta.hotel-royal-antibes.com\/es\/\"},{\"@type\":\"ListItem\",\"position\":2,\"name\":\"Art de vivir\"}]},{\"@type\":\"WebSite\",\"@id\":\"https:\/\/beta.hotel-royal-antibes.com\/es\/#website\",\"url\":\"https:\/\/beta.hotel-royal-antibes.com\/es\/\",\"name\":\"Royal Antibes\",\"description\":\"Luxury hotel in Antibes on French Riviera\",\"potentialAction\":[{\"@type\":\"SearchAction\",\"target\":{\"@type\":\"EntryPoint\",\"urlTemplate\":\"https:\/\/beta.hotel-royal-antibes.com\/es\/?s={search_term_string}\"},\"query-input\":{\"@type\":\"PropertyValueSpecification\",\"valueRequired\":true,\"valueName\":\"search_term_string\"}}],\"inLanguage\":\"es\"}]}<\/script>\n<!-- \/ Yoast SEO plugin. -->","yoast_head_json":{"title":"Antibes es un estilo de vida gracias al sol, la playa privada y museos","description":"Pasee por las calles de Antibes y descubra los tesoros de esta ciudad: playas de arena, el Fort carr\u00e9, el Museo Picasso, el mercado provenzal, las murallas, St Paul de Vence y sus galer\u00edas de arte.","robots":{"index":"index","follow":"follow","max-snippet":"max-snippet:-1","max-image-preview":"max-image-preview:large","max-video-preview":"max-video-preview:-1"},"canonical":"https:\/\/beta.hotel-royal-antibes.com\/es\/art-de-vivir\/","og_locale":"es_ES","og_type":"article","og_title":"Antibes es un estilo de vida gracias al sol, la playa privada y museos","og_description":"Pasee por las calles de Antibes y descubra los tesoros de esta ciudad: playas de arena, el Fort carr\u00e9, el Museo Picasso, el mercado provenzal, las murallas, St Paul de Vence y sus galer\u00edas de arte.","og_url":"https:\/\/beta.hotel-royal-antibes.com\/es\/art-de-vivir\/","og_site_name":"Royal Antibes","article_modified_time":"2022-05-04T16:56:52+00:00","og_image":[{"width":1903,"height":890,"url":"https:\/\/beta.hotel-royal-antibes.com\/wp-content\/uploads\/2016\/03\/slider-art-de-vivre.jpg","type":"image\/jpeg"}],"twitter_card":"summary_large_image","twitter_misc":{"Tiempo de lectura":"2 minutos"},"schema":{"@context":"https:\/\/schema.org","@graph":[{"@type":"WebPage","@id":"https:\/\/beta.hotel-royal-antibes.com\/es\/art-de-vivir\/","url":"https:\/\/beta.hotel-royal-antibes.com\/es\/art-de-vivir\/","name":"Antibes es un estilo de vida gracias al sol, la playa privada y museos","isPartOf":{"@id":"https:\/\/beta.hotel-royal-antibes.com\/es\/#website"},"primaryImageOfPage":{"@id":"https:\/\/beta.hotel-royal-antibes.com\/es\/art-de-vivir\/#primaryimage"},"image":{"@id":"https:\/\/beta.hotel-royal-antibes.com\/es\/art-de-vivir\/#primaryimage"},"thumbnailUrl":"https:\/\/beta.hotel-royal-antibes.com\/wp-content\/uploads\/2016\/03\/slider-art-de-vivre.jpg","datePublished":"2016-03-21T21:26:54+00:00","dateModified":"2022-05-04T16:56:52+00:00","description":"Pasee por las calles de Antibes y descubra los tesoros de esta ciudad: playas de arena, el Fort carr\u00e9, el Museo Picasso, el mercado provenzal, las murallas, St Paul de Vence y sus galer\u00edas de arte.","breadcrumb":{"@id":"https:\/\/beta.hotel-royal-antibes.com\/es\/art-de-vivir\/#breadcrumb"},"inLanguage":"es","potentialAction":[{"@type":"ReadAction","target":["https:\/\/beta.hotel-royal-antibes.com\/es\/art-de-vivir\/"]}]},{"@type":"ImageObject","inLanguage":"es","@id":"https:\/\/beta.hotel-royal-antibes.com\/es\/art-de-vivir\/#primaryimage","url":"https:\/\/beta.hotel-royal-antibes.com\/wp-content\/uploads\/2016\/03\/slider-art-de-vivre.jpg","contentUrl":"https:\/\/beta.hotel-royal-antibes.com\/wp-content\/uploads\/2016\/03\/slider-art-de-vivre.jpg","width":1903,"height":890},{"@type":"BreadcrumbList","@id":"https:\/\/beta.hotel-royal-antibes.com\/es\/art-de-vivir\/#breadcrumb","itemListElement":[{"@type":"ListItem","position":1,"name":"Hotel Royal Antibes","item":"https:\/\/beta.hotel-royal-antibes.com\/es\/"},{"@type":"ListItem","position":2,"name":"Art de vivir"}]},{"@type":"WebSite","@id":"https:\/\/beta.hotel-royal-antibes.com\/es\/#website","url":"https:\/\/beta.hotel-royal-antibes.com\/es\/","name":"Royal Antibes","description":"Luxury hotel in Antibes on French Riviera","potentialAction":[{"@type":"SearchAction","target":{"@type":"EntryPoint","urlTemplate":"https:\/\/beta.hotel-royal-antibes.com\/es\/?s={search_term_string}"},"query-input":{"@type":"PropertyValueSpecification","valueRequired":true,"valueName":"search_term_string"}}],"inLanguage":"es"}]}},"_links":{"self":[{"href":"https:\/\/beta.hotel-royal-antibes.com\/es\/wp-json\/wp\/v2\/pages\/2574","targetHints":{"allow":["GET"]}}],"collection":[{"href":"https:\/\/beta.hotel-royal-antibes.com\/es\/wp-json\/wp\/v2\/pages"}],"about":[{"href":"https:\/\/beta.hotel-royal-antibes.com\/es\/wp-json\/wp\/v2\/types\/page"}],"author":[{"embeddable":true,"href":"https:\/\/beta.hotel-royal-antibes.com\/es\/wp-json\/wp\/v2\/users\/4"}],"replies":[{"embeddable":true,"href":"https:\/\/beta.hotel-royal-antibes.com\/es\/wp-json\/wp\/v2\/comments?post=2574"}],"version-history":[{"count":3,"href":"https:\/\/beta.hotel-royal-antibes.com\/es\/wp-json\/wp\/v2\/pages\/2574\/revisions"}],"predecessor-version":[{"id":7348,"href":"https:\/\/beta.hotel-royal-antibes.com\/es\/wp-json\/wp\/v2\/pages\/2574\/revisions\/7348"}],"wp:featuredmedia":[{"embeddable":true,"href":"https:\/\/beta.hotel-royal-antibes.com\/es\/wp-json\/wp\/v2\/media\/2575"}],"wp:attachment":[{"href":"https:\/\/beta.hotel-royal-antibes.com\/es\/wp-json\/wp\/v2\/media?parent=2574"}],"curies":[{"name":"wp","href":"https:\/\/api.w.org\/{rel}","templated":true}]}}