{"id":2567,"date":"2016-03-16T17:37:30","date_gmt":"2016-03-16T16:37:30","guid":{"rendered":"http:\/\/beta.hotel-royal-antibes.com\/es\/antibes\/"},"modified":"2022-05-04T18:00:50","modified_gmt":"2022-05-04T17:00:50","slug":"antibes","status":"publish","type":"page","link":"https:\/\/beta.hotel-royal-antibes.com\/es\/antibes\/","title":{"rendered":"Antibes"},"content":{"rendered":"<p>[vc_row][vc_column][rev_slider_vc alias=\u00bbslider-antibes\u00bb][\/vc_column][\/vc_row][vc_row][vc_column][vc_column_text]<\/p>\n<h1>Antibes<\/h1>\n<p>[\/vc_column_text][\/vc_column][\/vc_row][vc_row gap=\u00bb30&#8243;][vc_column width=\u00bb2\/3&#8243;][vc_column_text]<\/p>\n<h3>Una ciudad con car\u00e1cter&#8230;<\/h3>\n<p>Antibes fascina a visitantes del mundo entero. Se trata de un destino preservado de la Costa Azul que goza de un emplazamiento privilegiado entre mar y monta\u00f1a. Esta ciudad, con su singular impronta, seduce por la variedad de las actividades que propone.<\/p>\n<p><strong>\u00a0<\/strong><\/p>\n<p><strong>Visitas<\/strong><\/p>\n<ul>\n<li>El puerto Vauban, el puerto viejo y el \u201cmuelle de los millonarios\u201d donde est\u00e1n atracados los barcos m\u00e1s lujosos del mundo. Se puede acceder a determinadas horas a la parte alta de las murallas y al basti\u00f3n St. Jaume, dominado por el <em>N\u00f3mada<\/em> de Jaume Plensa.<\/li>\n<li>El Fort Carr\u00e9, que recuerda algunos de los episodios m\u00e1s memorables de la historia de Antibes.<\/li>\n<li>La Courtine, situada a lo largo del bulevar de Aguillon, una de las arterias m\u00e1s animadas de Antibes, y el espacio de exposiciones Bains-Douches, instalado en las antiguas casamatas.<\/li>\n<li>Las murallas recorren el antiguo camino de ronda. Con sus tres mil a\u00f1os de historia, se trata de la parte m\u00e1s antigua de Antibes: la plaza R\u00e9v\u00e9ly, la capilla Saint-Esprit, la casa natal del dramaturgo franc\u00e9s Jacques Audiberti, la catedral, las torres \u201csarracenas\u201d y el antiguo castillo Grimaldi, convertido en museo Picasso.<\/li>\n<li>El basti\u00f3n Saint-Andr\u00e9 y, m\u00e1s abajo, el barrio del Safranier, un conjunto de calles estrechas donde el sol juega con el follaje.<\/li>\n<\/ul>\n<p>[\/vc_column_text][\/vc_column][vc_column width=\u00bb1\/3&#8243; el_class=\u00bbbg-gris-texture\u00bb][vc_column_text]<\/p>\n<p style=\"text-align: center;\"><img decoding=\"async\" class=\"alignnone size-full wp-image-1088\" src=\"http:\/\/beta.hotel-royal-antibes.com\/wp-content\/uploads\/2022\/05\/sonnette-noir.png\" alt=\"picto-big-concierge\" \/><\/p>\n<p style=\"text-align: center;\">Servicio de recepci\u00f3n<\/p>\n<p style=\"text-align: center;\">Nuestro equipo est\u00e1 a su disposici\u00f3n en todo momento.<br \/>\nNo dude en solicitar sus servicios.<\/p>\n<p style=\"text-align: center;\"><a href=\"mailto:concierge@royal-antibes.com\">contact@royal-antibes.com<br \/>\n<\/a>Tel. <a href=\"tel:+33 (0)4 83 61 91 91\">+33 (0)4 83 61 91 91<\/a><\/p>\n<p>[\/vc_column_text][\/vc_column][\/vc_row][vc_row][vc_column][vc_column_text]<ul class=\"pins-feed-list\"><li class=\"pins-feed-item\" style=\"width:100px;height:100px;\"><div class=\"pins-feed-myList\"><a href=\"https:\/\/www.pinterest.com\/pin\/o9joVKWq\/\" target=\"_BLANK\" title=\" - Pinned on May 05, 2026\"><img decoding=\"async\" src=\"\" alt=\"\"\/><\/a><\/div><\/li><li class=\"pins-feed-item\" style=\"width:100px;height:100px;\"><div class=\"pins-feed-myList\"><a href=\"https:\/\/www.pinterest.com\/pin\/466544842631901433\/\" target=\"_BLANK\" title=\"Pissaladiere - Pinned on Oct 20, 2016\"><img decoding=\"async\" src=\"https:\/\/i.pinimg.com\/236x\/57\/6d\/86\/576d8669443697d99ef23a8980f478a3.jpg\" alt=\"Pissaladiere\"\/><\/a><\/div><\/li><li class=\"pins-feed-item\" style=\"width:100px;height:100px;\"><div class=\"pins-feed-myList\"><a href=\"https:\/\/www.pinterest.com\/pin\/466544842631901430\/\" target=\"_BLANK\" title=\"Fruits confits - Pinned on Oct 20, 2016\"><img decoding=\"async\" src=\"https:\/\/i.pinimg.com\/236x\/32\/7e\/5d\/327e5d11fc6230126600215ba340e634.jpg\" alt=\"Fruits confits\"\/><\/a><\/div><\/li><li class=\"pins-feed-item\" style=\"width:100px;height:100px;\"><div class=\"pins-feed-myList\"><a href=\"https:\/\/www.pinterest.com\/pin\/466544842631901428\/\" target=\"_BLANK\" title=\"Petits Farcis Ni\u00e7ois - Pinned on Oct 20, 2016\"><img decoding=\"async\" src=\"https:\/\/i.pinimg.com\/236x\/02\/14\/9f\/02149f152638e8e9e45be00c287e671a.jpg\" alt=\"Petits Farcis Ni\u00e7ois\"\/><\/a><\/div><\/li><li class=\"pins-feed-item\" style=\"width:100px;height:100px;\"><div class=\"pins-feed-myList\"><a href=\"https:\/\/www.pinterest.com\/pin\/466544842631802702\/\" target=\"_BLANK\" title=\"Luge sur rail - Mercantour - Pinned on Oct 13, 2016\"><img decoding=\"async\" src=\"https:\/\/i.pinimg.com\/236x\/ab\/fe\/1b\/abfe1ba48a0985da73eef572e3dcbc7f.jpg\" alt=\"Luge sur rail - Mercantour\"\/><\/a><\/div><\/li><li class=\"pins-feed-item\" style=\"width:100px;height:100px;\"><div class=\"pins-feed-myList\"><a href=\"https:\/\/www.pinterest.com\/pin\/466544842631802699\/\" target=\"_BLANK\" title=\"Lac d&#039;Allos - Pinned on Oct 13, 2016\"><img decoding=\"async\" src=\"https:\/\/i.pinimg.com\/236x\/59\/56\/80\/59568024c31e70e2a529479b38ebbcc1.jpg\" alt=\"Lac d&#039;Allos\"\/><\/a><\/div><\/li><li class=\"pins-feed-item\" style=\"width:100px;height:100px;\"><div class=\"pins-feed-myList\"><a href=\"https:\/\/www.pinterest.com\/pin\/466544842631702322\/\" target=\"_BLANK\" title=\" - Pinned on Oct 06, 2016\"><img decoding=\"async\" src=\"https:\/\/i.pinimg.com\/236x\/81\/67\/91\/8167915b85c14f189b81b54c923d2416.jpg\" alt=\"\"\/><\/a><\/div><\/li><li class=\"pins-feed-item\" style=\"width:100px;height:100px;\"><div class=\"pins-feed-myList\"><a href=\"https:\/\/www.pinterest.com\/pin\/466544842631607252\/\" target=\"_BLANK\" title=\"Brasserie de Monaco - Pinned on Sep 29, 2016\"><img decoding=\"async\" src=\"https:\/\/i.pinimg.com\/236x\/e3\/6f\/28\/e36f28984bdb9c3126f23eddefed09fc.jpg\" alt=\"Brasserie de Monaco\"\/><\/a><\/div><\/li><li class=\"pins-feed-item\" style=\"width:100px;height:100px;\"><div class=\"pins-feed-myList\"><a href=\"https:\/\/www.pinterest.com\/pin\/466544842631607231\/\" target=\"_BLANK\" title=\"Buddha Bar - Monaco - Pinned on Sep 29, 2016\"><img decoding=\"async\" src=\"https:\/\/i.pinimg.com\/236x\/8b\/f2\/ae\/8bf2aee611a03e07fa472a004a8c58cb.jpg\" alt=\"Buddha Bar - Monaco\"\/><\/a><\/div><\/li><li class=\"pins-feed-item\" style=\"width:100px;height:100px;\"><div class=\"pins-feed-myList\"><a href=\"https:\/\/www.pinterest.com\/pin\/466544842631607225\/\" target=\"_BLANK\" title=\"Casino de Monte Carlo - Monaco - Pinned on Sep 29, 2016\"><img decoding=\"async\" src=\"https:\/\/i.pinimg.com\/236x\/c8\/6a\/eb\/c86aeb30cd9508771e289b6b108f7b85.jpg\" alt=\"Casino de Monte Carlo - Monaco\"\/><\/a><\/div><\/li><div class=\"pinsClear\"><\/div><\/ul><script type=\"text\/javascript\">jQuery(document).ready(function() {jQuery('.pins-feed-item img').nailthumb({width:100,height:100})}); <\/script><a href=\"http:\/\/pinterest.com\/royalantibes\/\" id=\"pins-feed-follow\" target=\"_blank\" class=\"followMed\" title=\"Follow Me on Pinterest\"><img decoding=\"async\" src=\"http:\/\/passets-cdn.pinterest.com\/images\/pinterest-button.png\" width=\"78\" height=\"26\" alt=\"Follow Me on Pinterest\" border=\"0\" \/><\/a>[\/vc_column_text][\/vc_column][\/vc_row][vc_row][vc_column][vc_column_text]<\/p>\n<div class=\"h1\" ><span style=\"font-size: 24px;\">Descubre tambi\u00e9n<\/span><\/div>\n<p>[\/vc_column_text][\/vc_column][\/vc_row][vc_row][vc_column][vc_basic_grid post_type=\u00bbids\u00bb element_width=\u00bb3&#8243; gap=\u00bb10&#8243; item=\u00bb287&#8243; grid_id=\u00bbvc_gid:1651683215684-2b173384-790b-10&#8243; include=\u00bb360, 366, 382, 357, 2574, 2555, 2592, 2580&#8243;][\/vc_column][\/vc_row]<\/p>\n","protected":false},"excerpt":{"rendered":"<p>[vc_row][vc_column][rev_slider_vc alias=\u00bbslider-antibes\u00bb][\/vc_column][\/vc_row][vc_row][vc_column][vc_column_text] Antibes [\/vc_column_text][\/vc_column][\/vc_row][vc_row gap=\u00bb30&#8243;][vc_column width=\u00bb2\/3&#8243;][vc_column_text] Una ciudad con car\u00e1cter&#8230; Antibes fascina a visitantes del mundo entero. Se trata de un destino preservado de la Costa Azul que goza de un emplazamiento privilegiado entre mar y monta\u00f1a. Esta ciudad, con su singular impronta, seduce por la variedad de las actividades que propone. \u00a0 Visitas El [&hellip;]<\/p>\n","protected":false},"author":4,"featured_media":2569,"parent":0,"menu_order":0,"comment_status":"closed","ping_status":"closed","template":"","meta":{"_acf_changed":false,"footnotes":""},"class_list":["post-2567","page","type-page","status-publish","has-post-thumbnail","hentry"],"acf":[],"yoast_head":"<!-- This site is optimized with the Yoast SEO plugin v26.9 - https:\/\/yoast.com\/product\/yoast-seo-wordpress\/ -->\n<title>Visite Antibes y Juan Les Pins y Cap d&#039;Antibes<\/title>\n<meta name=\"description\" content=\"Antibes, situada en la Riviera, es un destino predilecto para los amantes de la naturaleza. Situado entre el mar y las monta\u00f1as, Antibes es reconocido mundialmente por su muelle de los multimillonarios que alberga los yates m\u00e1s prestigiosos. El Fort carr\u00e9, el puerto viejo, el Museo Picasso son lugares para visitar, al igual que el Cap d&#039;Antibes.\" \/>\n<meta name=\"robots\" content=\"index, follow, max-snippet:-1, max-image-preview:large, max-video-preview:-1\" \/>\n<link rel=\"canonical\" href=\"https:\/\/beta.hotel-royal-antibes.com\/es\/antibes\/\" \/>\n<meta property=\"og:locale\" content=\"es_ES\" \/>\n<meta property=\"og:type\" content=\"article\" \/>\n<meta property=\"og:title\" content=\"Visite Antibes y Juan Les Pins y Cap d&#039;Antibes\" \/>\n<meta property=\"og:description\" content=\"Antibes, situada en la Riviera, es un destino predilecto para los amantes de la naturaleza. Situado entre el mar y las monta\u00f1as, Antibes es reconocido mundialmente por su muelle de los multimillonarios que alberga los yates m\u00e1s prestigiosos. El Fort carr\u00e9, el puerto viejo, el Museo Picasso son lugares para visitar, al igual que el Cap d&#039;Antibes.\" \/>\n<meta property=\"og:url\" content=\"https:\/\/beta.hotel-royal-antibes.com\/es\/antibes\/\" \/>\n<meta property=\"og:site_name\" content=\"Royal Antibes\" \/>\n<meta property=\"article:modified_time\" content=\"2022-05-04T17:00:50+00:00\" \/>\n<meta property=\"og:image\" content=\"https:\/\/beta.hotel-royal-antibes.com\/wp-content\/uploads\/2016\/03\/slider-antibes-1.jpg\" \/>\n\t<meta property=\"og:image:width\" content=\"1903\" \/>\n\t<meta property=\"og:image:height\" content=\"891\" \/>\n\t<meta property=\"og:image:type\" content=\"image\/jpeg\" \/>\n<meta name=\"twitter:card\" content=\"summary_large_image\" \/>\n<meta name=\"twitter:label1\" content=\"Tiempo de lectura\" \/>\n\t<meta name=\"twitter:data1\" content=\"2 minutos\" \/>\n<script type=\"application\/ld+json\" class=\"yoast-schema-graph\">{\"@context\":\"https:\/\/schema.org\",\"@graph\":[{\"@type\":\"WebPage\",\"@id\":\"https:\/\/beta.hotel-royal-antibes.com\/es\/antibes\/\",\"url\":\"https:\/\/beta.hotel-royal-antibes.com\/es\/antibes\/\",\"name\":\"Visite Antibes y Juan Les Pins y Cap d'Antibes\",\"isPartOf\":{\"@id\":\"https:\/\/beta.hotel-royal-antibes.com\/es\/#website\"},\"primaryImageOfPage\":{\"@id\":\"https:\/\/beta.hotel-royal-antibes.com\/es\/antibes\/#primaryimage\"},\"image\":{\"@id\":\"https:\/\/beta.hotel-royal-antibes.com\/es\/antibes\/#primaryimage\"},\"thumbnailUrl\":\"https:\/\/beta.hotel-royal-antibes.com\/wp-content\/uploads\/2016\/03\/slider-antibes-1.jpg\",\"datePublished\":\"2016-03-16T16:37:30+00:00\",\"dateModified\":\"2022-05-04T17:00:50+00:00\",\"description\":\"Antibes, situada en la Riviera, es un destino predilecto para los amantes de la naturaleza. Situado entre el mar y las monta\u00f1as, Antibes es reconocido mundialmente por su muelle de los multimillonarios que alberga los yates m\u00e1s prestigiosos. El Fort carr\u00e9, el puerto viejo, el Museo Picasso son lugares para visitar, al igual que el Cap d'Antibes.\",\"breadcrumb\":{\"@id\":\"https:\/\/beta.hotel-royal-antibes.com\/es\/antibes\/#breadcrumb\"},\"inLanguage\":\"es\",\"potentialAction\":[{\"@type\":\"ReadAction\",\"target\":[\"https:\/\/beta.hotel-royal-antibes.com\/es\/antibes\/\"]}]},{\"@type\":\"ImageObject\",\"inLanguage\":\"es\",\"@id\":\"https:\/\/beta.hotel-royal-antibes.com\/es\/antibes\/#primaryimage\",\"url\":\"https:\/\/beta.hotel-royal-antibes.com\/wp-content\/uploads\/2016\/03\/slider-antibes-1.jpg\",\"contentUrl\":\"https:\/\/beta.hotel-royal-antibes.com\/wp-content\/uploads\/2016\/03\/slider-antibes-1.jpg\",\"width\":1903,\"height\":891},{\"@type\":\"BreadcrumbList\",\"@id\":\"https:\/\/beta.hotel-royal-antibes.com\/es\/antibes\/#breadcrumb\",\"itemListElement\":[{\"@type\":\"ListItem\",\"position\":1,\"name\":\"Hotel Royal Antibes\",\"item\":\"https:\/\/beta.hotel-royal-antibes.com\/es\/\"},{\"@type\":\"ListItem\",\"position\":2,\"name\":\"Antibes\"}]},{\"@type\":\"WebSite\",\"@id\":\"https:\/\/beta.hotel-royal-antibes.com\/es\/#website\",\"url\":\"https:\/\/beta.hotel-royal-antibes.com\/es\/\",\"name\":\"Royal Antibes\",\"description\":\"Luxury hotel in Antibes on French Riviera\",\"potentialAction\":[{\"@type\":\"SearchAction\",\"target\":{\"@type\":\"EntryPoint\",\"urlTemplate\":\"https:\/\/beta.hotel-royal-antibes.com\/es\/?s={search_term_string}\"},\"query-input\":{\"@type\":\"PropertyValueSpecification\",\"valueRequired\":true,\"valueName\":\"search_term_string\"}}],\"inLanguage\":\"es\"}]}<\/script>\n<!-- \/ Yoast SEO plugin. -->","yoast_head_json":{"title":"Visite Antibes y Juan Les Pins y Cap d'Antibes","description":"Antibes, situada en la Riviera, es un destino predilecto para los amantes de la naturaleza. Situado entre el mar y las monta\u00f1as, Antibes es reconocido mundialmente por su muelle de los multimillonarios que alberga los yates m\u00e1s prestigiosos. El Fort carr\u00e9, el puerto viejo, el Museo Picasso son lugares para visitar, al igual que el Cap d'Antibes.","robots":{"index":"index","follow":"follow","max-snippet":"max-snippet:-1","max-image-preview":"max-image-preview:large","max-video-preview":"max-video-preview:-1"},"canonical":"https:\/\/beta.hotel-royal-antibes.com\/es\/antibes\/","og_locale":"es_ES","og_type":"article","og_title":"Visite Antibes y Juan Les Pins y Cap d'Antibes","og_description":"Antibes, situada en la Riviera, es un destino predilecto para los amantes de la naturaleza. Situado entre el mar y las monta\u00f1as, Antibes es reconocido mundialmente por su muelle de los multimillonarios que alberga los yates m\u00e1s prestigiosos. El Fort carr\u00e9, el puerto viejo, el Museo Picasso son lugares para visitar, al igual que el Cap d'Antibes.","og_url":"https:\/\/beta.hotel-royal-antibes.com\/es\/antibes\/","og_site_name":"Royal Antibes","article_modified_time":"2022-05-04T17:00:50+00:00","og_image":[{"width":1903,"height":891,"url":"https:\/\/beta.hotel-royal-antibes.com\/wp-content\/uploads\/2016\/03\/slider-antibes-1.jpg","type":"image\/jpeg"}],"twitter_card":"summary_large_image","twitter_misc":{"Tiempo de lectura":"2 minutos"},"schema":{"@context":"https:\/\/schema.org","@graph":[{"@type":"WebPage","@id":"https:\/\/beta.hotel-royal-antibes.com\/es\/antibes\/","url":"https:\/\/beta.hotel-royal-antibes.com\/es\/antibes\/","name":"Visite Antibes y Juan Les Pins y Cap d'Antibes","isPartOf":{"@id":"https:\/\/beta.hotel-royal-antibes.com\/es\/#website"},"primaryImageOfPage":{"@id":"https:\/\/beta.hotel-royal-antibes.com\/es\/antibes\/#primaryimage"},"image":{"@id":"https:\/\/beta.hotel-royal-antibes.com\/es\/antibes\/#primaryimage"},"thumbnailUrl":"https:\/\/beta.hotel-royal-antibes.com\/wp-content\/uploads\/2016\/03\/slider-antibes-1.jpg","datePublished":"2016-03-16T16:37:30+00:00","dateModified":"2022-05-04T17:00:50+00:00","description":"Antibes, situada en la Riviera, es un destino predilecto para los amantes de la naturaleza. Situado entre el mar y las monta\u00f1as, Antibes es reconocido mundialmente por su muelle de los multimillonarios que alberga los yates m\u00e1s prestigiosos. El Fort carr\u00e9, el puerto viejo, el Museo Picasso son lugares para visitar, al igual que el Cap d'Antibes.","breadcrumb":{"@id":"https:\/\/beta.hotel-royal-antibes.com\/es\/antibes\/#breadcrumb"},"inLanguage":"es","potentialAction":[{"@type":"ReadAction","target":["https:\/\/beta.hotel-royal-antibes.com\/es\/antibes\/"]}]},{"@type":"ImageObject","inLanguage":"es","@id":"https:\/\/beta.hotel-royal-antibes.com\/es\/antibes\/#primaryimage","url":"https:\/\/beta.hotel-royal-antibes.com\/wp-content\/uploads\/2016\/03\/slider-antibes-1.jpg","contentUrl":"https:\/\/beta.hotel-royal-antibes.com\/wp-content\/uploads\/2016\/03\/slider-antibes-1.jpg","width":1903,"height":891},{"@type":"BreadcrumbList","@id":"https:\/\/beta.hotel-royal-antibes.com\/es\/antibes\/#breadcrumb","itemListElement":[{"@type":"ListItem","position":1,"name":"Hotel Royal Antibes","item":"https:\/\/beta.hotel-royal-antibes.com\/es\/"},{"@type":"ListItem","position":2,"name":"Antibes"}]},{"@type":"WebSite","@id":"https:\/\/beta.hotel-royal-antibes.com\/es\/#website","url":"https:\/\/beta.hotel-royal-antibes.com\/es\/","name":"Royal Antibes","description":"Luxury hotel in Antibes on French Riviera","potentialAction":[{"@type":"SearchAction","target":{"@type":"EntryPoint","urlTemplate":"https:\/\/beta.hotel-royal-antibes.com\/es\/?s={search_term_string}"},"query-input":{"@type":"PropertyValueSpecification","valueRequired":true,"valueName":"search_term_string"}}],"inLanguage":"es"}]}},"_links":{"self":[{"href":"https:\/\/beta.hotel-royal-antibes.com\/es\/wp-json\/wp\/v2\/pages\/2567","targetHints":{"allow":["GET"]}}],"collection":[{"href":"https:\/\/beta.hotel-royal-antibes.com\/es\/wp-json\/wp\/v2\/pages"}],"about":[{"href":"https:\/\/beta.hotel-royal-antibes.com\/es\/wp-json\/wp\/v2\/types\/page"}],"author":[{"embeddable":true,"href":"https:\/\/beta.hotel-royal-antibes.com\/es\/wp-json\/wp\/v2\/users\/4"}],"replies":[{"embeddable":true,"href":"https:\/\/beta.hotel-royal-antibes.com\/es\/wp-json\/wp\/v2\/comments?post=2567"}],"version-history":[{"count":5,"href":"https:\/\/beta.hotel-royal-antibes.com\/es\/wp-json\/wp\/v2\/pages\/2567\/revisions"}],"predecessor-version":[{"id":7363,"href":"https:\/\/beta.hotel-royal-antibes.com\/es\/wp-json\/wp\/v2\/pages\/2567\/revisions\/7363"}],"wp:featuredmedia":[{"embeddable":true,"href":"https:\/\/beta.hotel-royal-antibes.com\/es\/wp-json\/wp\/v2\/media\/2569"}],"wp:attachment":[{"href":"https:\/\/beta.hotel-royal-antibes.com\/es\/wp-json\/wp\/v2\/media?parent=2567"}],"curies":[{"name":"wp","href":"https:\/\/api.w.org\/{rel}","templated":true}]}}