{"id":1404,"date":"2016-03-21T22:26:54","date_gmt":"2016-03-21T21:26:54","guid":{"rendered":"http:\/\/beta.hotel-royal-antibes.com\/en\/art-de-vivre\/"},"modified":"2022-05-04T17:56:25","modified_gmt":"2022-05-04T16:56:25","slug":"the-art-of-living","status":"publish","type":"page","link":"https:\/\/beta.hotel-royal-antibes.com\/en\/the-art-of-living\/","title":{"rendered":"The art of living"},"content":{"rendered":"<p>[vc_row][vc_column][rev_slider_vc alias=&#8221;slider-art-de-vivre&#8221;][\/vc_column][\/vc_row][vc_row][vc_column][vc_column_text]<\/p>\n<h1>The art of living<\/h1>\n<p>[\/vc_column_text][\/vc_column][\/vc_row][vc_row gap=&#8221;30&#8243;][vc_column width=&#8221;2\/3&#8243;][vc_column_text]<\/p>\n<h3>When in Antibes, do as the locals do\u2026<\/h3>\n<p>Antibes is not only a treasure trove, but also a town where life is lived to the rhythm of la Dolce Vita.<\/p>\n<p>The rising morning sun illuminates Fort Carr\u00e9 and the Picasso Museum. Don&#8217;t wait &#8211; enjoy your breakfast and wander aimlessly through the streets of the old town. Pop into an art gallery here, an artist&#8217;s studio there, or a souvenir shop across the way.<\/p>\n<p>Amble through the corridors of the Proven\u00e7al market and inhale the scents of spices and other natural Mediterranean products. Go ahead and buy those olives for cocktail hour. Why not stop in at the Absinthe Bar, a museum dedicated to this mysterious beverage?<\/p>\n<p>For breakfast, savour the dishes recommended by our Head Concierge.<\/p>\n<p>In the afternoon, depending on the time of year, you can sprawl on the private beach, relax at the ROYAL SPA, or head inland to the countryside around St Paul de Vence, Mougins, or even Grasse, the perfume capital.<\/p>\n<p>Choose your evening entertainment in the spirit of the moment &#8211; Antibes can match any type of mood.[\/vc_column_text][\/vc_column][vc_column width=&#8221;1\/3&#8243; el_class=&#8221;bg-gris-texture&#8221;][vc_column_text]<\/p>\n<p style=\"text-align: center;\"><img decoding=\"async\" class=\"alignnone size-full wp-image-1088\" src=\"http:\/\/beta.hotel-royal-antibes.com\/wp-content\/uploads\/2022\/05\/sonnette-noir.png\" alt=\"picto-big-concierge\" \/><\/p>\n<p style=\"text-align: center;\">Reception Service<br \/>\nOur team is available to serve you 7 days a week.<br \/>\nPlease feel free to ask for their help.<\/p>\n<p style=\"text-align: center;\"><a href=\"mailto:concierge@royal-antibes.com\">contact@royal-antibes.com<br \/>\n<\/a>Phone <a href=\"tel:+33 (0)4 83 61 91 91\">+33 (0)4 83 61 91 91<\/a><\/p>\n<p>[\/vc_column_text][\/vc_column][\/vc_row][vc_row][vc_column][vc_column_text]<ul class=\"pins-feed-list\"><li class=\"pins-feed-item\" style=\"width:100px;height:100px;\"><div class=\"pins-feed-myList\"><a href=\"https:\/\/www.pinterest.com\/pin\/7waPW0Sz\/\" target=\"_BLANK\" title=\" - Pinned on May 05, 2026\"><img decoding=\"async\" src=\"\" alt=\"\"\/><\/a><\/div><\/li><li class=\"pins-feed-item\" style=\"width:100px;height:100px;\"><div class=\"pins-feed-myList\"><a href=\"https:\/\/www.pinterest.com\/pin\/466544842631309562\/\" target=\"_BLANK\" title=\"Antibes ~ C\u00f4te d&#039;Azur ~ France - Pinned on Sep 08, 2016\"><img decoding=\"async\" src=\"https:\/\/i.pinimg.com\/236x\/5a\/67\/90\/5a67903402fe2881362bc3b4a459b756.jpg\" alt=\"Antibes ~ C\u00f4te d&#039;Azur ~ France\"\/><\/a><\/div><\/li><li class=\"pins-feed-item\" style=\"width:100px;height:100px;\"><div class=\"pins-feed-myList\"><a href=\"https:\/\/www.pinterest.com\/pin\/466544842630118873\/\" target=\"_BLANK\" title=\" - Pinned on Jun 22, 2016\"><img decoding=\"async\" src=\"https:\/\/i.pinimg.com\/236x\/92\/d8\/f0\/92d8f0f56565f68c9226b24cf5191be7.jpg\" alt=\"\"\/><\/a><\/div><\/li><li class=\"pins-feed-item\" style=\"width:100px;height:100px;\"><div class=\"pins-feed-myList\"><a href=\"https:\/\/www.pinterest.com\/pin\/466544842629761375\/\" target=\"_BLANK\" title=\"Picasso Museum, Antibes, France - Pinned on May 29, 2016\"><img decoding=\"async\" src=\"https:\/\/i.pinimg.com\/236x\/cc\/6b\/78\/cc6b78d2dfd9ebf19c2d5ad7e0bf1a90.jpg\" alt=\"Picasso Museum, Antibes, France\"\/><\/a><\/div><\/li><li class=\"pins-feed-item\" style=\"width:100px;height:100px;\"><div class=\"pins-feed-myList\"><a href=\"https:\/\/www.pinterest.com\/pin\/466544842629746913\/\" target=\"_BLANK\" title=\"Picasso museum Antibes - Pinned on May 28, 2016\"><img decoding=\"async\" src=\"https:\/\/i.pinimg.com\/236x\/7e\/20\/e5\/7e20e58107ed5511f37a1753b8da3a9f.jpg\" alt=\"Picasso museum Antibes\"\/><\/a><\/div><\/li><li class=\"pins-feed-item\" style=\"width:100px;height:100px;\"><div class=\"pins-feed-myList\"><a href=\"https:\/\/www.pinterest.com\/pin\/466544842629548806\/\" target=\"_BLANK\" title=\"Antibes, French Riviera, France Ailleurs communication, www.ailleurscommunication.fr Jeux-concours, voyages, trade marketing, publicit\u00e9, buzz, dotations - Pinned on May 14, 2016\"><img decoding=\"async\" src=\"https:\/\/i.pinimg.com\/236x\/e5\/8a\/55\/e58a5557effff619b6d84fa5fcb58a3c.jpg\" alt=\"Antibes, French Riviera, France Ailleurs communication, www.ailleurscommunication.fr Jeux-concours, voyages, trade marketing, publicit\u00e9, buzz, dotations\"\/><\/a><\/div><\/li><li class=\"pins-feed-item\" style=\"width:100px;height:100px;\"><div class=\"pins-feed-myList\"><a href=\"https:\/\/www.pinterest.com\/pin\/466544842629450461\/\" target=\"_BLANK\" title=\"Olives - March\u00e9 Proven\u00e7al - Antibes! Olives mes amours \u2661\u2661\u2661\u2661\u2661\u2661\u2661 - Pinned on May 07, 2016\"><img decoding=\"async\" src=\"https:\/\/i.pinimg.com\/236x\/72\/2e\/ab\/722eab11d0f6fe388fdc7e7809ad0082.jpg\" alt=\"Olives - March\u00e9 Proven\u00e7al - Antibes! Olives mes amours \u2661\u2661\u2661\u2661\u2661\u2661\u2661\"\/><\/a><\/div><\/li><li class=\"pins-feed-item\" style=\"width:100px;height:100px;\"><div class=\"pins-feed-myList\"><a href=\"https:\/\/www.pinterest.com\/pin\/466544842629450452\/\" target=\"_BLANK\" title=\"Antibes (French Rivera)  from the ramparts. by Nick_Payne, via Flickr #visitcotedazur #antibes Ailleurs communication, www.ailleurscommunication.fr Jeux-concours, voyages, trade marketing, publicit\u00e9, buzz, dotations - Pinned on May 07, 2016\"><img decoding=\"async\" src=\"https:\/\/i.pinimg.com\/236x\/53\/b0\/8a\/53b08ae4eebce484d6acc2d79695d0ab.jpg\" alt=\"Antibes (French Rivera)  from the ramparts. by Nick_Payne, via Flickr #visitcotedazur #antibes Ailleurs communication, www.ailleurscommunication.fr Jeux-concours, voyages, trade marketing, publicit\u00e9, buzz, dotations\"\/><\/a><\/div><\/li><li class=\"pins-feed-item\" style=\"width:100px;height:100px;\"><div class=\"pins-feed-myList\"><a href=\"https:\/\/www.pinterest.com\/pin\/466544842629098397\/\" target=\"_BLANK\" title=\"Affiches anciennes de France - Pinned on Apr 12, 2016\"><img decoding=\"async\" src=\"https:\/\/i.pinimg.com\/236x\/4a\/fc\/15\/4afc1583a33a1c8fa9d78f0934db58bd.jpg\" alt=\"Affiches anciennes de France\"\/><\/a><\/div><\/li><li class=\"pins-feed-item\" style=\"width:100px;height:100px;\"><div class=\"pins-feed-myList\"><a href=\"https:\/\/www.pinterest.com\/pin\/466544842629098381\/\" target=\"_BLANK\" title=\"ANTIBES, March\u00e9 proven\u00e7al, Cours Mass\u00e9na - Pinned on Apr 12, 2016\"><img decoding=\"async\" src=\"https:\/\/i.pinimg.com\/236x\/52\/15\/3a\/52153af42b501119f3e244fbaf2844e7.jpg\" alt=\"ANTIBES, March\u00e9 proven\u00e7al, Cours Mass\u00e9na\"\/><\/a><\/div><\/li><div class=\"pinsClear\"><\/div><\/ul><script type=\"text\/javascript\">jQuery(document).ready(function() {jQuery('.pins-feed-item img').nailthumb({width:100,height:100})}); <\/script><a href=\"http:\/\/pinterest.com\/royalantibes\/\" id=\"pins-feed-follow\" target=\"_blank\" class=\"followMed\" title=\"Follow Me on Pinterest\"><img decoding=\"async\" src=\"http:\/\/passets-cdn.pinterest.com\/images\/pinterest-button.png\" width=\"78\" height=\"26\" alt=\"Follow Me on Pinterest\" border=\"0\" \/><\/a>[\/vc_column_text][\/vc_column][\/vc_row][vc_row][vc_column][vc_column_text]<\/p>\n<div class=\"h1\" ><span style=\"font-size: 24px;\">See also<br \/>\n<\/span><\/div>\n<p>[\/vc_column_text][\/vc_column][\/vc_row][vc_row][vc_column][vc_basic_grid post_type=&#8221;ids&#8221; element_width=&#8221;3&#8243; gap=&#8221;10&#8243; item=&#8221;287&#8243; grid_id=&#8221;vc_gid:1651683104287-cc219450-8850-2&#8243; include=&#8221;1398, 1407, 1473, 357, 1401&#8243;][\/vc_column][\/vc_row]<\/p>\n","protected":false},"excerpt":{"rendered":"<p>[vc_row][vc_column][rev_slider_vc alias=&#8221;slider-art-de-vivre&#8221;][\/vc_column][\/vc_row][vc_row][vc_column][vc_column_text] The art of living [\/vc_column_text][\/vc_column][\/vc_row][vc_row gap=&#8221;30&#8243;][vc_column width=&#8221;2\/3&#8243;][vc_column_text] When in Antibes, do as the locals do\u2026 Antibes is not only a treasure trove, but also a town where life is lived to the rhythm of la Dolce Vita. The rising morning sun illuminates Fort Carr\u00e9 and the Picasso Museum. Don&#8217;t wait &#8211; enjoy your [&hellip;]<\/p>\n","protected":false},"author":4,"featured_media":363,"parent":0,"menu_order":0,"comment_status":"closed","ping_status":"closed","template":"","meta":{"_acf_changed":false,"footnotes":""},"class_list":["post-1404","page","type-page","status-publish","has-post-thumbnail","hentry"],"acf":[],"yoast_head":"<!-- This site is optimized with the Yoast SEO plugin v26.9 - https:\/\/yoast.com\/product\/yoast-seo-wordpress\/ -->\n<title>The art of living in Antibes: sun, museums, and private beaches<\/title>\n<meta name=\"description\" content=\"Amble through the streets of Antibes and uncover the treasures to be found here: sandy beaches, Fort Carr\u00e9, the Picasso Museum, the Proven\u00e7al Market, the battlements, and St. Paul de Vence and its art galleries.\" \/>\n<meta name=\"robots\" content=\"index, follow, max-snippet:-1, max-image-preview:large, max-video-preview:-1\" \/>\n<link rel=\"canonical\" href=\"https:\/\/beta.hotel-royal-antibes.com\/en\/the-art-of-living\/\" \/>\n<meta property=\"og:locale\" content=\"en_US\" \/>\n<meta property=\"og:type\" content=\"article\" \/>\n<meta property=\"og:title\" content=\"The art of living in Antibes: sun, museums, and private beaches\" \/>\n<meta property=\"og:description\" content=\"Amble through the streets of Antibes and uncover the treasures to be found here: sandy beaches, Fort Carr\u00e9, the Picasso Museum, the Proven\u00e7al Market, the battlements, and St. Paul de Vence and its art galleries.\" \/>\n<meta property=\"og:url\" content=\"https:\/\/beta.hotel-royal-antibes.com\/en\/the-art-of-living\/\" \/>\n<meta property=\"og:site_name\" content=\"Royal Antibes\" \/>\n<meta property=\"article:modified_time\" content=\"2022-05-04T16:56:25+00:00\" \/>\n<meta property=\"og:image\" content=\"https:\/\/beta.hotel-royal-antibes.com\/wp-content\/uploads\/2016\/03\/slider-art-de-vivre.jpg\" \/>\n\t<meta property=\"og:image:width\" content=\"1903\" \/>\n\t<meta property=\"og:image:height\" content=\"890\" \/>\n\t<meta property=\"og:image:type\" content=\"image\/jpeg\" \/>\n<meta name=\"twitter:card\" content=\"summary_large_image\" \/>\n<meta name=\"twitter:label1\" content=\"Est. reading time\" \/>\n\t<meta name=\"twitter:data1\" content=\"2 minutes\" \/>\n<script type=\"application\/ld+json\" class=\"yoast-schema-graph\">{\"@context\":\"https:\/\/schema.org\",\"@graph\":[{\"@type\":\"WebPage\",\"@id\":\"https:\/\/beta.hotel-royal-antibes.com\/en\/the-art-of-living\/\",\"url\":\"https:\/\/beta.hotel-royal-antibes.com\/en\/the-art-of-living\/\",\"name\":\"The art of living in Antibes: sun, museums, and private beaches\",\"isPartOf\":{\"@id\":\"https:\/\/beta.hotel-royal-antibes.com\/en\/#website\"},\"primaryImageOfPage\":{\"@id\":\"https:\/\/beta.hotel-royal-antibes.com\/en\/the-art-of-living\/#primaryimage\"},\"image\":{\"@id\":\"https:\/\/beta.hotel-royal-antibes.com\/en\/the-art-of-living\/#primaryimage\"},\"thumbnailUrl\":\"https:\/\/beta.hotel-royal-antibes.com\/wp-content\/uploads\/2016\/03\/slider-art-de-vivre.jpg\",\"datePublished\":\"2016-03-21T21:26:54+00:00\",\"dateModified\":\"2022-05-04T16:56:25+00:00\",\"description\":\"Amble through the streets of Antibes and uncover the treasures to be found here: sandy beaches, Fort Carr\u00e9, the Picasso Museum, the Proven\u00e7al Market, the battlements, and St. Paul de Vence and its art galleries.\",\"breadcrumb\":{\"@id\":\"https:\/\/beta.hotel-royal-antibes.com\/en\/the-art-of-living\/#breadcrumb\"},\"inLanguage\":\"en-US\",\"potentialAction\":[{\"@type\":\"ReadAction\",\"target\":[\"https:\/\/beta.hotel-royal-antibes.com\/en\/the-art-of-living\/\"]}]},{\"@type\":\"ImageObject\",\"inLanguage\":\"en-US\",\"@id\":\"https:\/\/beta.hotel-royal-antibes.com\/en\/the-art-of-living\/#primaryimage\",\"url\":\"https:\/\/beta.hotel-royal-antibes.com\/wp-content\/uploads\/2016\/03\/slider-art-de-vivre.jpg\",\"contentUrl\":\"https:\/\/beta.hotel-royal-antibes.com\/wp-content\/uploads\/2016\/03\/slider-art-de-vivre.jpg\",\"width\":1903,\"height\":890},{\"@type\":\"BreadcrumbList\",\"@id\":\"https:\/\/beta.hotel-royal-antibes.com\/en\/the-art-of-living\/#breadcrumb\",\"itemListElement\":[{\"@type\":\"ListItem\",\"position\":1,\"name\":\"Hotel Royal Antibes\",\"item\":\"https:\/\/beta.hotel-royal-antibes.com\/en\/\"},{\"@type\":\"ListItem\",\"position\":2,\"name\":\"The art of living\"}]},{\"@type\":\"WebSite\",\"@id\":\"https:\/\/beta.hotel-royal-antibes.com\/en\/#website\",\"url\":\"https:\/\/beta.hotel-royal-antibes.com\/en\/\",\"name\":\"Royal Antibes\",\"description\":\"Luxury hotel in Antibes on French Riviera\",\"potentialAction\":[{\"@type\":\"SearchAction\",\"target\":{\"@type\":\"EntryPoint\",\"urlTemplate\":\"https:\/\/beta.hotel-royal-antibes.com\/en\/?s={search_term_string}\"},\"query-input\":{\"@type\":\"PropertyValueSpecification\",\"valueRequired\":true,\"valueName\":\"search_term_string\"}}],\"inLanguage\":\"en-US\"}]}<\/script>\n<!-- \/ Yoast SEO plugin. -->","yoast_head_json":{"title":"The art of living in Antibes: sun, museums, and private beaches","description":"Amble through the streets of Antibes and uncover the treasures to be found here: sandy beaches, Fort Carr\u00e9, the Picasso Museum, the Proven\u00e7al Market, the battlements, and St. Paul de Vence and its art galleries.","robots":{"index":"index","follow":"follow","max-snippet":"max-snippet:-1","max-image-preview":"max-image-preview:large","max-video-preview":"max-video-preview:-1"},"canonical":"https:\/\/beta.hotel-royal-antibes.com\/en\/the-art-of-living\/","og_locale":"en_US","og_type":"article","og_title":"The art of living in Antibes: sun, museums, and private beaches","og_description":"Amble through the streets of Antibes and uncover the treasures to be found here: sandy beaches, Fort Carr\u00e9, the Picasso Museum, the Proven\u00e7al Market, the battlements, and St. Paul de Vence and its art galleries.","og_url":"https:\/\/beta.hotel-royal-antibes.com\/en\/the-art-of-living\/","og_site_name":"Royal Antibes","article_modified_time":"2022-05-04T16:56:25+00:00","og_image":[{"width":1903,"height":890,"url":"https:\/\/beta.hotel-royal-antibes.com\/wp-content\/uploads\/2016\/03\/slider-art-de-vivre.jpg","type":"image\/jpeg"}],"twitter_card":"summary_large_image","twitter_misc":{"Est. reading time":"2 minutes"},"schema":{"@context":"https:\/\/schema.org","@graph":[{"@type":"WebPage","@id":"https:\/\/beta.hotel-royal-antibes.com\/en\/the-art-of-living\/","url":"https:\/\/beta.hotel-royal-antibes.com\/en\/the-art-of-living\/","name":"The art of living in Antibes: sun, museums, and private beaches","isPartOf":{"@id":"https:\/\/beta.hotel-royal-antibes.com\/en\/#website"},"primaryImageOfPage":{"@id":"https:\/\/beta.hotel-royal-antibes.com\/en\/the-art-of-living\/#primaryimage"},"image":{"@id":"https:\/\/beta.hotel-royal-antibes.com\/en\/the-art-of-living\/#primaryimage"},"thumbnailUrl":"https:\/\/beta.hotel-royal-antibes.com\/wp-content\/uploads\/2016\/03\/slider-art-de-vivre.jpg","datePublished":"2016-03-21T21:26:54+00:00","dateModified":"2022-05-04T16:56:25+00:00","description":"Amble through the streets of Antibes and uncover the treasures to be found here: sandy beaches, Fort Carr\u00e9, the Picasso Museum, the Proven\u00e7al Market, the battlements, and St. Paul de Vence and its art galleries.","breadcrumb":{"@id":"https:\/\/beta.hotel-royal-antibes.com\/en\/the-art-of-living\/#breadcrumb"},"inLanguage":"en-US","potentialAction":[{"@type":"ReadAction","target":["https:\/\/beta.hotel-royal-antibes.com\/en\/the-art-of-living\/"]}]},{"@type":"ImageObject","inLanguage":"en-US","@id":"https:\/\/beta.hotel-royal-antibes.com\/en\/the-art-of-living\/#primaryimage","url":"https:\/\/beta.hotel-royal-antibes.com\/wp-content\/uploads\/2016\/03\/slider-art-de-vivre.jpg","contentUrl":"https:\/\/beta.hotel-royal-antibes.com\/wp-content\/uploads\/2016\/03\/slider-art-de-vivre.jpg","width":1903,"height":890},{"@type":"BreadcrumbList","@id":"https:\/\/beta.hotel-royal-antibes.com\/en\/the-art-of-living\/#breadcrumb","itemListElement":[{"@type":"ListItem","position":1,"name":"Hotel Royal Antibes","item":"https:\/\/beta.hotel-royal-antibes.com\/en\/"},{"@type":"ListItem","position":2,"name":"The art of living"}]},{"@type":"WebSite","@id":"https:\/\/beta.hotel-royal-antibes.com\/en\/#website","url":"https:\/\/beta.hotel-royal-antibes.com\/en\/","name":"Royal Antibes","description":"Luxury hotel in Antibes on French Riviera","potentialAction":[{"@type":"SearchAction","target":{"@type":"EntryPoint","urlTemplate":"https:\/\/beta.hotel-royal-antibes.com\/en\/?s={search_term_string}"},"query-input":{"@type":"PropertyValueSpecification","valueRequired":true,"valueName":"search_term_string"}}],"inLanguage":"en-US"}]}},"_links":{"self":[{"href":"https:\/\/beta.hotel-royal-antibes.com\/en\/wp-json\/wp\/v2\/pages\/1404","targetHints":{"allow":["GET"]}}],"collection":[{"href":"https:\/\/beta.hotel-royal-antibes.com\/en\/wp-json\/wp\/v2\/pages"}],"about":[{"href":"https:\/\/beta.hotel-royal-antibes.com\/en\/wp-json\/wp\/v2\/types\/page"}],"author":[{"embeddable":true,"href":"https:\/\/beta.hotel-royal-antibes.com\/en\/wp-json\/wp\/v2\/users\/4"}],"replies":[{"embeddable":true,"href":"https:\/\/beta.hotel-royal-antibes.com\/en\/wp-json\/wp\/v2\/comments?post=1404"}],"version-history":[{"count":3,"href":"https:\/\/beta.hotel-royal-antibes.com\/en\/wp-json\/wp\/v2\/pages\/1404\/revisions"}],"predecessor-version":[{"id":7345,"href":"https:\/\/beta.hotel-royal-antibes.com\/en\/wp-json\/wp\/v2\/pages\/1404\/revisions\/7345"}],"wp:featuredmedia":[{"embeddable":true,"href":"https:\/\/beta.hotel-royal-antibes.com\/en\/wp-json\/wp\/v2\/media\/363"}],"wp:attachment":[{"href":"https:\/\/beta.hotel-royal-antibes.com\/en\/wp-json\/wp\/v2\/media?parent=1404"}],"curies":[{"name":"wp","href":"https:\/\/api.w.org\/{rel}","templated":true}]}}